{"id":17040,"date":"2022-11-09T15:51:54","date_gmt":"2022-11-09T13:51:54","guid":{"rendered":"https:\/\/andyschleckcycles.lu\/products\/uncategorized\/bontrager-velocis-mips-helmet\/"},"modified":"2024-10-28T16:08:10","modified_gmt":"2024-10-28T14:08:10","slug":"casque-bontrager-velocis-mips","status":"publish","type":"product","link":"https:\/\/andyschleckcycles.lu\/fr\/produits\/accessoires-pour-velos\/casques\/casque-bontrager-velocis-mips\/","title":{"rendered":"Casque Bontrager Velocis MIPS"},"content":{"rendered":"<p>Casque Bontrager Velocis MIPS<\/p>\n<p>Le Velocis a r\u00e9gn\u00e9 sur la cat\u00e9gorie route pendant des ann\u00e9es gr\u00e2ce \u00e0 sa coupe confortable, son poids incroyablement l\u00e9ger et ses capacit\u00e9s de refroidissement impressionnantes. Les nouvelles fonctionnalit\u00e9s sont s\u00fbres de cr\u00e9er de l'int\u00e9r\u00eat m\u00eame en dehors de la cat\u00e9gorie route, faisant du Velocis MIPS un produit phare \u00e0 stocker absolument.<\/p>\n<p>Le nouveau design est l\u00e9g\u00e8rement plus profond que la version pr\u00e9c\u00e9dente, offrant une protection suppl\u00e9mentaire contre les accidents dans des zones cruciales telles que l'arri\u00e8re de la t\u00eate, en plus d'un ajustement plus confortable. Les performances a\u00e9rodynamiques b\u00e9n\u00e9ficient \u00e9galement du nouveau design, et la soufflerie confirme un profil de r\u00e9duction du vent qui rivalise m\u00eame avec les casques a\u00e9rodynamiques d\u00e9di\u00e9s. Les canaux internes encastr\u00e9s assurent un bon refroidissement, ce qui fait du Velocis MIPS le choix id\u00e9al pour les longues sorties d'entra\u00eenement et les journ\u00e9es de course par temps chaud.<\/p>\n<p>Le syst\u00e8me MIPS (Multi-directional Impact Protection System), une technologie d\u00e9velopp\u00e9e par des chirurgiens et des scientifiques pour prot\u00e9ger votre cerveau des impacts obliques typiques des chutes r\u00e9elles, a pris d'assaut le monde des sports d'action gr\u00e2ce \u00e0 sa conception efficace et abordable. Les pilotes s\u00e9rieux ont besoin d'une protection s\u00e9rieuse, c'est pourquoi le syst\u00e8me MIPS est d\u00e9sormais standard sur les Velocis.<\/p>\n<p>Un tout nouveau syst\u00e8me de fermeture de casque Boa permet aux cyclistes d'ajuster facilement l'ajustement d'une seule main et fournit plus de degr\u00e9s d'ajustement pour un ajustement pr\u00e9cis. Boa a \u00e9t\u00e9 un ajout incroyablement r\u00e9ussi \u00e0 la ligne de chaussures de Bontrager, et nous savons qu'il fera \u00e9galement des vagues sur le march\u00e9 des casques en arrivant sur les \u00e9tag\u00e8res avec le Velocis MIPS.<\/p>\n<p>Des caract\u00e9ristiques pratiques telles que des coussinets d'ajustement 37.5 qui \u00e9vacuent l'humidit\u00e9, un NeoVisor amovible qui offre les avantages d'une casquette de cycliste sans l'encombrement et un nouveau port de lunettes de soleil pour un rangement s\u00fbr des lunettes compl\u00e8tent un produit de premi\u00e8re qualit\u00e9 avec des performances de peloton professionnel et un confort de conduite tout au long de la journ\u00e9e.<\/p>\n<p>- Syst\u00e8me de protection c\u00e9r\u00e9brale MIPS<br \/>\n- Le syst\u00e8me de fermeture Boa permet de fixer et d'ajuster le casque d'une seule main.<br \/>\n- Des canaux internes encastr\u00e9s font circuler l'air au-dessus de votre t\u00eate pour rester au frais et au sec.<br \/>\n- Les coussinets de 37,5 cm \u00e9loignent l'humidit\u00e9 de la peau pour maintenir un confort id\u00e9al.<br \/>\n- Le port pour lunettes de soleil permet d'acc\u00e9der facilement aux lunettes et de les ranger en toute s\u00e9curit\u00e9 lorsqu'elles ne sont pas utilis\u00e9es.<br \/>\n- Comprend une visi\u00e8re NeoVisor amovible pour tous les avantages d'une casquette de cycliste sans encombrement suppl\u00e9mentaire.<br \/>\n- La garantie de remplacement en cas d'accident pr\u00e9voit le remplacement gratuit du casque en cas d'accident au cours de la premi\u00e8re ann\u00e9e d'utilisation.<\/p>","protected":false},"excerpt":{"rendered":"<p>Le Velocis a r\u00e9gn\u00e9 sur la cat\u00e9gorie route pendant des ann\u00e9es gr\u00e2ce \u00e0 sa coupe confortable, son poids incroyablement l\u00e9ger et ses capacit\u00e9s de refroidissement impressionnantes. Les nouvelles caract\u00e9ristiques sont s\u00fbres de cr\u00e9er de l'int\u00e9r\u00eat m\u00eame en dehors de la cat\u00e9gorie route, ce qui fait du Velocis MIPS un produit encore plus incontournable f ....<\/p>","protected":false},"featured_media":0,"template":"","meta":[],"product_brand":[],"product_cat":[397],"product_tag":[],"class_list":{"0":"post-17040","1":"product","2":"type-product","3":"status-publish","5":"product_cat-helmets","8":"outofstock","9":"taxable","10":"shipping-taxable","11":"purchasable","12":"product-type-variable","13":"has-default-attributes","14":"rtwpvg-product"},"_links":{"self":[{"href":"https:\/\/andyschleckcycles.lu\/fr\/wp-json\/wp\/v2\/product\/17040","targetHints":{"allow":["GET"]}}],"collection":[{"href":"https:\/\/andyschleckcycles.lu\/fr\/wp-json\/wp\/v2\/product"}],"about":[{"href":"https:\/\/andyschleckcycles.lu\/fr\/wp-json\/wp\/v2\/types\/product"}],"wp:attachment":[{"href":"https:\/\/andyschleckcycles.lu\/fr\/wp-json\/wp\/v2\/media?parent=17040"}],"wp:term":[{"taxonomy":"product_brand","embeddable":true,"href":"https:\/\/andyschleckcycles.lu\/fr\/wp-json\/wp\/v2\/product_brand?post=17040"},{"taxonomy":"product_cat","embeddable":true,"href":"https:\/\/andyschleckcycles.lu\/fr\/wp-json\/wp\/v2\/product_cat?post=17040"},{"taxonomy":"product_tag","embeddable":true,"href":"https:\/\/andyschleckcycles.lu\/fr\/wp-json\/wp\/v2\/product_tag?post=17040"}],"curies":[{"name":"wp","href":"https:\/\/api.w.org\/{rel}","templated":true}]}}