{"id":5530,"date":"2022-08-25T22:06:29","date_gmt":"2022-08-25T22:06:29","guid":{"rendered":"https:\/\/andyschleckcycles.lu\/?page_id=5530"},"modified":"2023-01-13T12:02:32","modified_gmt":"2023-01-13T10:02:32","slug":"trek-projectone","status":"publish","type":"page","link":"https:\/\/andyschleckcycles.lu\/fr\/prestations-de-service\/trek-projectone\/","title":{"rendered":"TREK ProjectOne"},"content":{"rendered":"<div data-elementor-type=\"wp-page\" data-elementor-id=\"5530\" class=\"elementor elementor-5530\" data-elementor-post-type=\"page\">\n\t\t\t\t\t\t<section class=\"elementor-section elementor-top-section elementor-element elementor-element-13f48f96 elementor-section-stretched elementor-section-boxed elementor-section-height-default elementor-section-height-default\" data-id=\"13f48f96\" data-element_type=\"section\" data-settings=\"{&quot;background_background&quot;:&quot;video&quot;,&quot;background_video_link&quot;:&quot;https:\\\/\\\/www.youtube.com\\\/watch?v=CVMYEc9XDr4&quot;,&quot;stretch_section&quot;:&quot;section-stretched&quot;,&quot;background_play_on_mobile&quot;:&quot;yes&quot;}\">\n\t\t\t\t\t\t\t\t<div class=\"elementor-background-video-container\" aria-hidden=\"true\">\n\t\t\t\t\t\t\t\t\t\t\t\t\t<div class=\"elementor-background-video-embed\"><\/div>\n\t\t\t\t\t\t\t\t\t\t\t\t<\/div>\n\t\t\t\t\t\t\t\t<div class=\"elementor-container elementor-column-gap-default\">\n\t\t\t\t\t<div class=\"elementor-column elementor-col-100 elementor-top-column elementor-element elementor-element-380daf37\" data-id=\"380daf37\" data-element_type=\"column\">\n\t\t\t<div class=\"elementor-widget-wrap\">\n\t\t\t\t\t\t\t<\/div>\n\t\t<\/div>\n\t\t\t\t\t<\/div>\n\t\t<\/section>\n\t\t\t\t<section class=\"elementor-section elementor-top-section elementor-element elementor-element-2641a16 elementor-section-boxed elementor-section-height-default elementor-section-height-default\" data-id=\"2641a16\" data-element_type=\"section\" data-settings=\"{&quot;background_background&quot;:&quot;video&quot;}\">\n\t\t\t\t\t\t<div class=\"elementor-container elementor-column-gap-default\">\n\t\t\t\t\t<div class=\"elementor-column elementor-col-100 elementor-top-column elementor-element elementor-element-5b628aa\" data-id=\"5b628aa\" data-element_type=\"column\">\n\t\t\t<div class=\"elementor-widget-wrap elementor-element-populated\">\n\t\t\t\t\t\t<div class=\"elementor-element elementor-element-39daae8 elementor-drop-cap-yes elementor-drop-cap-view-default elementor-widget elementor-widget-text-editor\" data-id=\"39daae8\" data-element_type=\"widget\" data-settings=\"{&quot;drop_cap&quot;:&quot;yes&quot;}\" data-widget_type=\"text-editor.default\">\n\t\t\t\t\t\t\t\t\t<p><div class=\"wp-block-image\"><\/p>\n<figure class=\"aligncenter size-large\"><img fetchpriority=\"high\" decoding=\"async\" class=\"alignnone wp-image-10550 size-full\" src=\"https:\/\/andyschleckcycles.lu\/wp-content\/uploads\/2022\/10\/trek-project-one-branding_1024x1024.jpg\" alt=\"\" width=\"1024\" height=\"230\" title=\"\"><\/figure>\n<div class=\"wp-block-uagb-advanced-heading uagb-block-c3d5acba-760a-4e1b-b5cd-543be8dbce3e\">\n<h1 class=\"uagb-heading-text\">V\u00e9los TREK Personnalis\u00e9s Project One<\/h1>\n<div>\u00a0<\/div>\n<\/div>\n<p><\/div><\/p>\n<p>Tous les cyclistes sont diff\u00e9rents. Leur v\u00e9lo devrait l\u2019\u00eatre \u00e9galement.<\/p>\n<p>\u00a0<\/p>\n<p>Avec Project One, vous pouvez lib\u00e9rer votre expression personnelle o\u00f9 que vous alliez avec des teintes qui racontent une histoire et correspondent parfaitement \u00e0 votre style. Que vous soyez un cycliste subtil et \u00e9l\u00e9gant ou que vous aimiez adopter une approche \u00abplus c&#039;est plus\u00bb, il existe un programme Project One pour vous. Personnalisez votre v\u00e9hicule de r\u00eave avec des composants de pointe et une palette apparemment infinie de couleurs haut de gamme, ainsi que des sch\u00e9mas de peinture imagin\u00e9s par les designers les plus cr\u00e9atifs de l&#039;industrie du v\u00e9lo. Notre \u00e9quipe de ma\u00eetres artistes et constructeurs est pr\u00eate \u00e0 transformer vos id\u00e9es les plus folles en r\u00e9alit\u00e9.<\/p>\n<p>\u00a0<\/p>\n<p>Il est temps de r\u00e9aliser vos r\u00eaves avec Project One.<\/p>\n<p>\u00a0<\/p>\n<p>Personnalisez votre v\u00e9lo en seulement trois \u00e9tapes.<\/p>\n<p><\/p>\n<p><\/p>\t\t\t\t\t\t\t\t<\/div>\n\t\t\t\t<div class=\"elementor-element elementor-element-ecddfd1 elementor-widget__width-initial elementor-position-top elementor-widget elementor-widget-image-box\" data-id=\"ecddfd1\" data-element_type=\"widget\" data-widget_type=\"image-box.default\">\n\t\t\t\t\t<div class=\"elementor-image-box-wrapper\"><figure class=\"elementor-image-box-img\"><img decoding=\"async\" width=\"317\" height=\"238\" src=\"https:\/\/andyschleckcycles.lu\/wp-content\/uploads\/2023\/01\/Choose-Your-Model-1.jpg\" class=\"attachment-full size-full wp-image-18178\" alt=\"\" title=\"\"><\/figure><div class=\"elementor-image-box-content\"><h3 class=\"elementor-image-box-title\">Optez pour l\u2019un de nos mod\u00e8les les plus appr\u00e9ci\u00e9s pour le personnaliser.<\/h3><p class=\"elementor-image-box-description\">Choisissez l&#039;un de nos mod\u00e8les les plus appr\u00e9ci\u00e9s \u00e0 personnaliser.<\/p><\/div><\/div>\t\t\t\t<\/div>\n\t\t\t\t<div class=\"elementor-element elementor-element-f696de4 elementor-widget__width-initial elementor-position-top elementor-widget elementor-widget-image-box\" data-id=\"f696de4\" data-element_type=\"widget\" data-widget_type=\"image-box.default\">\n\t\t\t\t\t<div class=\"elementor-image-box-wrapper\"><figure class=\"elementor-image-box-img\"><img decoding=\"async\" width=\"317\" height=\"238\" src=\"https:\/\/andyschleckcycles.lu\/wp-content\/uploads\/2023\/01\/Choose-Your-Paint.jpg\" class=\"attachment-medium size-medium wp-image-18170\" alt=\"\" title=\"\"><\/figure><div class=\"elementor-image-box-content\"><h3 class=\"elementor-image-box-title\">Choisissez votre peinture<\/h3><p class=\"elementor-image-box-description\">Faites votre choix parmi des milliers de couleurs et de motifs.<\/p><\/div><\/div>\t\t\t\t<\/div>\n\t\t\t\t<div class=\"elementor-element elementor-element-27a2aa7 elementor-widget__width-initial elementor-position-top elementor-widget elementor-widget-image-box\" data-id=\"27a2aa7\" data-element_type=\"widget\" data-widget_type=\"image-box.default\">\n\t\t\t\t\t<div class=\"elementor-image-box-wrapper\"><figure class=\"elementor-image-box-img\"><img loading=\"lazy\" decoding=\"async\" width=\"320\" height=\"238\" src=\"https:\/\/andyschleckcycles.lu\/wp-content\/uploads\/2023\/01\/Choose-Your-Parts-1.jpg\" class=\"attachment-full size-full wp-image-18179\" alt=\"\" title=\"\"><\/figure><div class=\"elementor-image-box-content\"><h3 class=\"elementor-image-box-title\">Choisissez vos pi\u00e8ces<\/h3><p class=\"elementor-image-box-description\"><span style=\"font-family: Calibri, sans-serif;font-size: 11pt;text-align: start;white-space: normal\">S\u00e9lectionnez chaque composant ou choisissez une construction personnalis\u00e9e.<\/span><\/p><\/div><\/div>\t\t\t\t<\/div>\n\t\t\t\t<div class=\"elementor-element elementor-element-1ea80ea elementor-align-center elementor-widget elementor-widget-button\" data-id=\"1ea80ea\" data-element_type=\"widget\" data-widget_type=\"button.default\">\n\t\t\t\t\t\t\t\t\t\t<a class=\"elementor-button elementor-button-link elementor-size-sm\" href=\"https:\/\/www.trekbikes.com\/gb\/en_GB\/project-one\/\" target=\"_blank\" rel=\"nofollow noopener\">\n\t\t\t\t\t\t<span class=\"elementor-button-content-wrapper\">\n\t\t\t\t\t\t\t\t\t<span class=\"elementor-button-text\">Plus d\u2019informations<\/span>\n\t\t\t\t\t<\/span>\n\t\t\t\t\t<\/a>\n\t\t\t\t\t\t\t\t<\/div>\n\t\t\t\t\t<\/div>\n\t\t<\/div>\n\t\t\t\t\t<\/div>\n\t\t<\/section>\n\t\t\t\t<\/div>","protected":false},"excerpt":{"rendered":"<p>Everyone who rides is unique. Their bike should be, too. \u00a0 With Project One, you can unleash your self-expression wherever you roll with hues that tell a story and perfectly match your style. Whether you\u2019re a subtle and sleek rider or like to saddle up with a \u201cmore is more\u201d approach, there\u2019s a Project One &hellip; <a href=\"https:\/\/andyschleckcycles.lu\/fr\/prestations-de-service\/trek-projectone\/\" class=\"more-link\">continuer la lecture <span class=\"screen-reader-text\">TREK ProjectOne<\/span><\/a><\/p>","protected":false},"author":1,"featured_media":0,"parent":4483,"menu_order":0,"comment_status":"closed","ping_status":"closed","template":"","meta":{"footnotes":""},"folder":[],"class_list":["post-5530","page","type-page","status-publish","hentry"],"_links":{"self":[{"href":"https:\/\/andyschleckcycles.lu\/fr\/wp-json\/wp\/v2\/pages\/5530","targetHints":{"allow":["GET"]}}],"collection":[{"href":"https:\/\/andyschleckcycles.lu\/fr\/wp-json\/wp\/v2\/pages"}],"about":[{"href":"https:\/\/andyschleckcycles.lu\/fr\/wp-json\/wp\/v2\/types\/page"}],"author":[{"embeddable":true,"href":"https:\/\/andyschleckcycles.lu\/fr\/wp-json\/wp\/v2\/users\/1"}],"replies":[{"embeddable":true,"href":"https:\/\/andyschleckcycles.lu\/fr\/wp-json\/wp\/v2\/comments?post=5530"}],"version-history":[{"count":106,"href":"https:\/\/andyschleckcycles.lu\/fr\/wp-json\/wp\/v2\/pages\/5530\/revisions"}],"predecessor-version":[{"id":25198,"href":"https:\/\/andyschleckcycles.lu\/fr\/wp-json\/wp\/v2\/pages\/5530\/revisions\/25198"}],"up":[{"embeddable":true,"href":"https:\/\/andyschleckcycles.lu\/fr\/wp-json\/wp\/v2\/pages\/4483"}],"wp:attachment":[{"href":"https:\/\/andyschleckcycles.lu\/fr\/wp-json\/wp\/v2\/media?parent=5530"}],"wp:term":[{"taxonomy":"folder","embeddable":true,"href":"https:\/\/andyschleckcycles.lu\/fr\/wp-json\/wp\/v2\/folder?post=5530"}],"curies":[{"name":"wp","href":"https:\/\/api.w.org\/{rel}","templated":true}]}}