{"id":5523,"date":"2022-08-25T22:04:43","date_gmt":"2022-08-25T22:04:43","guid":{"rendered":"https:\/\/andyschleckcycles.lu\/?page_id=5523"},"modified":"2025-05-19T02:19:37","modified_gmt":"2025-05-19T00:19:37","slug":"sacoche-de-voyage-pour-velo","status":"publish","type":"page","link":"https:\/\/andyschleckcycles.lu\/fr\/prestations-de-service\/sacoche-de-voyage-pour-velo\/","title":{"rendered":"Sac de voyage pour v\u00e9lo"},"content":{"rendered":"<div data-elementor-type=\"wp-page\" data-elementor-id=\"5523\" class=\"elementor elementor-5523\" data-elementor-post-type=\"page\">\n\t\t\t\t\t\t<section class=\"elementor-section elementor-top-section elementor-element elementor-element-4d7209a9 elementor-section-boxed elementor-section-height-default elementor-section-height-default\" data-id=\"4d7209a9\" data-element_type=\"section\">\n\t\t\t\t\t\t<div class=\"elementor-container elementor-column-gap-default\">\n\t\t\t\t\t<div class=\"elementor-column elementor-col-100 elementor-top-column elementor-element elementor-element-70361df5\" data-id=\"70361df5\" data-element_type=\"column\">\n\t\t\t<div class=\"elementor-widget-wrap elementor-element-populated\">\n\t\t\t\t\t\t<div class=\"elementor-element elementor-element-12874a6a elementor-widget elementor-widget-text-editor\" data-id=\"12874a6a\" data-element_type=\"widget\" data-widget_type=\"text-editor.default\">\n\t\t\t\t\t\t\t\t\t<h1>Sac de transport de v\u00e9lo<\/h1>\n<p>La housse de transport v\u00e9lo est le meilleur moyen de transporter votre v\u00e9lo en avion.<\/p>\n<p>&nbsp;<\/p>\n<p>Nous mettons \u00e0 la disposition des cyclistes des housses de transport en location. Contactez-nous pour r\u00e9server une housse de v\u00e9lo !<\/p>\n<h2><strong>Tarif<\/strong><\/h2>\n<p>&nbsp;<\/p>\n<p>Caution : 500 \u20ac<\/p>\n<ul>\n<li>De 1 \u00e0 10 jours \u2013 75\u20ac<\/li>\n<li>De 11 \u00e0 17 jours \u2013 115\u20ac<\/li>\n<li>Par jour suppl\u00e9mentaire : 10\u20ac<\/li>\n<\/ul>\n<h2>Caract\u00e9ristiques<\/h2>\n<ul>\n<li>Mod\u00e8le : Sac de voyage pour v\u00e9lo Aeroconfort 3.0 TSA<\/li>\n<li>Poids - 8 kg<\/li>\n<li>Mat\u00e9riau \u2013 SCICON D-TEX860\u2122<\/li>\n<li>Dimensions ext\u00e9rieures \u2013 109 x 103 x 50 cm<\/li>\n<li>Dimensions int\u00e9rieures - 104 x 93 x 23 cm<\/li>\n<li>Fermeture \u2013 Fermeture \u00e9clair auto-cicatrisante<\/li>\n<\/ul>\t\t\t\t\t\t\t\t<\/div>\n\t\t\t\t<div class=\"elementor-element elementor-element-bf6ad74 elementor-widget elementor-widget-video\" data-id=\"bf6ad74\" data-element_type=\"widget\" data-settings=\"{&quot;youtube_url&quot;:&quot;https:\\\/\\\/youtu.be\\\/Jhngw8-CtAA&quot;,&quot;yt_privacy&quot;:&quot;yes&quot;,&quot;lazy_load&quot;:&quot;yes&quot;,&quot;video_type&quot;:&quot;youtube&quot;}\" data-widget_type=\"video.default\">\n\t\t\t\t\t\t\t<div class=\"elementor-wrapper elementor-open-inline\">\n\t\t\t<div class=\"elementor-video\"><\/div>\t\t<\/div>\n\t\t\t\t\t\t<\/div>\n\t\t\t\t\t<\/div>\n\t\t<\/div>\n\t\t\t\t\t<\/div>\n\t\t<\/section>\n\t\t\t\t<\/div>","protected":false},"excerpt":{"rendered":"<p>Bike Transport Bag The bike transport cover is the best way to transport your bike by plane. &nbsp; We provide cyclists with transport covers for hire. Contact us to book a bike cover! Tariff &nbsp; Deposit: 500 \u20ac From 1 to 10 days &#8211; 75\u20ac From 11 to 17 days &#8211; 115\u20ac Per additional day: &hellip; <a href=\"https:\/\/andyschleckcycles.lu\/fr\/prestations-de-service\/sacoche-de-voyage-pour-velo\/\" class=\"more-link\">continuer la lecture <span class=\"screen-reader-text\">Sac de voyage pour v\u00e9lo<\/span><\/a><\/p>","protected":false},"author":1,"featured_media":0,"parent":4483,"menu_order":0,"comment_status":"closed","ping_status":"closed","template":"","meta":{"footnotes":""},"folder":[],"class_list":["post-5523","page","type-page","status-publish","hentry"],"_links":{"self":[{"href":"https:\/\/andyschleckcycles.lu\/fr\/wp-json\/wp\/v2\/pages\/5523","targetHints":{"allow":["GET"]}}],"collection":[{"href":"https:\/\/andyschleckcycles.lu\/fr\/wp-json\/wp\/v2\/pages"}],"about":[{"href":"https:\/\/andyschleckcycles.lu\/fr\/wp-json\/wp\/v2\/types\/page"}],"author":[{"embeddable":true,"href":"https:\/\/andyschleckcycles.lu\/fr\/wp-json\/wp\/v2\/users\/1"}],"replies":[{"embeddable":true,"href":"https:\/\/andyschleckcycles.lu\/fr\/wp-json\/wp\/v2\/comments?post=5523"}],"version-history":[{"count":2,"href":"https:\/\/andyschleckcycles.lu\/fr\/wp-json\/wp\/v2\/pages\/5523\/revisions"}],"predecessor-version":[{"id":24821,"href":"https:\/\/andyschleckcycles.lu\/fr\/wp-json\/wp\/v2\/pages\/5523\/revisions\/24821"}],"up":[{"embeddable":true,"href":"https:\/\/andyschleckcycles.lu\/fr\/wp-json\/wp\/v2\/pages\/4483"}],"wp:attachment":[{"href":"https:\/\/andyschleckcycles.lu\/fr\/wp-json\/wp\/v2\/media?parent=5523"}],"wp:term":[{"taxonomy":"folder","embeddable":true,"href":"https:\/\/andyschleckcycles.lu\/fr\/wp-json\/wp\/v2\/folder?post=5523"}],"curies":[{"name":"wp","href":"https:\/\/api.w.org\/{rel}","templated":true}]}}