{"id":5489,"date":"2022-08-25T21:32:41","date_gmt":"2022-08-25T21:32:41","guid":{"rendered":"https:\/\/andyschleckcycles.lu\/?page_id=5489"},"modified":"2025-02-08T09:41:01","modified_gmt":"2025-02-08T07:41:01","slug":"centre-de-service-pour-velos-electriques","status":"publish","type":"page","link":"https:\/\/andyschleckcycles.lu\/fr\/prestations-de-service\/centre-de-service-pour-velos-electriques\/","title":{"rendered":"Centre de service pour v\u00e9los \u00e9lectriques"},"content":{"rendered":"<div data-elementor-type=\"wp-page\" data-elementor-id=\"5489\" class=\"elementor elementor-5489\" data-elementor-post-type=\"page\">\n\t\t\t\t<div class=\"elementor-element elementor-element-c771c35 e-flex e-con-boxed e-con e-parent\" data-id=\"c771c35\" data-element_type=\"container\">\n\t\t\t\t\t<div class=\"e-con-inner\">\n\t\t\t\t<div class=\"elementor-element elementor-element-7fd1f7d elementor-widget elementor-widget-text-editor\" data-id=\"7fd1f7d\" data-element_type=\"widget\" data-widget_type=\"text-editor.default\">\n\t\t\t\t\t\t\t\t\t<p><\/p>\n<h2 class=\"wp-block-heading\">Centre de service pour v\u00e9los \u00e9lectriques<\/h2>\n<div>\u00a0<\/div>\n<p><\/p>\n<p>Les v\u00e9los \u00e9lectriques doivent \u00eatre enti\u00e8rement v\u00e9rifi\u00e9s avant le d\u00e9but de la nouvelle saison. Et pour les pi\u00e8ces li\u00e9es \u00e0 la s\u00e9curit\u00e9, c&#039;est encore mieux si cette v\u00e9rification est effectu\u00e9e par un revendeur agr\u00e9\u00e9.<\/p>\n<p>\u00a0<\/p>\n<p>Notre atelier est certifi\u00e9 par :<\/p>\n<p><\/p>\t\t\t\t\t\t\t\t<\/div>\n\t\t\t\t<div class=\"elementor-element elementor-element-64b94de elementor-widget elementor-widget-gallery\" data-id=\"64b94de\" data-element_type=\"widget\" data-settings=\"{&quot;gallery_layout&quot;:&quot;justified&quot;,&quot;lazyload&quot;:&quot;yes&quot;,&quot;ideal_row_height&quot;:{&quot;unit&quot;:&quot;px&quot;,&quot;size&quot;:200,&quot;sizes&quot;:[]},&quot;ideal_row_height_tablet&quot;:{&quot;unit&quot;:&quot;px&quot;,&quot;size&quot;:150,&quot;sizes&quot;:[]},&quot;ideal_row_height_mobile&quot;:{&quot;unit&quot;:&quot;px&quot;,&quot;size&quot;:150,&quot;sizes&quot;:[]},&quot;gap&quot;:{&quot;unit&quot;:&quot;px&quot;,&quot;size&quot;:10,&quot;sizes&quot;:[]},&quot;gap_tablet&quot;:{&quot;unit&quot;:&quot;px&quot;,&quot;size&quot;:10,&quot;sizes&quot;:[]},&quot;gap_mobile&quot;:{&quot;unit&quot;:&quot;px&quot;,&quot;size&quot;:10,&quot;sizes&quot;:[]},&quot;link_to&quot;:&quot;file&quot;,&quot;overlay_background&quot;:&quot;yes&quot;,&quot;content_hover_animation&quot;:&quot;fade-in&quot;}\" data-widget_type=\"gallery.default\">\n\t\t\t\t\t\t\t<div class=\"elementor-gallery__container\">\n\t\t\t\t\t\t\t<a class=\"e-gallery-item elementor-gallery-item elementor-animated-content\" href=\"https:\/\/andyschleckcycles.lu\/wp-content\/uploads\/2023\/01\/20190607-Bosch-ebike-SERVICE-Fensteraufkleber-300x235mm.png\" data-elementor-open-lightbox=\"yes\" data-elementor-lightbox-slideshow=\"64b94de\" data-elementor-lightbox-title=\"20190607-Bosch-ebike-SERVICE-Fensteraufkleber-300x235mm\" data-e-action-hash=\"#elementor-action%3Aaction%3Dlightbox%26settings%3DeyJpZCI6MTk1ODUsInVybCI6Imh0dHBzOlwvXC9hbmR5c2NobGVja2N5Y2xlcy5sdVwvd3AtY29udGVudFwvdXBsb2Fkc1wvMjAyM1wvMDFcLzIwMTkwNjA3LUJvc2NoLWViaWtlLVNFUlZJQ0UtRmVuc3RlcmF1ZmtsZWJlci0zMDB4MjM1bW0ucG5nIiwic2xpZGVzaG93IjoiNjRiOTRkZSJ9\">\n\t\t\t\t\t<div class=\"e-gallery-image elementor-gallery-item__image\" data-thumbnail=\"https:\/\/andyschleckcycles.lu\/wp-content\/uploads\/2023\/01\/20190607-Bosch-ebike-SERVICE-Fensteraufkleber-300x235mm-425x333.png\" data-width=\"425\" data-height=\"333\" aria-label=\"\" role=\"img\" ><\/div>\n\t\t\t\t\t\t\t\t\t\t\t<div class=\"elementor-gallery-item__overlay\"><\/div>\n\t\t\t\t\t\t\t\t\t\t\t\t\t\t<\/a>\n\t\t\t\t\t\t\t<a class=\"e-gallery-item elementor-gallery-item elementor-animated-content\" href=\"https:\/\/andyschleckcycles.lu\/wp-content\/uploads\/2023\/01\/2019_Aufkleber_Servicepartner_v2-1536x636-1.jpg\" data-elementor-open-lightbox=\"yes\" data-elementor-lightbox-slideshow=\"64b94de\" data-elementor-lightbox-title=\"2019_Aufkleber_Servicepartner_v2-1536x636\" data-e-action-hash=\"#elementor-action%3Aaction%3Dlightbox%26settings%3DeyJpZCI6MTk1ODQsInVybCI6Imh0dHBzOlwvXC9hbmR5c2NobGVja2N5Y2xlcy5sdVwvd3AtY29udGVudFwvdXBsb2Fkc1wvMjAyM1wvMDFcLzIwMTlfQXVma2xlYmVyX1NlcnZpY2VwYXJ0bmVyX3YyLTE1MzZ4NjM2LTEuanBnIiwic2xpZGVzaG93IjoiNjRiOTRkZSJ9\">\n\t\t\t\t\t<div class=\"e-gallery-image elementor-gallery-item__image\" data-thumbnail=\"https:\/\/andyschleckcycles.lu\/wp-content\/uploads\/2023\/01\/2019_Aufkleber_Servicepartner_v2-1536x636-1-555x230.jpg\" data-width=\"555\" data-height=\"230\" aria-label=\"\" role=\"img\" ><\/div>\n\t\t\t\t\t\t\t\t\t\t\t<div class=\"elementor-gallery-item__overlay\"><\/div>\n\t\t\t\t\t\t\t\t\t\t\t\t\t\t<\/a>\n\t\t\t\t\t<\/div>\n\t\t\t\t\t<\/div>\n\t\t\t\t\t<\/div>\n\t\t\t\t<\/div>\n\t\t\t\t<\/div>","protected":false},"excerpt":{"rendered":"<p>E-Bike Service Center Les v\u00e9los \u00e9lectriques doivent \u00eatre enti\u00e8rement contr\u00f4l\u00e9s avant le d\u00e9but de la nouvelle saison. Et pour les pi\u00e8ces li\u00e9es \u00e0 la s\u00e9curit\u00e9, il est encore mieux que ce contr\u00f4le soit effectu\u00e9 par un revendeur certifi\u00e9.   Notre atelier est certifi\u00e9 par :<\/p>","protected":false},"author":1,"featured_media":0,"parent":4483,"menu_order":0,"comment_status":"closed","ping_status":"closed","template":"","meta":{"footnotes":""},"folder":[],"class_list":["post-5489","page","type-page","status-publish","hentry"],"_links":{"self":[{"href":"https:\/\/andyschleckcycles.lu\/fr\/wp-json\/wp\/v2\/pages\/5489","targetHints":{"allow":["GET"]}}],"collection":[{"href":"https:\/\/andyschleckcycles.lu\/fr\/wp-json\/wp\/v2\/pages"}],"about":[{"href":"https:\/\/andyschleckcycles.lu\/fr\/wp-json\/wp\/v2\/types\/page"}],"author":[{"embeddable":true,"href":"https:\/\/andyschleckcycles.lu\/fr\/wp-json\/wp\/v2\/users\/1"}],"replies":[{"embeddable":true,"href":"https:\/\/andyschleckcycles.lu\/fr\/wp-json\/wp\/v2\/comments?post=5489"}],"version-history":[{"count":15,"href":"https:\/\/andyschleckcycles.lu\/fr\/wp-json\/wp\/v2\/pages\/5489\/revisions"}],"predecessor-version":[{"id":24366,"href":"https:\/\/andyschleckcycles.lu\/fr\/wp-json\/wp\/v2\/pages\/5489\/revisions\/24366"}],"up":[{"embeddable":true,"href":"https:\/\/andyschleckcycles.lu\/fr\/wp-json\/wp\/v2\/pages\/4483"}],"wp:attachment":[{"href":"https:\/\/andyschleckcycles.lu\/fr\/wp-json\/wp\/v2\/media?parent=5489"}],"wp:term":[{"taxonomy":"folder","embeddable":true,"href":"https:\/\/andyschleckcycles.lu\/fr\/wp-json\/wp\/v2\/folder?post=5489"}],"curies":[{"name":"wp","href":"https:\/\/api.w.org\/{rel}","templated":true}]}}