{"id":5458,"date":"2022-08-25T21:01:48","date_gmt":"2022-08-25T21:01:48","guid":{"rendered":"https:\/\/andyschleckcycles.lu\/?page_id=5458"},"modified":"2023-01-13T10:32:50","modified_gmt":"2023-01-13T08:32:50","slug":"centre-de-service-shimano","status":"publish","type":"page","link":"https:\/\/andyschleckcycles.lu\/fr\/prestations-de-service\/centre-de-service-shimano\/","title":{"rendered":"Service apr\u00e8s-vente SHIMANO"},"content":{"rendered":"<div data-elementor-type=\"wp-page\" data-elementor-id=\"5458\" class=\"elementor elementor-5458\" data-elementor-post-type=\"page\">\n\t\t\t\t<div class=\"elementor-element elementor-element-b66b58e e-flex e-con-boxed e-con e-parent\" data-id=\"b66b58e\" data-element_type=\"container\">\n\t\t\t\t\t<div class=\"e-con-inner\">\n\t\t<div class=\"elementor-element elementor-element-bd32b39 e-con-full e-flex e-con e-parent\" data-id=\"bd32b39\" data-element_type=\"container\">\n\t\t\t\t<div class=\"elementor-element elementor-element-a17580c elementor-widget elementor-widget-image\" data-id=\"a17580c\" data-element_type=\"widget\" data-widget_type=\"image.default\">\n\t\t\t\t\t\t\t\t\t\t\t\t\t\t\t<img fetchpriority=\"high\" decoding=\"async\" width=\"555\" height=\"235\" src=\"https:\/\/andyschleckcycles.lu\/wp-content\/uploads\/2022\/10\/SSC_logo.jpg\" class=\"attachment-medium size-medium wp-image-10588\" alt=\"\" title=\"\">\t\t\t\t\t\t\t\t\t\t\t\t\t\t\t<\/div>\n\t\t\t\t<div class=\"elementor-element elementor-element-d16f4a0 elementor-widget elementor-widget-wp-widget-text\" data-id=\"d16f4a0\" data-element_type=\"widget\" data-widget_type=\"wp-widget-text.default\">\n\t\t\t\t<div class=\"elementor-widget-container\">\n\t\t\t\t\t\t\t\t<div class=\"textwidget\"><p><!-- \/wp:image --><!-- wp:heading --><\/p>\n<h2>Pourquoi le Shimano Service Center ?<\/h2>\n<div><\/div>\n<p>Que vous utilisiez votre v\u00e9lo pour le sport, pour vos d\u00e9placements ou pour vos loisirs, il a besoin d&#039;un entretien de qualit\u00e9 pour vous garantir la meilleure exp\u00e9rience possible. Un entretien r\u00e9gulier de votre v\u00e9lo par des professionnels augmente la dur\u00e9e de vie de votre v\u00e9lo, ainsi que le plaisir de rouler. Cela \u00e9vite \u00e9galement des co\u00fbts de r\u00e9paration impr\u00e9vus et substantiels.<\/p>\n<p>Au Shimano Service Center, vous b\u00e9n\u00e9ficiez d&#039;un entretien de qualit\u00e9 par des professionnels qui connaissent votre v\u00e9lo. Les pr\u00e9occupations concernant la qualit\u00e9, la fiabilit\u00e9 et la s\u00e9curit\u00e9 sont de l&#039;histoire ancienne. Nous mettons tout en \u0153uvre pour que l&#039;entretien de votre v\u00e9lo soit le plus simple possible. Posez-nous toutes vos questions. Nous sommes toujours heureux de vous aider et de vous conseiller. \u00c0 chaque fois, notre expertise transpara\u00eet dans notre travail de qualit\u00e9.<\/p>\n<p>&nbsp;<\/p>\n<h2>Nous offrons un excellent entretien de v\u00e9lo :<\/h2>\n<div><\/div>\n<ul>\n<li>R\u00e9alis\u00e9 par du personnel Shimano form\u00e9 et certifi\u00e9<\/li>\n<li>Avec pi\u00e8ces de rechange d&#039;origine Shimano<\/li>\n<li>Utilisation des derni\u00e8res technologies Shimano<\/li>\n<\/ul>\n<\/div>\n\t\t\t\t\t\t<\/div>\n\t\t\t\t<\/div>\n\t\t\t\t<\/div>\n\t\t\t\t\t<\/div>\n\t\t\t\t<\/div>\n\t\t\t\t<\/div>","protected":false},"excerpt":{"rendered":"","protected":false},"author":1,"featured_media":0,"parent":4483,"menu_order":0,"comment_status":"closed","ping_status":"closed","template":"elementor_theme","meta":{"footnotes":""},"folder":[],"class_list":["post-5458","page","type-page","status-publish","hentry"],"_links":{"self":[{"href":"https:\/\/andyschleckcycles.lu\/fr\/wp-json\/wp\/v2\/pages\/5458","targetHints":{"allow":["GET"]}}],"collection":[{"href":"https:\/\/andyschleckcycles.lu\/fr\/wp-json\/wp\/v2\/pages"}],"about":[{"href":"https:\/\/andyschleckcycles.lu\/fr\/wp-json\/wp\/v2\/types\/page"}],"author":[{"embeddable":true,"href":"https:\/\/andyschleckcycles.lu\/fr\/wp-json\/wp\/v2\/users\/1"}],"replies":[{"embeddable":true,"href":"https:\/\/andyschleckcycles.lu\/fr\/wp-json\/wp\/v2\/comments?post=5458"}],"version-history":[{"count":28,"href":"https:\/\/andyschleckcycles.lu\/fr\/wp-json\/wp\/v2\/pages\/5458\/revisions"}],"predecessor-version":[{"id":20604,"href":"https:\/\/andyschleckcycles.lu\/fr\/wp-json\/wp\/v2\/pages\/5458\/revisions\/20604"}],"up":[{"embeddable":true,"href":"https:\/\/andyschleckcycles.lu\/fr\/wp-json\/wp\/v2\/pages\/4483"}],"wp:attachment":[{"href":"https:\/\/andyschleckcycles.lu\/fr\/wp-json\/wp\/v2\/media?parent=5458"}],"wp:term":[{"taxonomy":"folder","embeddable":true,"href":"https:\/\/andyschleckcycles.lu\/fr\/wp-json\/wp\/v2\/folder?post=5458"}],"curies":[{"name":"wp","href":"https:\/\/api.w.org\/{rel}","templated":true}]}}