{"id":24781,"date":"2025-05-16T13:27:56","date_gmt":"2025-05-16T11:27:56","guid":{"rendered":"https:\/\/andyschleckcycles.lu\/?page_id=24781"},"modified":"2025-05-27T11:05:57","modified_gmt":"2025-05-27T09:05:57","slug":"calendrier-des-evenements","status":"publish","type":"page","link":"https:\/\/andyschleckcycles.lu\/fr\/calendrier-des-evenements\/","title":{"rendered":"Calendrier des \u00e9v\u00e9nements"},"content":{"rendered":"<div data-elementor-type=\"wp-page\" data-elementor-id=\"24781\" class=\"elementor elementor-24781\" data-elementor-post-type=\"page\">\n\t\t\t\t<div class=\"elementor-element elementor-element-b08ebc3 e-flex e-con-boxed e-con e-parent\" data-id=\"b08ebc3\" data-element_type=\"container\">\n\t\t\t\t\t<div class=\"e-con-inner\">\n\t\t\t\t<div class=\"elementor-element elementor-element-9dc452a elementor-invisible elementor-widget elementor-widget-heading\" data-id=\"9dc452a\" data-element_type=\"widget\" data-settings=\"{&quot;_animation&quot;:&quot;fadeIn&quot;}\" data-widget_type=\"heading.default\">\n\t\t\t\t\t<h1 class=\"elementor-heading-title elementor-size-default\">Consultez nos prochains \u00e9v\u00e9nements !<\/h1>\t\t\t\t<\/div>\n\t\t\t\t\t<\/div>\n\t\t\t\t<\/div>\n\t\t<div class=\"elementor-element elementor-element-d9aef77 e-flex e-con-boxed e-con e-parent\" data-id=\"d9aef77\" data-element_type=\"container\">\n\t\t\t\t\t<div class=\"e-con-inner\">\n\t\t<div class=\"elementor-element elementor-element-0a119b0 e-con-full e-flex e-con e-child\" data-id=\"0a119b0\" data-element_type=\"container\">\n\t\t\t\t<div class=\"elementor-element elementor-element-ae731a2 elementor-widget elementor-widget-shortcode\" data-id=\"ae731a2\" data-element_type=\"widget\" data-widget_type=\"shortcode.default\">\n\t\t\t\t\t\t\t<div class=\"elementor-shortcode\"><div id=\"mec_skin_25020\" class=\"mec-wrap colorskin-custom\">\r\n\r\n    \r\n    <div class=\"mec-calendar\" id=\"mec_skin_events_25020_full\">\r\n        <div class=\"mec-calendar-topsec\">        <div class=\"mec-calendar-side mec-clear\">\r\n                        <div class=\"mec-skin-monthly-view-month-navigator-container\">\r\n                <div class=\"mec-month-navigator\" id=\"mec_month_navigator_25020_202604\"><div class=\"mec-previous-month mec-load-month mec-previous-month\" data-mec-year=\"2026\" data-mec-month=\"03\"><a href=\"#\" class=\"mec-load-month-link\"><i class=\"mec-sl-angle-left\"><\/i> mars<\/a><\/div><div class=\"mec-calendar-header\"><h2>avril 2026<\/h2><\/div><div class=\"mec-next-month mec-load-month mec-next-month\" data-mec-year=\"2026\" data-mec-month=\"05\"><a href=\"#\" class=\"mec-load-month-link\">mai <i class=\"mec-sl-angle-right\"><\/i><\/a><\/div><\/div>\r\n            <\/div>\r\n            \r\n            <div class=\"mec-calendar-table\" id=\"mec_skin_events_25020\">\r\n                <div class=\"mec-month-container mec-month-container-selected\" id=\"mec_monthly_view_month_25020_202604\" data-month-id=\"202604\"><dl class=\"mec-calendar-table-head\"><dt class=\"mec-calendar-day-head\">LUN<\/dt><dt class=\"mec-calendar-day-head\">MAR<\/dt><dt class=\"mec-calendar-day-head\">MER<\/dt><dt class=\"mec-calendar-day-head\">JEU<\/dt><dt class=\"mec-calendar-day-head\">VEN<\/dt><dt class=\"mec-calendar-day-head\">SAM<\/dt><dt class=\"mec-calendar-day-head\">DIM<\/dt><\/dl><dl class=\"mec-calendar-row\">\r\n    <dt class=\"mec-table-nullday\">30<\/dt><dt class=\"mec-table-nullday\">31<\/dt><dt class=\"mec-calendar-day\" data-mec-cell=\"20260401\" data-day=\"1\" data-month=\"202604\">1<\/dt><\/dt><dt class=\"mec-calendar-day\" data-mec-cell=\"20260402\" data-day=\"2\" data-month=\"202604\">2<\/dt><\/dt><dt class=\"mec-calendar-day  mec-selected-day\" data-mec-cell=\"20260403\" data-day=\"3\" data-month=\"202604\">3<\/dt><\/dt><dt class=\"mec-calendar-day mec-has-event\" data-mec-cell=\"20260404\" data-day=\"4\" data-month=\"202604\"><a href=\"#mec-calendar-events-sec-25020-20260404\" class=\"mec-has-event-a\">4<\/a><\/dt><\/dt><dt class=\"mec-calendar-day\" data-mec-cell=\"20260405\" data-day=\"5\" data-month=\"202604\">5<\/dt><\/dt><\/dl><dl class=\"mec-calendar-row\"><dt class=\"mec-calendar-day\" data-mec-cell=\"20260406\" data-day=\"6\" data-month=\"202604\">6<\/dt><\/dt><dt class=\"mec-calendar-day\" data-mec-cell=\"20260407\" data-day=\"7\" data-month=\"202604\">7<\/dt><\/dt><dt class=\"mec-calendar-day\" data-mec-cell=\"20260408\" data-day=\"8\" data-month=\"202604\">8<\/dt><\/dt><dt class=\"mec-calendar-day\" data-mec-cell=\"20260409\" data-day=\"9\" data-month=\"202604\">9<\/dt><\/dt><dt class=\"mec-calendar-day\" data-mec-cell=\"20260410\" data-day=\"10\" data-month=\"202604\">10<\/dt><\/dt><dt class=\"mec-calendar-day\" data-mec-cell=\"20260411\" data-day=\"11\" data-month=\"202604\">11<\/dt><\/dt><dt class=\"mec-calendar-day\" data-mec-cell=\"20260412\" data-day=\"12\" data-month=\"202604\">12<\/dt><\/dt><\/dl><dl class=\"mec-calendar-row\"><dt class=\"mec-calendar-day\" data-mec-cell=\"20260413\" data-day=\"13\" data-month=\"202604\">13<\/dt><\/dt><dt class=\"mec-calendar-day\" data-mec-cell=\"20260414\" data-day=\"14\" data-month=\"202604\">14<\/dt><\/dt><dt class=\"mec-calendar-day\" data-mec-cell=\"20260415\" data-day=\"15\" data-month=\"202604\">15<\/dt><\/dt><dt class=\"mec-calendar-day\" data-mec-cell=\"20260416\" data-day=\"16\" data-month=\"202604\">16<\/dt><\/dt><dt class=\"mec-calendar-day\" data-mec-cell=\"20260417\" data-day=\"17\" data-month=\"202604\">17<\/dt><\/dt><dt class=\"mec-calendar-day\" data-mec-cell=\"20260418\" data-day=\"18\" data-month=\"202604\">18<\/dt><\/dt><dt class=\"mec-calendar-day\" data-mec-cell=\"20260419\" data-day=\"19\" data-month=\"202604\">19<\/dt><\/dt><\/dl><dl class=\"mec-calendar-row\"><dt class=\"mec-calendar-day\" data-mec-cell=\"20260420\" data-day=\"20\" data-month=\"202604\">20<\/dt><\/dt><dt class=\"mec-calendar-day\" data-mec-cell=\"20260421\" data-day=\"21\" data-month=\"202604\">21<\/dt><\/dt><dt class=\"mec-calendar-day\" data-mec-cell=\"20260422\" data-day=\"22\" data-month=\"202604\">22<\/dt><\/dt><dt class=\"mec-calendar-day\" data-mec-cell=\"20260423\" data-day=\"23\" data-month=\"202604\">23<\/dt><\/dt><dt class=\"mec-calendar-day mec-has-event\" data-mec-cell=\"20260424\" data-day=\"24\" data-month=\"202604\"><a href=\"#mec-calendar-events-sec-25020-20260424\" class=\"mec-has-event-a\">24<\/a><\/dt><\/dt><dt class=\"mec-calendar-day mec-has-event\" data-mec-cell=\"20260425\" data-day=\"25\" data-month=\"202604\"><a href=\"#mec-calendar-events-sec-25020-20260425\" class=\"mec-has-event-a\">25<\/a><\/dt><\/dt><dt class=\"mec-calendar-day\" data-mec-cell=\"20260426\" data-day=\"26\" data-month=\"202604\">26<\/dt><\/dt><\/dl><dl class=\"mec-calendar-row\"><dt class=\"mec-calendar-day\" data-mec-cell=\"20260427\" data-day=\"27\" data-month=\"202604\">27<\/dt><\/dt><dt class=\"mec-calendar-day\" data-mec-cell=\"20260428\" data-day=\"28\" data-month=\"202604\">28<\/dt><\/dt><dt class=\"mec-calendar-day\" data-mec-cell=\"20260429\" data-day=\"29\" data-month=\"202604\">29<\/dt><\/dt><dt class=\"mec-calendar-day\" data-mec-cell=\"20260430\" data-day=\"30\" data-month=\"202604\">30<\/dt><\/dt><dt class=\"mec-table-nullday\">1<\/dt><dt class=\"mec-table-nullday\">2<\/dt><dt class=\"mec-table-nullday\">3<\/dt><\/dl>\r\n<\/div>\r\n            <\/div>\r\n\r\n                    <\/div>\r\n        <div class=\"mec-calendar-events-side mec-clear\"><div class=\"mec-month-side\" id=\"mec_month_side_25020_202604\"><h3 class=\"mec-table-side-title\">\u00c9v\u00e9nements<\/h3><div class=\"mec-calendar-events-sec\" id=\"mec-calendar-events-sec-25020-20260404\" data-mec-cell=\"20260404\"  style=\"display: block;\"><article class=\"mec-event-article\"><div class=\"mec-event-image\"><img fetchpriority=\"high\" decoding=\"async\" width=\"300\" height=\"300\" src=\"https:\/\/andyschleckcycles.lu\/wp-content\/uploads\/2025\/08\/GRAVEL-300x300.jpg\" class=\"attachment-thumblist size-thumblist wp-post-image\" alt=\"\" data-mec-postid=\"25585\" title=\"\"><\/div><div class=\"mec-monthly-contents\" style=\"width: calc(100% - 85px)\"><div class=\"mec-event-date\"><span class=\"mec-start-date-label\">avril 4, 2026<\/span><\/div><div class=\"mec-event-time mec-color\"><i class=\"mec-sl-clock-o\"><\/i> 9:00 am - 12:00 pm<\/div><h4 class=\"mec-event-title\"><a class=\"mec-color-hover\" data-event-id=\"25585\" href=\"https:\/\/andyschleckcycles.lu\/fr\/evenements\/asc-gravel-cappuccino-ride-9\/\" target=\"_blank\" rel=\"noopener\">ASC GRAVEL CAPPUCCINO RIDE<\/a><\/h4><div class=\"mec-event-detail\">\r\n                        <div class=\"mec-event-loc-place\">Andy Schleck Cycles, Itzig<\/div>\r\n                        \r\n                    <\/div><\/div><div style=\"clear:both\"><\/div><\/article><article class=\"mec-event-article\"><div class=\"mec-event-image\"><img decoding=\"async\" width=\"300\" height=\"300\" src=\"https:\/\/andyschleckcycles.lu\/wp-content\/uploads\/2025\/08\/ANOTHER-SATURDAY-ANOTHER-CAPPUCCINO-RIDE-Find-our-group-rides-and-be-part-of-the-community-on-S-4-300x300.jpg\" class=\"attachment-thumblist size-thumblist wp-post-image\" alt=\"\" data-mec-postid=\"25594\" title=\"\"><\/div><div class=\"mec-monthly-contents\" style=\"width: calc(100% - 85px)\"><div class=\"mec-event-date\"><span class=\"mec-start-date-label\">avril 4, 2026<\/span><\/div><div class=\"mec-event-time mec-color\"><i class=\"mec-sl-clock-o\"><\/i> 9:00 am - 12:00 pm<\/div><h4 class=\"mec-event-title\"><a class=\"mec-color-hover\" data-event-id=\"25594\" href=\"https:\/\/andyschleckcycles.lu\/fr\/evenements\/asc-cappuccino-ride-8\/\" target=\"_blank\" rel=\"noopener\">ASC CAPPUCCINO RIDE<\/a><\/h4><div class=\"mec-event-detail\">\r\n                        <div class=\"mec-event-loc-place\">Andy Schleck Cycles, Itzig<\/div>\r\n                        \r\n                    <\/div><\/div><div style=\"clear:both\"><\/div><\/article><\/div><div class=\"mec-calendar-events-sec\" id=\"mec-calendar-events-sec-25020-20260424\" data-mec-cell=\"20260424\"  style=\"display: block;\"><article class=\"mec-event-article\"><div class=\"mec-event-image\"><img decoding=\"async\" width=\"300\" height=\"300\" src=\"https:\/\/andyschleckcycles.lu\/wp-content\/uploads\/2026\/04\/demo-2-300x300.jpg\" class=\"attachment-thumblist size-thumblist wp-post-image\" alt=\"\" data-mec-postid=\"25636\" title=\"\"><\/div><div class=\"mec-monthly-contents\" style=\"width: calc(100% - 85px)\"><div class=\"mec-event-date\"><span class=\"mec-start-date-label\">avril 24 - 25, 2026<\/span><\/div><div class=\"mec-event-time mec-color\"><i class=\"mec-sl-clock-o\"><\/i> 10:00 am - 12:00 am<\/div><h4 class=\"mec-event-title\"><a class=\"mec-color-hover\" data-event-id=\"25636\" href=\"https:\/\/andyschleckcycles.lu\/fr\/evenements\/demo-days\/\" target=\"_blank\" rel=\"noopener\">Demo Days<\/a><\/h4><div class=\"mec-event-detail\">\r\n                        <div class=\"mec-event-loc-place\">Andy Schleck Cycles, Itzig<\/div>\r\n                        \r\n                    <\/div><\/div><div style=\"clear:both\"><\/div><\/article><\/div><div class=\"mec-calendar-events-sec\" id=\"mec-calendar-events-sec-25020-20260425\" data-mec-cell=\"20260425\"  style=\"display: block;\"><article class=\"mec-event-article\"><div class=\"mec-event-image\"><img decoding=\"async\" width=\"300\" height=\"300\" src=\"https:\/\/andyschleckcycles.lu\/wp-content\/uploads\/2026\/04\/demo-2-300x300.jpg\" class=\"attachment-thumblist size-thumblist wp-post-image\" alt=\"\" data-mec-postid=\"25636\" title=\"\"><\/div><div class=\"mec-monthly-contents\" style=\"width: calc(100% - 85px)\"><div class=\"mec-event-date\"><span class=\"mec-start-date-label\">avril 25, 2026<\/span><\/div><div class=\"mec-event-time mec-color\"><i class=\"mec-sl-clock-o\"><\/i> 12:00 am - 5:00 pm<\/div><h4 class=\"mec-event-title\"><a class=\"mec-color-hover\" data-event-id=\"25636\" href=\"https:\/\/andyschleckcycles.lu\/fr\/evenements\/demo-days\/\" target=\"_blank\" rel=\"noopener\">Demo Days<\/a><\/h4><div class=\"mec-event-detail\">\r\n                        <div class=\"mec-event-loc-place\">Andy Schleck Cycles, Itzig<\/div>\r\n                        \r\n                    <\/div><\/div><div style=\"clear:both\"><\/div><\/article><\/div><\/div><\/div><\/div><div class=\"mec-event-footer\"><\/div>    <\/div>\r\n\r\n        \r\n        <div class=\"mec-modal-result\"><\/div>\r\n\r\n<\/div><\/div>\n\t\t\t\t\t\t<\/div>\n\t\t\t\t<\/div>\n\t\t\t\t\t<\/div>\n\t\t\t\t<\/div>\n\t\t<div class=\"elementor-element elementor-element-1992a13 e-flex e-con-boxed e-con e-parent\" data-id=\"1992a13\" data-element_type=\"container\">\n\t\t\t\t\t<div class=\"e-con-inner\">\n\t\t\t\t<div class=\"elementor-element elementor-element-07fd393 elementor-widget elementor-widget-MEC\" data-id=\"07fd393\" data-element_type=\"widget\" data-widget_type=\"MEC.default\">\n\t\t\t\t<div class=\"elementor-widget-container\">\n\t\t\t\t\t<div class=\"mec-wrap mec-skin-timeline-container\" id=\"mec_skin_25037\">\r\n\r\n    \r\n        <div class=\"mec-skin-timeline-events-container\" id=\"mec_skin_events_25037\">\r\n        <div class=\"mec-events-timeline-wrap mec-wrap colorskin-custom\">\r\n\r\n    \r\n    <div class=\"mec-timeline-events-container\">\r\n                        <div class=\"mec-timeline-event clearfix\">\r\n                    <div class=\"mec-timeline-event-date mec-color\">04 avril 2026 <\/div>\r\n                    <div class=\"mec-timeline-event-content\">\r\n                        <div class=\"clearfix\">\r\n                            <div class=\"mec-timeline-right-content\">\r\n                                                                <div class=\"mec-timeline-event-image\"><a data-event-id=\"25585\" href=\"https:\/\/andyschleckcycles.lu\/fr\/evenements\/asc-gravel-cappuccino-ride-9\/\" target=\"_blank\" rel=\"noopener\"><img fetchpriority=\"high\" decoding=\"async\" width=\"300\" height=\"300\" src=\"https:\/\/andyschleckcycles.lu\/wp-content\/uploads\/2025\/08\/GRAVEL-300x300.jpg\" class=\"attachment-thumblist size-thumblist wp-post-image\" alt=\"\" data-mec-postid=\"25585\" title=\"\"><\/a><\/div>\r\n                            <\/div>\r\n                            <div class=\"mec-timeline-left-content\">\r\n                                <div class=\"mec-timeline-main-content\">\r\n                                                                        <h4 class=\"mec-event-title\"><a class=\"mec-color-hover\" data-event-id=\"25585\" href=\"https:\/\/andyschleckcycles.lu\/fr\/evenements\/asc-gravel-cappuccino-ride-9\/\" target=\"_blank\" rel=\"noopener\">ASC GRAVEL CAPPUCCINO RIDE<\/a><\/h4>\r\n                                                                        <p>Gravel, good vibes, and great company. The Gravel ride is meant to be a SOCIAL Ride (avg speed around 20km\/h) &#x1f4cd; Meeting point: ASC Itzig &#x1f5d3;&#xfe0f; Date: April 4th &#x23f0; Time: 9:00 am &#x1f6b4;&#x200d;&#x2640;&#xfe0f; Distance: 43 km We ask that for your own safety and that of your fellow riders, you: Respect the local Traffic &hellip; <a href=\"https:\/\/andyschleckcycles.lu\/fr\/evenements\/demo-days\/\" class=\"more-link\">continuer la lecture <span class=\"screen-reader-text\">Demo Days<\/span><\/a> ...<\/p>\r\n                                                                                                            <div class=\"mec-timeline-event-details\">\r\n                                        <div class=\"mec-timeline-event-time mec-color\">\r\n                                            <i class=\"mec-sl-clock\"><\/i><div class=\"mec-time-details\"><span class=\"mec-start-time\">9:00 heures<\/span> - <span class=\"mec-end-time\">12:00 heures<\/span><\/div>                                        <\/div>\r\n                                    <\/div>\r\n                                                                            <div class=\"mec-timeline-event-details\">\r\n                                            <div class=\"mec-timeline-event-location mec-color\">\r\n                                                <address class=\"mec-timeline-event-address\"><i class=\"mec-sl-location-pin\"><\/i><span>2, rue des Pr\u00e9s, L-5972 Itzig, Luxembourg<\/span><\/address>\r\n                                            <\/div>\r\n                                        <\/div>\r\n                                                                                                                                            <\/div>\r\n                            <\/div>\r\n                        <\/div>\r\n                        <a class=\"mec-booking-button mec-timeline-readmore mec-bg-color\" data-event-id=\"25585\" href=\"https:\/\/andyschleckcycles.lu\/fr\/evenements\/asc-gravel-cappuccino-ride-9\/\" target=\"_blank\" rel=\"noopener\">En savoir plus<i class=\"mec-sl-arrow-right\"><\/i><\/a>                    <\/div>\r\n                <\/div>\r\n                        <div class=\"mec-timeline-event clearfix\">\r\n                    <div class=\"mec-timeline-event-date mec-color\">04 avril 2026 <\/div>\r\n                    <div class=\"mec-timeline-event-content\">\r\n                        <div class=\"clearfix\">\r\n                            <div class=\"mec-timeline-right-content\">\r\n                                                                <div class=\"mec-timeline-event-image\"><a data-event-id=\"25594\" href=\"https:\/\/andyschleckcycles.lu\/fr\/evenements\/asc-cappuccino-ride-8\/\" target=\"_blank\" rel=\"noopener\"><img decoding=\"async\" width=\"300\" height=\"300\" src=\"https:\/\/andyschleckcycles.lu\/wp-content\/uploads\/2025\/08\/ANOTHER-SATURDAY-ANOTHER-CAPPUCCINO-RIDE-Find-our-group-rides-and-be-part-of-the-community-on-S-4-300x300.jpg\" class=\"attachment-thumblist size-thumblist wp-post-image\" alt=\"\" data-mec-postid=\"25594\" title=\"\"><\/a><\/div>\r\n                            <\/div>\r\n                            <div class=\"mec-timeline-left-content\">\r\n                                <div class=\"mec-timeline-main-content\">\r\n                                                                        <h4 class=\"mec-event-title\"><a class=\"mec-color-hover\" data-event-id=\"25594\" href=\"https:\/\/andyschleckcycles.lu\/fr\/evenements\/asc-cappuccino-ride-8\/\" target=\"_blank\" rel=\"noopener\">ASC CAPPUCCINO RIDE<\/a><\/h4>\r\n                                                                        <p>Our rides are designed so that everyone can find their perfect pace: Cappuccino Rides are relaxed, easy-going social rides perfect for chatting, enjoying the scenery, and starting the weekend right. Macchiato Rides step it up a little, with a slightly faster pace, longer distance, and a few more climbs to keep things interesting. Espresso Rides &hellip; <a href=\"https:\/\/andyschleckcycles.lu\/fr\/evenements\/demo-days\/\" class=\"more-link\">continuer la lecture <span class=\"screen-reader-text\">Demo Days<\/span><\/a> ...<\/p>\r\n                                                                                                            <div class=\"mec-timeline-event-details\">\r\n                                        <div class=\"mec-timeline-event-time mec-color\">\r\n                                            <i class=\"mec-sl-clock\"><\/i><div class=\"mec-time-details\"><span class=\"mec-start-time\">9:00 heures<\/span> - <span class=\"mec-end-time\">12:00 heures<\/span><\/div>                                        <\/div>\r\n                                    <\/div>\r\n                                                                            <div class=\"mec-timeline-event-details\">\r\n                                            <div class=\"mec-timeline-event-location mec-color\">\r\n                                                <address class=\"mec-timeline-event-address\"><i class=\"mec-sl-location-pin\"><\/i><span>2, rue des Pr\u00e9s, L-5972 Itzig, Luxembourg<\/span><\/address>\r\n                                            <\/div>\r\n                                        <\/div>\r\n                                                                                                                                            <\/div>\r\n                            <\/div>\r\n                        <\/div>\r\n                        <a class=\"mec-booking-button mec-timeline-readmore mec-bg-color\" data-event-id=\"25594\" href=\"https:\/\/andyschleckcycles.lu\/fr\/evenements\/asc-cappuccino-ride-8\/\" target=\"_blank\" rel=\"noopener\">En savoir plus<i class=\"mec-sl-arrow-right\"><\/i><\/a>                    <\/div>\r\n                <\/div>\r\n            <\/div>\r\n\r\n\r\n    \r\n    <div class=\"mec-timeline-events-container\">\r\n                        <div class=\"mec-timeline-event clearfix\">\r\n                    <div class=\"mec-timeline-event-date mec-color mec-timeline-dates\">24 avril 2026<br>25 avril 2026 <\/div>\r\n                    <div class=\"mec-timeline-event-content\">\r\n                        <div class=\"clearfix\">\r\n                            <div class=\"mec-timeline-right-content\">\r\n                                                                <div class=\"mec-timeline-event-image\"><a data-event-id=\"25636\" href=\"https:\/\/andyschleckcycles.lu\/fr\/evenements\/demo-days\/\" target=\"_blank\" rel=\"noopener\"><img decoding=\"async\" width=\"300\" height=\"300\" src=\"https:\/\/andyschleckcycles.lu\/wp-content\/uploads\/2026\/04\/demo-2-300x300.jpg\" class=\"attachment-thumblist size-thumblist wp-post-image\" alt=\"\" data-mec-postid=\"25636\" title=\"\"><\/a><\/div>\r\n                            <\/div>\r\n                            <div class=\"mec-timeline-left-content\">\r\n                                <div class=\"mec-timeline-main-content\">\r\n                                                                        <h4 class=\"mec-event-title\"><a class=\"mec-color-hover\" data-event-id=\"25636\" href=\"https:\/\/andyschleckcycles.lu\/fr\/evenements\/demo-days\/\" target=\"_blank\" rel=\"noopener\">Demo Days<\/a><\/h4>\r\n                                                                        <p>This Friday, April 24th, and Saturday, April 25th, we\u2019re hosting our Spring Demo Days at our Itzig store, giving you the chance to ride, test, and enjoy a curated selection of Trek and Ridley bikes. From road to gravel, this is your opportunity to try different models, fully adjusted to your size, and take them &hellip; <a href=\"https:\/\/andyschleckcycles.lu\/fr\/evenements\/demo-days\/\" class=\"more-link\">continuer la lecture <span class=\"screen-reader-text\">Demo Days<\/span><\/a> ...<\/p>\r\n                                                                                                            <div class=\"mec-timeline-event-details\">\r\n                                        <div class=\"mec-timeline-event-time mec-color\">\r\n                                            <i class=\"mec-sl-clock\"><\/i><div class=\"mec-time-details\"><span class=\"mec-start-time\">10:00 heures<\/span> - <span class=\"mec-end-time\">12:00 heures<\/span><\/div>                                        <\/div>\r\n                                    <\/div>\r\n                                                                            <div class=\"mec-timeline-event-details\">\r\n                                            <div class=\"mec-timeline-event-location mec-color\">\r\n                                                <address class=\"mec-timeline-event-address\"><i class=\"mec-sl-location-pin\"><\/i><span>2, rue des Pr\u00e9s, L-5972 Itzig, Luxembourg<\/span><\/address>\r\n                                            <\/div>\r\n                                        <\/div>\r\n                                                                                                                                            <\/div>\r\n                            <\/div>\r\n                        <\/div>\r\n                        <a class=\"mec-booking-button mec-timeline-readmore mec-bg-color\" data-event-id=\"25636\" href=\"https:\/\/andyschleckcycles.lu\/fr\/evenements\/demo-days\/\" target=\"_blank\" rel=\"noopener\">En savoir plus<i class=\"mec-sl-arrow-right\"><\/i><\/a>                    <\/div>\r\n                <\/div>\r\n            <\/div>\r\n\r\n<\/div>    <\/div>\r\n    <div class=\"mec-skin-timeline-no-events-container mec-util-hidden\" id=\"mec_skin_no_events_25037\">\r\n        Aucun \u00e9v\u00e9nement trouv\u00e9 !    <\/div>\r\n    \r\n    <div class=\"mec-load-more-wrap\">\r\n                <div tabindex=\"0\" onkeydown=\"if(event.keyCode===13){jQuery(this).trigger('click');}\" class=\"mec-load-more-button mec-util-hidden\">En savoir plus<\/div>\r\n            <\/div>\r\n<\/div>\r\n\t\t\t\t<\/div>\n\t\t\t\t<\/div>\n\t\t\t\t\t<\/div>\n\t\t\t\t<\/div>\n\t\t\t\t<\/div>","protected":false},"excerpt":{"rendered":"<p>Check Our Upcoming Events! 31 May 2025 REBOUND &#8211; Gravel ride &#x1f6b4;&#x200d;&#x2642;&#xfe0f; Andy Schleck Rebound \u2013 Itzig to Mertert &#x1f6b4;&#x200d;&#x2640;&#xfe0f; Join us for an unforgettable gravel adventure from Andy Schleck Cycles Itzig to Andy Schleck Cycles Mertert! &#x1f4cd; Meeting Point: Andy Schleck Cycles Itzig &#x1f4cd; Route: 80 km \/ 1300 m elevation gain &#x2615; Coffee &hellip; <a href=\"https:\/\/andyschleckcycles.lu\/fr\/evenements\/demo-days\/\" class=\"more-link\">continuer la lecture <span class=\"screen-reader-text\">Demo Days<\/span><\/a><\/p>","protected":false},"author":1,"featured_media":0,"parent":0,"menu_order":0,"comment_status":"closed","ping_status":"closed","template":"","meta":{"footnotes":""},"folder":[],"class_list":["post-24781","page","type-page","status-publish","hentry"],"_links":{"self":[{"href":"https:\/\/andyschleckcycles.lu\/fr\/wp-json\/wp\/v2\/pages\/24781","targetHints":{"allow":["GET"]}}],"collection":[{"href":"https:\/\/andyschleckcycles.lu\/fr\/wp-json\/wp\/v2\/pages"}],"about":[{"href":"https:\/\/andyschleckcycles.lu\/fr\/wp-json\/wp\/v2\/types\/page"}],"author":[{"embeddable":true,"href":"https:\/\/andyschleckcycles.lu\/fr\/wp-json\/wp\/v2\/users\/1"}],"replies":[{"embeddable":true,"href":"https:\/\/andyschleckcycles.lu\/fr\/wp-json\/wp\/v2\/comments?post=24781"}],"version-history":[{"count":52,"href":"https:\/\/andyschleckcycles.lu\/fr\/wp-json\/wp\/v2\/pages\/24781\/revisions"}],"predecessor-version":[{"id":25098,"href":"https:\/\/andyschleckcycles.lu\/fr\/wp-json\/wp\/v2\/pages\/24781\/revisions\/25098"}],"wp:attachment":[{"href":"https:\/\/andyschleckcycles.lu\/fr\/wp-json\/wp\/v2\/media?parent=24781"}],"wp:term":[{"taxonomy":"folder","embeddable":true,"href":"https:\/\/andyschleckcycles.lu\/fr\/wp-json\/wp\/v2\/folder?post=24781"}],"curies":[{"name":"wp","href":"https:\/\/api.w.org\/{rel}","templated":true}]}}