{"id":24136,"date":"2024-12-11T09:38:30","date_gmt":"2024-12-11T07:38:30","guid":{"rendered":"https:\/\/andyschleckcycles.lu\/?page_id=24136"},"modified":"2025-02-08T09:13:43","modified_gmt":"2025-02-08T07:13:43","slug":"services-dentretien-des-velos","status":"publish","type":"page","link":"https:\/\/andyschleckcycles.lu\/fr\/services-dentretien-des-velos\/","title":{"rendered":"\u00c9change de v\u00e9los"},"content":{"rendered":"<div data-elementor-type=\"wp-page\" data-elementor-id=\"24136\" class=\"elementor elementor-24136\" data-elementor-post-type=\"page\">\n\t\t\t\t<div class=\"elementor-element elementor-element-842e80c e-con-full e-flex e-con e-parent\" data-id=\"842e80c\" data-element_type=\"container\" data-settings=\"{&quot;background_background&quot;:&quot;classic&quot;}\">\n\t\t\t\t<div class=\"elementor-element elementor-element-71d72de elementor-widget elementor-widget-heading\" data-id=\"71d72de\" data-element_type=\"widget\" data-widget_type=\"heading.default\">\n\t\t\t\t\t<h1 class=\"elementor-heading-title elementor-size-default\">\u00c9change de v\u00e9los<\/h1>\t\t\t\t<\/div>\n\t\t\t\t<\/div>\n\t\t<div class=\"elementor-element elementor-element-a43f80a e-flex e-con-boxed e-con e-parent\" data-id=\"a43f80a\" data-element_type=\"container\" data-settings=\"{&quot;background_background&quot;:&quot;classic&quot;}\">\n\t\t\t\t\t<div class=\"e-con-inner\">\n\t\t<div class=\"elementor-element elementor-element-a679e19 e-flex e-con-boxed e-con e-child\" data-id=\"a679e19\" data-element_type=\"container\" data-settings=\"{&quot;background_background&quot;:&quot;classic&quot;}\">\n\t\t\t\t\t<div class=\"e-con-inner\">\n\t\t\t\t<div class=\"elementor-element elementor-element-fde535b elementor-widget elementor-widget-heading\" data-id=\"fde535b\" data-element_type=\"widget\" data-widget_type=\"heading.default\">\n\t\t\t\t\t<h3 class=\"elementor-heading-title elementor-size-default\">Donnez une seconde vie \u00e0 votre v\u00e9lo \u00e9lectrique avec Andy Schleck Cycles !<\/h3>\t\t\t\t<\/div>\n\t\t\t\t<div class=\"elementor-element elementor-element-2c162f5 elementor-widget elementor-widget-text-editor\" data-id=\"2c162f5\" data-element_type=\"widget\" data-widget_type=\"text-editor.default\">\n\t\t\t\t\t\t\t\t\tChez Andy Schleck Cycles, nous vous offrons la possibilit\u00e9 de reprendre votre v\u00e9lo \u00e0 assistance \u00e9lectrique (E-Bike) pour l\u2019achat d\u2019un nouveau mod\u00e8le en magasin.\t\t\t\t\t\t\t\t<\/div>\n\t\t\t\t\t<\/div>\n\t\t\t\t<\/div>\n\t\t\t\t\t<\/div>\n\t\t\t\t<\/div>\n\t\t<div class=\"elementor-element elementor-element-a1d66b8 e-flex e-con-boxed e-con e-parent\" data-id=\"a1d66b8\" data-element_type=\"container\">\n\t\t\t\t\t<div class=\"e-con-inner\">\n\t\t<div class=\"elementor-element elementor-element-ffc5356 e-con-full e-flex e-con e-child\" data-id=\"ffc5356\" data-element_type=\"container\">\n\t\t\t\t<div class=\"elementor-element elementor-element-25aa5fa elementor-widget elementor-widget-heading\" data-id=\"25aa5fa\" data-element_type=\"widget\" data-widget_type=\"heading.default\">\n\t\t\t\t\t<h3 class=\"elementor-heading-title elementor-size-default\">Une \u00c9valuation Simple et Gratuite<\/h3>\t\t\t\t<\/div>\n\t\t\t\t<div class=\"elementor-element elementor-element-e66ef21 elementor-widget elementor-widget-text-editor\" data-id=\"e66ef21\" data-element_type=\"widget\" data-widget_type=\"text-editor.default\">\n\t\t\t\t\t\t\t\t\t<p>Nous estimons gratuitement la valeur de votre VAE, sans engagement ni obligation d\u2019achat.<\/p>\t\t\t\t\t\t\t\t<\/div>\n\t\t\t\t<div class=\"elementor-element elementor-element-4b145fc elementor-widget elementor-widget-heading\" data-id=\"4b145fc\" data-element_type=\"widget\" data-widget_type=\"heading.default\">\n\t\t\t\t\t<h3 class=\"elementor-heading-title elementor-size-default\">Conditions de reprise<\/h3>\t\t\t\t<\/div>\n\t\t\t\t<div class=\"elementor-element elementor-element-24fab1d elementor-widget elementor-widget-text-editor\" data-id=\"24fab1d\" data-element_type=\"widget\" data-widget_type=\"text-editor.default\">\n\t\t\t\t\t\t\t\t\t<p>Pour b\u00e9n\u00e9ficier de notre service, veuillez respecter les crit\u00e8res suivants :<\/p><ul><li><strong>Type de v\u00e9lo<\/strong>: Seuls les v\u00e9los \u00e0 assistance \u00e9lectrique (E-Bike) sont accept\u00e9s.<\/li><li><strong>V\u00e9lo fonctionnel<\/strong>Le v\u00e9lo doit \u00eatre en \u00e9tat de fonctionnement.<\/li><li><strong>Facture d\u2019achat<\/strong>:Fournir la preuve d\u2019achat de votre v\u00e9lo.<\/li><li><strong>\u00c9quipement complet<\/strong>:Apporter le v\u00e9lo, au moins une cl\u00e9, et le chargeur de la batterie.<\/li><li><strong>Achat en magasin<\/strong>:La reprise est applicable uniquement pour l\u2019achat d\u2019un v\u00e9lo neuf chez nous.<\/li><\/ul><p>\u00a0<\/p><p><strong>Note<\/strong>:La valeur de reprise est calcul\u00e9e sur le mod\u00e8le d\u2019origine du v\u00e9lo. Les accessoires install\u00e9s apr\u00e8s l\u2019achat ne sont pas pris en compte.<\/p>\t\t\t\t\t\t\t\t<\/div>\n\t\t\t\t<\/div>\n\t\t<div class=\"elementor-element elementor-element-9951818 e-con-full e-flex e-con e-child\" data-id=\"9951818\" data-element_type=\"container\">\n\t\t\t\t<div class=\"elementor-element elementor-element-8527ed6 elementor-widget elementor-widget-image\" data-id=\"8527ed6\" data-element_type=\"widget\" data-widget_type=\"image.default\">\n\t\t\t\t\t\t\t\t\t\t\t\t\t\t\t<img fetchpriority=\"high\" decoding=\"async\" width=\"462\" height=\"462\" src=\"https:\/\/andyschleckcycles.lu\/wp-content\/uploads\/2024\/12\/Trek-Electric-Bike-462x462.jpg\" class=\"attachment-large size-large wp-image-24139\" alt=\"\" title=\"\">\t\t\t\t\t\t\t\t\t\t\t\t\t\t\t<\/div>\n\t\t\t\t<\/div>\n\t\t\t\t\t<\/div>\n\t\t\t\t<\/div>\n\t\t<div class=\"elementor-element elementor-element-f278c4e e-flex e-con-boxed e-con e-parent\" data-id=\"f278c4e\" data-element_type=\"container\" data-settings=\"{&quot;background_background&quot;:&quot;classic&quot;}\">\n\t\t\t\t\t<div class=\"e-con-inner\">\n\t\t<div class=\"elementor-element elementor-element-c6c5cf7 e-flex e-con-boxed e-con e-child\" data-id=\"c6c5cf7\" data-element_type=\"container\">\n\t\t\t\t\t<div class=\"e-con-inner\">\n\t\t\t\t<div class=\"elementor-element elementor-element-de8be47 elementor-widget elementor-widget-heading\" data-id=\"de8be47\" data-element_type=\"widget\" data-widget_type=\"heading.default\">\n\t\t\t\t\t<h3 class=\"elementor-heading-title elementor-size-default\">Une Seconde Vie pour Votre V\u00e9lo<\/h3>\t\t\t\t<\/div>\n\t\t\t\t<div class=\"elementor-element elementor-element-de4f7f7 elementor-widget elementor-widget-text-editor\" data-id=\"de4f7f7\" data-element_type=\"widget\" data-widget_type=\"text-editor.default\">\n\t\t\t\t\t\t\t\t\t<p>Une fois repris, votre ancien v\u00e9lo est envoy\u00e9 chez notre partenaire sp\u00e9cialis\u00e9, o\u00f9 il sera soigneusement reconditionn\u00e9 pour entamer une nouvelle vie.<\/p>\t\t\t\t\t\t\t\t<\/div>\n\t\t\t\t<div class=\"elementor-element elementor-element-9a4ed63 elementor-widget elementor-widget-heading\" data-id=\"9a4ed63\" data-element_type=\"widget\" data-widget_type=\"heading.default\">\n\t\t\t\t\t<h3 class=\"elementor-heading-title elementor-size-default\">Pr\u00eat \u00e0 passer \u00e0 un nouveau v\u00e9lo ?<\/h3>\t\t\t\t<\/div>\n\t\t\t\t<div class=\"elementor-element elementor-element-3613de2 elementor-widget elementor-widget-text-editor\" data-id=\"3613de2\" data-element_type=\"widget\" data-widget_type=\"text-editor.default\">\n\t\t\t\t\t\t\t\t\t<p>Visit us in-store for a free valuation and ride away with a new model that perfectly suits your needs! \ud83d\udeb4\u200d\u2642\ufe0f\u267b\ufe0f<\/p>\t\t\t\t\t\t\t\t<\/div>\n\t\t\t\t\t<\/div>\n\t\t\t\t<\/div>\n\t\t\t\t\t<\/div>\n\t\t\t\t<\/div>\n\t\t\t\t<\/div>","protected":false},"excerpt":{"rendered":"<p>Bike Trade-In Give Your Electric Bike a Second Life with Andy Schleck Cycles! At Andy Schleck Cycles, we offer you the opportunity to trade in your electric bike (E-Bike) when purchasing a new model in-store. A Simple and Free Evaluation We provide a free valuation of your E-Bike with no obligation or commitment to purchase. &hellip; <a href=\"https:\/\/andyschleckcycles.lu\/fr\/services-dentretien-des-velos\/\" class=\"more-link\">continuer la lecture <span class=\"screen-reader-text\">\u00c9change de v\u00e9los<\/span><\/a><\/p>","protected":false},"author":2,"featured_media":0,"parent":0,"menu_order":0,"comment_status":"closed","ping_status":"closed","template":"elementor_header_footer","meta":{"footnotes":""},"folder":[],"class_list":["post-24136","page","type-page","status-publish","hentry"],"_links":{"self":[{"href":"https:\/\/andyschleckcycles.lu\/fr\/wp-json\/wp\/v2\/pages\/24136","targetHints":{"allow":["GET"]}}],"collection":[{"href":"https:\/\/andyschleckcycles.lu\/fr\/wp-json\/wp\/v2\/pages"}],"about":[{"href":"https:\/\/andyschleckcycles.lu\/fr\/wp-json\/wp\/v2\/types\/page"}],"author":[{"embeddable":true,"href":"https:\/\/andyschleckcycles.lu\/fr\/wp-json\/wp\/v2\/users\/2"}],"replies":[{"embeddable":true,"href":"https:\/\/andyschleckcycles.lu\/fr\/wp-json\/wp\/v2\/comments?post=24136"}],"version-history":[{"count":28,"href":"https:\/\/andyschleckcycles.lu\/fr\/wp-json\/wp\/v2\/pages\/24136\/revisions"}],"predecessor-version":[{"id":24350,"href":"https:\/\/andyschleckcycles.lu\/fr\/wp-json\/wp\/v2\/pages\/24136\/revisions\/24350"}],"wp:attachment":[{"href":"https:\/\/andyschleckcycles.lu\/fr\/wp-json\/wp\/v2\/media?parent=24136"}],"wp:term":[{"taxonomy":"folder","embeddable":true,"href":"https:\/\/andyschleckcycles.lu\/fr\/wp-json\/wp\/v2\/folder?post=24136"}],"curies":[{"name":"wp","href":"https:\/\/api.w.org\/{rel}","templated":true}]}}