{"id":23987,"date":"2024-12-05T08:04:36","date_gmt":"2024-12-05T06:04:36","guid":{"rendered":"https:\/\/andyschleckcycles.lu\/?page_id=23987"},"modified":"2025-02-08T09:38:59","modified_gmt":"2025-02-08T07:38:59","slug":"montage-de-velo","status":"publish","type":"page","link":"https:\/\/andyschleckcycles.lu\/fr\/montage-de-velo\/","title":{"rendered":"Bike Fitting"},"content":{"rendered":"<div data-elementor-type=\"wp-page\" data-elementor-id=\"23987\" class=\"elementor elementor-23987\" data-elementor-post-type=\"page\">\n\t\t\t\t<div class=\"elementor-element elementor-element-8e0819a e-con-full e-flex e-con e-parent\" data-id=\"8e0819a\" data-element_type=\"container\" data-settings=\"{&quot;background_background&quot;:&quot;classic&quot;}\">\n\t\t\t\t<div class=\"elementor-element elementor-element-e52aea7 elementor-widget elementor-widget-heading\" data-id=\"e52aea7\" data-element_type=\"widget\" data-widget_type=\"heading.default\">\n\t\t\t\t\t<h1 class=\"elementor-heading-title elementor-size-default\">Bike Fitting<\/h1>\t\t\t\t<\/div>\n\t\t\t\t<\/div>\n\t\t<div class=\"elementor-element elementor-element-c45fe99 e-flex e-con-boxed e-con e-parent\" data-id=\"c45fe99\" data-element_type=\"container\">\n\t\t\t\t\t<div class=\"e-con-inner\">\n\t\t<div class=\"elementor-element elementor-element-79cee60 e-flex e-con-boxed e-con e-child\" data-id=\"79cee60\" data-element_type=\"container\">\n\t\t\t\t\t<div class=\"e-con-inner\">\n\t\t<div class=\"elementor-element elementor-element-ff5cf3a e-flex e-con-boxed e-con e-child\" data-id=\"ff5cf3a\" data-element_type=\"container\">\n\t\t\t\t\t<div class=\"e-con-inner\">\n\t\t\t\t<div class=\"elementor-element elementor-element-0fe186e elementor-widget elementor-widget-text-editor\" data-id=\"0fe186e\" data-element_type=\"widget\" data-widget_type=\"text-editor.default\">\n\t\t\t\t\t\t\t\t\t<p>Chez Andy Schleck Cycles, nous pensons que chaque cycliste, du d\u00e9butant \u00e0 l\u2019athl\u00e8te de haut niveau, m\u00e9rite un v\u00e9lo qui devient une extension de son corps. Nos services de bike fitting sont con\u00e7us pour am\u00e9liorer le confort, pr\u00e9venir les blessures et optimiser les performances, pour que chaque kilom\u00e8tre soit plus fluide et plus efficace.<\/p>\t\t\t\t\t\t\t\t<\/div>\n\t\t\t\t<div class=\"elementor-element elementor-element-3f30acd elementor-widget elementor-widget-heading\" data-id=\"3f30acd\" data-element_type=\"widget\" data-widget_type=\"heading.default\">\n\t\t\t\t\t<h5 class=\"elementor-heading-title elementor-size-default\">Pourquoi Faire un Bike Fit ?<\/h5>\t\t\t\t<\/div>\n\t\t\t\t<div class=\"elementor-element elementor-element-12bb92b elementor-widget elementor-widget-text-editor\" data-id=\"12bb92b\" data-element_type=\"widget\" data-widget_type=\"text-editor.default\">\n\t\t\t\t\t\t\t\t\t<p><span style=\"text-align: var(--text-align); color: var(--body-color); font-family: var(--tb-text-primary-font);\">Un bon bike fitting ne se r\u00e9sume pas \u00e0 ajuster la hauteur de la selle \u2013 il s\u2019agit de cr\u00e9er une v\u00e9ritable harmonie entre vous et votre v\u00e9lo. Un v\u00e9lo bien ajust\u00e9 vous permettra d\u2019am\u00e9liorer votre puissance, votre endurance et votre confort, que vous rouliez sur route, sur sentiers ou sur piste. Un bike fitting adapt\u00e9 r\u00e9duit \u00e9galement les risques de blessures souvent caus\u00e9es par une mauvaise position, comme les douleurs aux genoux, au dos ou les engourdissements.<\/span><\/p>\t\t\t\t\t\t\t\t<\/div>\n\t\t\t\t\t<\/div>\n\t\t\t\t<\/div>\n\t\t<div class=\"elementor-element elementor-element-95900a7 e-flex e-con-boxed e-con e-child\" data-id=\"95900a7\" data-element_type=\"container\">\n\t\t\t\t\t<div class=\"e-con-inner\">\n\t\t<div class=\"elementor-element elementor-element-cb3643f e-con-full e-flex e-con e-child\" data-id=\"cb3643f\" data-element_type=\"container\">\n\t\t\t\t<div class=\"elementor-element elementor-element-0b229ca elementor-align-right elementor-widget elementor-widget-button\" data-id=\"0b229ca\" data-element_type=\"widget\" data-widget_type=\"button.default\">\n\t\t\t\t\t\t\t\t\t\t<a class=\"elementor-button elementor-button-link elementor-size-sm\" href=\"#booking\">\n\t\t\t\t\t\t<span class=\"elementor-button-content-wrapper\">\n\t\t\t\t\t\t\t\t\t<span class=\"elementor-button-text\">Prise de RDV<\/span>\n\t\t\t\t\t<\/span>\n\t\t\t\t\t<\/a>\n\t\t\t\t\t\t\t\t<\/div>\n\t\t\t\t<\/div>\n\t\t<div class=\"elementor-element elementor-element-c0d8f60 e-con-full e-flex e-con e-child\" data-id=\"c0d8f60\" data-element_type=\"container\" id=\"process\">\n\t\t\t\t<div class=\"elementor-element elementor-element-61ca3b5 elementor-mobile-align-center elementor-widget elementor-widget-button\" data-id=\"61ca3b5\" data-element_type=\"widget\" data-widget_type=\"button.default\">\n\t\t\t\t\t\t\t\t\t\t<a class=\"elementor-button elementor-button-link elementor-size-sm\" href=\"#process\">\n\t\t\t\t\t\t<span class=\"elementor-button-content-wrapper\">\n\t\t\t\t\t\t<span class=\"elementor-button-icon\">\n\t\t\t\t<i aria-hidden=\"true\" class=\"far fa-arrow-alt-circle-down\"><\/i>\t\t\t<\/span>\n\t\t\t\t\t\t\t\t\t<span class=\"elementor-button-text\">En savoir plus<\/span>\n\t\t\t\t\t<\/span>\n\t\t\t\t\t<\/a>\n\t\t\t\t\t\t\t\t<\/div>\n\t\t\t\t<\/div>\n\t\t\t\t\t<\/div>\n\t\t\t\t<\/div>\n\t\t\t\t\t<\/div>\n\t\t\t\t<\/div>\n\t\t\t\t\t<\/div>\n\t\t\t\t<\/div>\n\t\t<div class=\"elementor-element elementor-element-9abccd3 e-flex e-con-boxed e-con e-parent\" data-id=\"9abccd3\" data-element_type=\"container\" data-settings=\"{&quot;background_background&quot;:&quot;classic&quot;}\">\n\t\t\t\t\t<div class=\"e-con-inner\">\n\t\t<div class=\"elementor-element elementor-element-6d34daa e-con-full e-flex e-con e-child\" data-id=\"6d34daa\" data-element_type=\"container\" data-settings=\"{&quot;background_background&quot;:&quot;classic&quot;}\">\n\t\t\t\t<div class=\"elementor-element elementor-element-b58296d elementor-widget elementor-widget-heading\" data-id=\"b58296d\" data-element_type=\"widget\" data-widget_type=\"heading.default\">\n\t\t\t\t\t<h5 class=\"elementor-heading-title elementor-size-default\">Processus de Bike Fitting<\/h5>\t\t\t\t<\/div>\n\t\t<div class=\"elementor-element elementor-element-e727cb1 e-flex e-con-boxed e-con e-child\" data-id=\"e727cb1\" data-element_type=\"container\">\n\t\t\t\t\t<div class=\"e-con-inner\">\n\t\t\t\t<div class=\"elementor-element elementor-element-6ff7732 elementor-widget elementor-widget-text-editor\" data-id=\"6ff7732\" data-element_type=\"widget\" data-widget_type=\"text-editor.default\">\n\t\t\t\t\t\t\t\t\t<p>Notre service de bike fitting est con\u00e7u pour vous offrir une exp\u00e9rience personnalis\u00e9e et professionnelle, garantissant que votre v\u00e9lo est parfaitement ajust\u00e9 \u00e0 votre morphologie, style de p\u00e9dalage et objectifs de performance.<\/p>\t\t\t\t\t\t\t\t<\/div>\n\t\t\t\t<div class=\"elementor-element elementor-element-0744041 elementor-widget elementor-widget-text-editor\" data-id=\"0744041\" data-element_type=\"widget\" data-widget_type=\"text-editor.default\">\n\t\t\t\t\t\t\t\t\t<p>Voici les \u00e9tapes d\u00e9taill\u00e9es de notre processus de bike fitting :<\/p>\t\t\t\t\t\t\t\t<\/div>\n\t\t<div class=\"elementor-element elementor-element-237a277 e-flex e-con-boxed e-con e-child\" data-id=\"237a277\" data-element_type=\"container\">\n\t\t\t\t\t<div class=\"e-con-inner\">\n\t\t\t\t<div class=\"elementor-element elementor-element-ab9bbe4 elementor-widget elementor-widget-heading\" data-id=\"ab9bbe4\" data-element_type=\"widget\" data-widget_type=\"heading.default\">\n\t\t\t\t\t<h3 class=\"elementor-heading-title elementor-size-default\">\t1.\tInterview et Discussion<\/h3>\t\t\t\t<\/div>\n\t\t\t\t<div class=\"elementor-element elementor-element-ff2228e elementor-widget elementor-widget-text-editor\" data-id=\"ff2228e\" data-element_type=\"widget\" data-widget_type=\"text-editor.default\">\n\t\t\t\t\t\t\t\t\t<p>Nous commen\u00e7ons par une discussion approfondie pour comprendre vos objectifs, votre exp\u00e9rience en cyclisme, et les \u00e9ventuelles douleurs ou inconforts que vous ressentez en roulant. Cette \u00e9tape nous aide \u00e0 cerner vos besoins sp\u00e9cifiques pour adapter le fitting \u00e0 vos attentes.<\/p>\t\t\t\t\t\t\t\t<\/div>\n\t\t\t\t\t<\/div>\n\t\t\t\t<\/div>\n\t\t<div class=\"elementor-element elementor-element-9af9b39 e-flex e-con-boxed e-con e-child\" data-id=\"9af9b39\" data-element_type=\"container\">\n\t\t\t\t\t<div class=\"e-con-inner\">\n\t\t\t\t<div class=\"elementor-element elementor-element-8b3042d elementor-widget elementor-widget-heading\" data-id=\"8b3042d\" data-element_type=\"widget\" data-widget_type=\"heading.default\">\n\t\t\t\t\t<h3 class=\"elementor-heading-title elementor-size-default\">\t2.\tExamen du Cycliste<\/h3>\t\t\t\t<\/div>\n\t\t\t\t<div class=\"elementor-element elementor-element-6815ac2 elementor-widget elementor-widget-text-editor\" data-id=\"6815ac2\" data-element_type=\"widget\" data-widget_type=\"text-editor.default\">\n\t\t\t\t\t\t\t\t\t<p>Nous effectuons une s\u00e9rie de tests fonctionnels pour \u00e9valuer votre souplesse, force, mobilit\u00e9, et alignement postural. Ces tests permettent d\u2019identifier vos particularit\u00e9s physiques et d\u2019adapter la position du v\u00e9lo en fonction de vos capacit\u00e9s.<\/p>\t\t\t\t\t\t\t\t<\/div>\n\t\t\t\t\t<\/div>\n\t\t\t\t<\/div>\n\t\t<div class=\"elementor-element elementor-element-929a963 e-flex e-con-boxed e-con e-child\" data-id=\"929a963\" data-element_type=\"container\">\n\t\t\t\t\t<div class=\"e-con-inner\">\n\t\t\t\t<div class=\"elementor-element elementor-element-9fea981 elementor-widget elementor-widget-heading\" data-id=\"9fea981\" data-element_type=\"widget\" data-widget_type=\"heading.default\">\n\t\t\t\t\t<h3 class=\"elementor-heading-title elementor-size-default\">\t3.\tAnalyse du Mat\u00e9riel<\/h3>\t\t\t\t<\/div>\n\t\t\t\t<div class=\"elementor-element elementor-element-b8f9ae1 elementor-widget elementor-widget-text-editor\" data-id=\"b8f9ae1\" data-element_type=\"widget\" data-widget_type=\"text-editor.default\">\n\t\t\t\t\t\t\t\t\t<p>Nous passons en revue les \u00e9l\u00e9ments essentiels de votre \u00e9quipement, y compris vos chaussures, semelles, cales, et bien s\u00fbr votre v\u00e9lo. Chaque \u00e9l\u00e9ment est examin\u00e9 pour s\u2019assurer qu\u2019il convient \u00e0 votre style et qu\u2019il peut \u00eatre optimis\u00e9 pour votre confort et performance.<\/p>\t\t\t\t\t\t\t\t<\/div>\n\t\t\t\t\t<\/div>\n\t\t\t\t<\/div>\n\t\t<div class=\"elementor-element elementor-element-b43c485 e-flex e-con-boxed e-con e-child\" data-id=\"b43c485\" data-element_type=\"container\">\n\t\t\t\t\t<div class=\"e-con-inner\">\n\t\t\t\t<div class=\"elementor-element elementor-element-4592c32 elementor-widget elementor-widget-heading\" data-id=\"4592c32\" data-element_type=\"widget\" data-widget_type=\"heading.default\">\n\t\t\t\t\t<h3 class=\"elementor-heading-title elementor-size-default\">\t4.\tAnalyse Statique et Dynamique sur le V\u00e9lo<\/h3>\t\t\t\t<\/div>\n\t\t\t\t<div class=\"elementor-element elementor-element-1276658 elementor-widget elementor-widget-text-editor\" data-id=\"1276658\" data-element_type=\"widget\" data-widget_type=\"text-editor.default\">\n\t\t\t\t\t\t\t\t\t<ul><li><strong>Prise de Mesures<\/strong>: Nous prenons des mesures pr\u00e9cises pour ajuster chaque pi\u00e8ce de votre v\u00e9lo \u00e0 vos dimensions.<\/li><li><strong>Analyse vid\u00e9o<\/strong>: Une analyse vid\u00e9o dynamique est r\u00e9alis\u00e9e pour observer votre positionnement en mouvement et v\u00e9rifier que la position est fluide et sans tension.<\/li><li><strong>Mesure de la Pression de Selle<\/strong>: Nous analysons la r\u00e9partition de votre poids sur la selle afin de minimiser les points de pression et d\u2019am\u00e9liorer le confort.<\/li><li><strong>Test de Selle (si n\u00e9cessaire)<\/strong>: Si des probl\u00e8mes de confort persistent, nous proposons un test de selle pour d\u00e9terminer si un changement de mod\u00e8le pourrait am\u00e9liorer votre confort.<\/li><\/ul>\t\t\t\t\t\t\t\t<\/div>\n\t\t\t\t\t<\/div>\n\t\t\t\t<\/div>\n\t\t<div class=\"elementor-element elementor-element-5559e26 e-flex e-con-boxed e-con e-child\" data-id=\"5559e26\" data-element_type=\"container\">\n\t\t\t\t\t<div class=\"e-con-inner\">\n\t\t\t\t<div class=\"elementor-element elementor-element-1114cc2 elementor-widget elementor-widget-heading\" data-id=\"1114cc2\" data-element_type=\"widget\" data-widget_type=\"heading.default\">\n\t\t\t\t\t<h3 class=\"elementor-heading-title elementor-size-default\">\t5.\tR\u00e9glages du V\u00e9lo et V\u00e9rification de la Nouvelle Position<\/h3>\t\t\t\t<\/div>\n\t\t\t\t<div class=\"elementor-element elementor-element-2c7f6a0 elementor-widget elementor-widget-text-editor\" data-id=\"2c7f6a0\" data-element_type=\"widget\" data-widget_type=\"text-editor.default\">\n\t\t\t\t\t\t\t\t\t<p>Apr\u00e8s les analyses, nous ajustons chaque composant du v\u00e9lo \u2013 hauteur et inclinaison de la selle, position des cales, hauteur et orientation du guidon, etc. Une fois les r\u00e9glages effectu\u00e9s, nous v\u00e9rifions minutieusement votre nouvelle position pour garantir qu\u2019elle r\u00e9pond \u00e0 vos besoins en termes de confort et performance.<\/p>\t\t\t\t\t\t\t\t<\/div>\n\t\t\t\t\t<\/div>\n\t\t\t\t<\/div>\n\t\t<div class=\"elementor-element elementor-element-b020ed7 e-flex e-con-boxed e-con e-child\" data-id=\"b020ed7\" data-element_type=\"container\">\n\t\t\t\t\t<div class=\"e-con-inner\">\n\t\t\t\t<div class=\"elementor-element elementor-element-0f2eca6 elementor-widget elementor-widget-heading\" data-id=\"0f2eca6\" data-element_type=\"widget\" data-widget_type=\"heading.default\">\n\t\t\t\t\t<h3 class=\"elementor-heading-title elementor-size-default\">\t6.\tSuivi Post-Fitting (si n\u00e9cessaire)<\/h3>\t\t\t\t<\/div>\n\t\t\t\t<div class=\"elementor-element elementor-element-826d33b elementor-widget elementor-widget-text-editor\" data-id=\"826d33b\" data-element_type=\"widget\" data-widget_type=\"text-editor.default\">\n\t\t\t\t\t\t\t\t\t<p>Nous proposons une s\u00e9ance de suivi apr\u00e8s 15 \u00e0 20 sorties pour faire les ajustements n\u00e9cessaires. Ce suivi permet d&#039;affiner les r\u00e9glages en fonction de vos retours sur le long terme.<\/p>\t\t\t\t\t\t\t\t<\/div>\n\t\t\t\t\t<\/div>\n\t\t\t\t<\/div>\n\t\t<div class=\"elementor-element elementor-element-f3d319d e-flex e-con-boxed e-con e-child\" data-id=\"f3d319d\" data-element_type=\"container\">\n\t\t\t\t\t<div class=\"e-con-inner\">\n\t\t\t\t<div class=\"elementor-element elementor-element-94845cd elementor-widget elementor-widget-heading\" data-id=\"94845cd\" data-element_type=\"widget\" data-widget_type=\"heading.default\">\n\t\t\t\t\t<h3 class=\"elementor-heading-title elementor-size-default\">Dur\u00e9e du service : environ 2 heures<\/h3>\t\t\t\t<\/div>\n\t\t\t\t<div class=\"elementor-element elementor-element-ecf8990 elementor-widget elementor-widget-text-editor\" data-id=\"ecf8990\" data-element_type=\"widget\" data-widget_type=\"text-editor.default\">\n\t\t\t\t\t\t\t\t\t<p>Chaque \u00e9tape de notre processus est pens\u00e9e pour vous offrir un ajustement pr\u00e9cis et personnalis\u00e9. R\u00e9servez votre s\u00e9ance de bike fitting aujourd\u2019hui pour profiter d\u2019une exp\u00e9rience de cyclisme am\u00e9lior\u00e9e, sans douleur et avec une efficacit\u00e9 optimis\u00e9e.<\/p>\t\t\t\t\t\t\t\t<\/div>\n\t\t\t\t\t<\/div>\n\t\t\t\t<\/div>\n\t\t\t\t\t<\/div>\n\t\t\t\t<\/div>\n\t\t\t\t<\/div>\n\t\t<div class=\"elementor-element elementor-element-a407411 e-con-full e-flex e-con e-child\" data-id=\"a407411\" data-element_type=\"container\" data-settings=\"{&quot;background_background&quot;:&quot;classic&quot;,&quot;background_motion_fx_motion_fx_scrolling&quot;:&quot;yes&quot;,&quot;background_motion_fx_translateX_effect&quot;:&quot;yes&quot;,&quot;background_motion_fx_range&quot;:&quot;page&quot;,&quot;background_motion_fx_translateX_speed&quot;:{&quot;unit&quot;:&quot;px&quot;,&quot;size&quot;:4,&quot;sizes&quot;:[]},&quot;background_motion_fx_translateX_affectedRange&quot;:{&quot;unit&quot;:&quot;%&quot;,&quot;size&quot;:&quot;&quot;,&quot;sizes&quot;:{&quot;start&quot;:0,&quot;end&quot;:100}},&quot;background_motion_fx_devices&quot;:[&quot;desktop&quot;,&quot;tablet&quot;,&quot;mobile&quot;]}\">\n\t\t\t\t<\/div>\n\t\t\t\t\t<\/div>\n\t\t\t\t<\/div>\n\t\t<div class=\"elementor-element elementor-element-8204214 e-flex e-con-boxed e-con e-child\" data-id=\"8204214\" data-element_type=\"container\" id=\"booking\">\n\t\t\t\t\t<div class=\"e-con-inner\">\n\t\t<div class=\"elementor-element elementor-element-7341b91 e-flex e-con-boxed e-con e-child\" data-id=\"7341b91\" data-element_type=\"container\">\n\t\t\t\t\t<div class=\"e-con-inner\">\n\t\t\t\t<div class=\"elementor-element elementor-element-23905f4 elementor-widget elementor-widget-heading\" data-id=\"23905f4\" data-element_type=\"widget\" data-widget_type=\"heading.default\">\n\t\t\t\t\t<h5 class=\"elementor-heading-title elementor-size-default\">Processus de Bike Fitting<\/h5>\t\t\t\t<\/div>\n\t\t\t\t<div class=\"elementor-element elementor-element-ad64ce7 elementor-widget elementor-widget-text-editor\" data-id=\"ad64ce7\" data-element_type=\"widget\" data-widget_type=\"text-editor.default\">\n\t\t\t\t\t\t\t\t\t<p>Choisissez le v\u00e9lo id\u00e9al pour vos besoins, qu'il s'agisse d'un v\u00e9lo de ville, d'un v\u00e9lo de course, d'un VTT ou d'un v\u00e9lo \u00e9lectrique. Notre \u00e9quipe peut vous aider \u00e0 trouver le mod\u00e8le id\u00e9al qui correspond \u00e0 votre style de vie.<\/p>\t\t\t\t\t\t\t\t<\/div>\n\t\t\t\t<div class=\"elementor-element elementor-element-f5d3c86 elementor-widget elementor-widget-text-editor\" data-id=\"f5d3c86\" data-element_type=\"widget\" data-widget_type=\"text-editor.default\">\n\t\t\t\t\t\t\t\t\t<table><tbody><tr><td width=\"302\"><p>Fit complet sur un v\u00e9lo existant<\/p><\/td><td width=\"302\"><p>280\u20ac<\/p><\/td><\/tr><tr><td width=\"302\"><p>\u00c9tude posturale pour un nouveau v\u00e9lo<\/p><\/td><td width=\"302\"><p>280\u20ac<\/p><\/td><\/tr><tr><td width=\"302\"><p>R\u00e9glages cales<\/p><\/td><td width=\"302\"><p>50\u20ac<\/p><\/td><\/tr><tr><td width=\"302\"><p>Bikefit 2e v\u00e9lo dans la m\u00eame s\u00e9ance<\/p><\/td><td width=\"302\"><p>100\u20ac<\/p><\/td><\/tr><\/tbody><\/table>\t\t\t\t\t\t\t\t<\/div>\n\t\t\t\t\t<\/div>\n\t\t\t\t<\/div>\n\t\t\t\t\t<\/div>\n\t\t\t\t<\/div>\n\t\t<div class=\"elementor-element elementor-element-9ae3fb0 e-flex e-con-boxed e-con e-parent\" data-id=\"9ae3fb0\" data-element_type=\"container\" data-settings=\"{&quot;background_background&quot;:&quot;classic&quot;}\">\n\t\t\t\t\t<div class=\"e-con-inner\">\n\t\t<div class=\"elementor-element elementor-element-606397f e-con-full e-flex e-con e-child\" data-id=\"606397f\" data-element_type=\"container\">\n\t\t<div class=\"elementor-element elementor-element-1925ffb e-flex e-con-boxed e-con e-child\" data-id=\"1925ffb\" data-element_type=\"container\">\n\t\t\t\t\t<div class=\"e-con-inner\">\n\t\t\t\t<div class=\"elementor-element elementor-element-b397d4e elementor-widget elementor-widget-heading\" data-id=\"b397d4e\" data-element_type=\"widget\" data-widget_type=\"heading.default\">\n\t\t\t\t\t<h5 class=\"elementor-heading-title elementor-size-default\">Prise de RDV<\/h5>\t\t\t\t<\/div>\n\t\t\t\t<div class=\"elementor-element elementor-element-5672092 elementor-widget elementor-widget-text-editor\" data-id=\"5672092\" data-element_type=\"widget\" data-widget_type=\"text-editor.default\">\n\t\t\t\t\t\t\t\t\t<p>R\u00e9servez votre Bike Fitting d\u00e8s aujourd\u2019hui avec Romain en le contactant par e-mail !<\/p>\t\t\t\t\t\t\t\t<\/div>\n\t\t\t\t<div class=\"elementor-element elementor-element-4ea5a3b elementor-mobile-align-left elementor-widget elementor-widget-button\" data-id=\"4ea5a3b\" data-element_type=\"widget\" data-widget_type=\"button.default\">\n\t\t\t\t\t\t\t\t\t\t<a class=\"elementor-button elementor-button-link elementor-size-sm\" href=\"mailto:bikefit@asc.lu\">\n\t\t\t\t\t\t<span class=\"elementor-button-content-wrapper\">\n\t\t\t\t\t\t<span class=\"elementor-button-icon\">\n\t\t\t\t<i aria-hidden=\"true\" class=\"zmdi zmdi-email\"><\/i>\t\t\t<\/span>\n\t\t\t\t\t\t\t\t\t<span class=\"elementor-button-text\">Envoyer un e-mail pour r\u00e9server<\/span>\n\t\t\t\t\t<\/span>\n\t\t\t\t\t<\/a>\n\t\t\t\t\t\t\t\t<\/div>\n\t\t\t\t<div class=\"elementor-element elementor-element-496a648 elementor-widget elementor-widget-text-editor\" data-id=\"496a648\" data-element_type=\"widget\" data-widget_type=\"text-editor.default\">\n\t\t\t\t\t\t\t\t\t<p>bikefit@asc.lu<\/p>\t\t\t\t\t\t\t\t<\/div>\n\t\t\t\t\t<\/div>\n\t\t\t\t<\/div>\n\t\t\t\t<\/div>\n\t\t<div class=\"elementor-element elementor-element-9dcf50c e-con-full e-flex e-con e-child\" data-id=\"9dcf50c\" data-element_type=\"container\" data-settings=\"{&quot;background_background&quot;:&quot;classic&quot;}\">\n\t\t\t\t<\/div>\n\t\t\t\t\t<\/div>\n\t\t\t\t<\/div>\n\t\t\t\t<\/div>","protected":false},"excerpt":{"rendered":"<p>Bike Fitting Unlock your best ride with a customized bike fitting experience tailored to your unique body and riding style. At Andy Schleck Cycles, we believe that every cyclist, from beginners to elite athletes, deserves a bike that feels like an extension of their body. Our bike fitting services are designed to enhance comfort, prevent &hellip; <a href=\"https:\/\/andyschleckcycles.lu\/fr\/montage-de-velo\/\" class=\"more-link\">continuer la lecture <span class=\"screen-reader-text\">Bike Fitting<\/span><\/a><\/p>","protected":false},"author":2,"featured_media":0,"parent":0,"menu_order":0,"comment_status":"closed","ping_status":"closed","template":"elementor_header_footer","meta":{"footnotes":""},"folder":[],"class_list":["post-23987","page","type-page","status-publish","hentry"],"_links":{"self":[{"href":"https:\/\/andyschleckcycles.lu\/fr\/wp-json\/wp\/v2\/pages\/23987","targetHints":{"allow":["GET"]}}],"collection":[{"href":"https:\/\/andyschleckcycles.lu\/fr\/wp-json\/wp\/v2\/pages"}],"about":[{"href":"https:\/\/andyschleckcycles.lu\/fr\/wp-json\/wp\/v2\/types\/page"}],"author":[{"embeddable":true,"href":"https:\/\/andyschleckcycles.lu\/fr\/wp-json\/wp\/v2\/users\/2"}],"replies":[{"embeddable":true,"href":"https:\/\/andyschleckcycles.lu\/fr\/wp-json\/wp\/v2\/comments?post=23987"}],"version-history":[{"count":118,"href":"https:\/\/andyschleckcycles.lu\/fr\/wp-json\/wp\/v2\/pages\/23987\/revisions"}],"predecessor-version":[{"id":24360,"href":"https:\/\/andyschleckcycles.lu\/fr\/wp-json\/wp\/v2\/pages\/23987\/revisions\/24360"}],"wp:attachment":[{"href":"https:\/\/andyschleckcycles.lu\/fr\/wp-json\/wp\/v2\/media?parent=23987"}],"wp:term":[{"taxonomy":"folder","embeddable":true,"href":"https:\/\/andyschleckcycles.lu\/fr\/wp-json\/wp\/v2\/folder?post=23987"}],"curies":[{"name":"wp","href":"https:\/\/api.w.org\/{rel}","templated":true}]}}