{"id":23444,"date":"2024-11-25T08:53:34","date_gmt":"2024-11-25T06:53:34","guid":{"rendered":"https:\/\/andyschleckcycles.lu\/?page_id=23444"},"modified":"2025-02-08T09:27:25","modified_gmt":"2025-02-08T07:27:25","slug":"louer-un-velo","status":"publish","type":"page","link":"https:\/\/andyschleckcycles.lu\/fr\/louer-un-velo\/","title":{"rendered":"Louer un v\u00e9lo"},"content":{"rendered":"<div data-elementor-type=\"wp-page\" data-elementor-id=\"23444\" class=\"elementor elementor-23444\" data-elementor-post-type=\"page\">\n\t\t\t\t<div class=\"elementor-element elementor-element-d17922b e-con-full e-flex e-con e-parent\" data-id=\"d17922b\" data-element_type=\"container\" data-settings=\"{&quot;background_background&quot;:&quot;classic&quot;}\">\n\t\t\t\t<div class=\"elementor-element elementor-element-aeb1a7b elementor-widget elementor-widget-heading\" data-id=\"aeb1a7b\" data-element_type=\"widget\" data-widget_type=\"heading.default\">\n\t\t\t\t\t<h1 class=\"elementor-heading-title elementor-size-default\">Louer un v\u00e9lo<\/h1>\t\t\t\t<\/div>\n\t\t\t\t<\/div>\n\t\t<div class=\"elementor-element elementor-element-4e0c4a6 e-flex e-con-boxed e-con e-parent\" data-id=\"4e0c4a6\" data-element_type=\"container\">\n\t\t\t\t\t<div class=\"e-con-inner\">\n\t\t<div class=\"elementor-element elementor-element-c62837b e-flex e-con-boxed e-con e-child\" data-id=\"c62837b\" data-element_type=\"container\">\n\t\t\t\t\t<div class=\"e-con-inner\">\n\t\t\t\t<div class=\"elementor-element elementor-element-31f275a elementor-widget elementor-widget-heading\" data-id=\"31f275a\" data-element_type=\"widget\" data-widget_type=\"heading.default\">\n\t\t\t\t\t<h3 class=\"elementor-heading-title elementor-size-default\">Leasing de v\u00e9los au Luxembourg - Votre chemin vers une mobilit\u00e9 abordable et respectueuse de l'environnement<\/h3>\t\t\t\t<\/div>\n\t\t\t\t<div class=\"elementor-element elementor-element-a0afe56 elementor-widget elementor-widget-text-editor\" data-id=\"a0afe56\" data-element_type=\"widget\" data-widget_type=\"text-editor.default\">\n\t\t\t\t\t\t\t\t\t<h5 style=\"font-weight: 200;\"><span style=\"text-align: var(--text-align); color: var(--body-color); font-family: var(--tb-text-primary-font); font-size: 17px;\">D\u00e9couvrez les avantages du leasing de v\u00e9los au Luxembourg ! Chez Andy Schleck Cycles, nous facilitons l'acc\u00e8s des particuliers et des entreprises \u00e0 des v\u00e9los de haute qualit\u00e9 gr\u00e2ce \u00e0 des options de leasing flexibles.&nbsp;<\/span><span style=\"color: var(--body-color); font-family: var(--tb-text-primary-font); font-size: 17px; text-align: var(--text-align);\">Que vous fassiez la navette, que vous partiez \u00e0 la d\u00e9couverte ou que vous soyez simplement actif, nos programmes de location de v\u00e9los sont con\u00e7us pour rendre la pratique du v\u00e9lo plus abordable, plus durable et plus agr\u00e9able.<\/span><\/h5><div><span style=\"color: var(--body-color); font-family: var(--tb-text-primary-font); font-size: 17px; text-align: var(--text-align);\"><br><\/span><\/div><div>Contactez-nous ou trouvez plus d'informations ci-dessous pour en savoir plus sur le fonctionnement du leasing de v\u00e9los :<\/div>\n<p><\/p>\t\t\t\t\t\t\t\t<\/div>\n\t\t\t\t\t<\/div>\n\t\t\t\t<\/div>\n\t\t\t\t\t<\/div>\n\t\t\t\t<\/div>\n\t\t<div class=\"elementor-element elementor-element-57578ac e-flex e-con-boxed e-con e-parent\" data-id=\"57578ac\" data-element_type=\"container\">\n\t\t\t\t\t<div class=\"e-con-inner\">\n\t\t<div class=\"elementor-element elementor-element-bf5846f e-con-full e-flex e-con e-child\" data-id=\"bf5846f\" data-element_type=\"container\">\n\t\t\t\t<div class=\"elementor-element elementor-element-e1a2e79 elementor-align-right elementor-widget elementor-widget-button\" data-id=\"e1a2e79\" data-element_type=\"widget\" data-widget_type=\"button.default\">\n\t\t\t\t\t\t\t\t\t\t<a class=\"elementor-button elementor-button-link elementor-size-sm\" href=\"https:\/\/andyschleckcycles.lu\/fr\/nous-contacter\/\">\n\t\t\t\t\t\t<span class=\"elementor-button-content-wrapper\">\n\t\t\t\t\t\t\t\t\t<span class=\"elementor-button-text\">Nous contacter<\/span>\n\t\t\t\t\t<\/span>\n\t\t\t\t\t<\/a>\n\t\t\t\t\t\t\t\t<\/div>\n\t\t\t\t<\/div>\n\t\t<div class=\"elementor-element elementor-element-dcc8d66 e-con-full e-flex e-con e-child\" data-id=\"dcc8d66\" data-element_type=\"container\">\n\t\t\t\t<div class=\"elementor-element elementor-element-8dbd0b1 elementor-mobile-align-center elementor-widget elementor-widget-button\" data-id=\"8dbd0b1\" data-element_type=\"widget\" data-widget_type=\"button.default\">\n\t\t\t\t\t\t\t\t\t\t<a class=\"elementor-button elementor-button-link elementor-size-sm\" href=\"#leasing\">\n\t\t\t\t\t\t<span class=\"elementor-button-content-wrapper\">\n\t\t\t\t\t\t<span class=\"elementor-button-icon\">\n\t\t\t\t<i aria-hidden=\"true\" class=\"far fa-arrow-alt-circle-down\"><\/i>\t\t\t<\/span>\n\t\t\t\t\t\t\t\t\t<span class=\"elementor-button-text\">En savoir plus<\/span>\n\t\t\t\t\t<\/span>\n\t\t\t\t\t<\/a>\n\t\t\t\t\t\t\t\t<\/div>\n\t\t\t\t<\/div>\n\t\t\t\t\t<\/div>\n\t\t\t\t<\/div>\n\t\t<div class=\"elementor-element elementor-element-c7d51a3 e-flex e-con-boxed e-con e-parent\" data-id=\"c7d51a3\" data-element_type=\"container\" id=\"leasing\" data-settings=\"{&quot;background_background&quot;:&quot;classic&quot;}\">\n\t\t\t\t\t<div class=\"e-con-inner\">\n\t\t<div class=\"elementor-element elementor-element-308ef87 e-flex e-con-boxed e-con e-child\" data-id=\"308ef87\" data-element_type=\"container\">\n\t\t\t\t\t<div class=\"e-con-inner\">\n\t\t\t\t<div class=\"elementor-element elementor-element-396ee6b elementor-widget elementor-widget-heading\" data-id=\"396ee6b\" data-element_type=\"widget\" data-widget_type=\"heading.default\">\n\t\t\t\t\t<h3 class=\"elementor-heading-title elementor-size-default\">Pourquoi choisir le leasing de v\u00e9los ?<\/h3>\t\t\t\t<\/div>\n\t\t<div class=\"elementor-element elementor-element-3cab3b2 e-flex e-con-boxed e-con e-child\" data-id=\"3cab3b2\" data-element_type=\"container\">\n\t\t\t\t\t<div class=\"e-con-inner\">\n\t\t\t\t<div class=\"elementor-element elementor-element-21a06c1 elementor-widget elementor-widget-heading\" data-id=\"21a06c1\" data-element_type=\"widget\" data-widget_type=\"heading.default\">\n\t\t\t\t\t<h3 class=\"elementor-heading-title elementor-size-default\">1. Rentabilit\u00e9 et avantages fiscaux<\/h3>\t\t\t\t<\/div>\n\t\t\t\t<div class=\"elementor-element elementor-element-56de436 elementor-widget elementor-widget-text-editor\" data-id=\"56de436\" data-element_type=\"widget\" data-widget_type=\"text-editor.default\">\n\t\t\t\t\t\t\t\t\t<p>Les v\u00e9los d'entreprise b\u00e9n\u00e9ficient d'un traitement fiscal favorable, notamment avec l'absence d'imp\u00f4t sur les avantages en nature pour les salari\u00e9s, ce qui r\u00e9duit \u00e9galement les charges sociales pour l'employeur.<\/p><p>\u00a0<\/p><p>Gr\u00e2ce \u00e0 ces avantages fiscaux, les employ\u00e9s b\u00e9n\u00e9ficient d'une d\u00e9duction salariale pour la location de v\u00e9los sans que cela n'ait d'incidence sur leur revenu imposable.<\/p><p>\u00a0<\/p><p>Le co\u00fbt de la location est donc souvent inf\u00e9rieur \u00e0 celui d'un achat direct, et il inclut g\u00e9n\u00e9ralement des services tels que l'entretien et l'assurance. Ce syst\u00e8me permet aux entreprises de promouvoir la mobilit\u00e9 durable, tandis que les employ\u00e9s b\u00e9n\u00e9ficient d'un moyen de transport \u00e9conomique, \u00e9cologique et pratique pour leur usage quotidien.<\/p><p>\u00a0<\/p><p>Les entreprises peuvent proposer la location de v\u00e9los dans le cadre des avantages sociaux, contribuant ainsi au bien-\u00eatre du personnel tout en b\u00e9n\u00e9ficiant de d\u00e9ductions fiscales et en promouvant la mobilit\u00e9 verte.<\/p>\t\t\t\t\t\t\t\t<\/div>\n\t\t\t\t\t<\/div>\n\t\t\t\t<\/div>\n\t\t<div class=\"elementor-element elementor-element-bd1f97b e-flex e-con-boxed e-con e-child\" data-id=\"bd1f97b\" data-element_type=\"container\">\n\t\t\t\t\t<div class=\"e-con-inner\">\n\t\t\t\t<div class=\"elementor-element elementor-element-d4977e9 elementor-widget elementor-widget-heading\" data-id=\"d4977e9\" data-element_type=\"widget\" data-widget_type=\"heading.default\">\n\t\t\t\t\t<h3 class=\"elementor-heading-title elementor-size-default\">2. Des v\u00e9los de haute qualit\u00e9 \u00e0 des co\u00fbts mensuels peu \u00e9lev\u00e9s<\/h3>\t\t\t\t<\/div>\n\t\t\t\t<div class=\"elementor-element elementor-element-49da0ed elementor-widget elementor-widget-text-editor\" data-id=\"49da0ed\" data-element_type=\"widget\" data-widget_type=\"text-editor.default\">\n\t\t\t\t\t\t\t\t\t<p>Louez des v\u00e9los et des v\u00e9los \u00e9lectriques de qualit\u00e9 sup\u00e9rieure pour un montant mensuel fixe qui comprend l'entretien, l'assurance et, dans certains cas, les r\u00e9parations (en fonction de la soci\u00e9t\u00e9 de location).<\/p><p>B\u00e9n\u00e9ficiez d'un acc\u00e8s \u00e0 une large s\u00e9lection de v\u00e9los, des mod\u00e8les de ville aux v\u00e9los \u00e9lectriques haute performance, le tout sans avoir besoin d'un investissement initial important.<\/p>\t\t\t\t\t\t\t\t<\/div>\n\t\t\t\t\t<\/div>\n\t\t\t\t<\/div>\n\t\t<div class=\"elementor-element elementor-element-6ef2d8a e-flex e-con-boxed e-con e-child\" data-id=\"6ef2d8a\" data-element_type=\"container\">\n\t\t\t\t\t<div class=\"e-con-inner\">\n\t\t\t\t<div class=\"elementor-element elementor-element-c519d02 elementor-widget elementor-widget-heading\" data-id=\"c519d02\" data-element_type=\"widget\" data-widget_type=\"heading.default\">\n\t\t\t\t\t<h3 class=\"elementor-heading-title elementor-size-default\">3. Respect de l'environnement<\/h3>\t\t\t\t<\/div>\n\t\t\t\t<div class=\"elementor-element elementor-element-2c034a4 elementor-widget elementor-widget-text-editor\" data-id=\"2c034a4\" data-element_type=\"widget\" data-widget_type=\"text-editor.default\">\n\t\t\t\t\t\t\t\t\t<p>Le Luxembourg encourage les d\u00e9placements verts et la location de v\u00e9los est un moyen fantastique de r\u00e9duire votre empreinte carbone. En choisissant la location de v\u00e9los, vous contribuez \u00e0 assainir l'air et la plan\u00e8te, tout en soutenant l'engagement national du Luxembourg en faveur du transport durable.<\/p>\t\t\t\t\t\t\t\t<\/div>\n\t\t\t\t\t<\/div>\n\t\t\t\t<\/div>\n\t\t<div class=\"elementor-element elementor-element-e22167c e-flex e-con-boxed e-con e-child\" data-id=\"e22167c\" data-element_type=\"container\">\n\t\t\t\t\t<div class=\"e-con-inner\">\n\t\t\t\t<div class=\"elementor-element elementor-element-4d4bd6c elementor-widget elementor-widget-heading\" data-id=\"4d4bd6c\" data-element_type=\"widget\" data-widget_type=\"heading.default\">\n\t\t\t\t\t<h3 class=\"elementor-heading-title elementor-size-default\">4. Sant\u00e9 et bien-\u00eatre<\/h3>\t\t\t\t<\/div>\n\t\t\t\t<div class=\"elementor-element elementor-element-d5f7c3e elementor-widget elementor-widget-text-editor\" data-id=\"d5f7c3e\" data-element_type=\"widget\" data-widget_type=\"text-editor.default\">\n\t\t\t\t\t\t\t\t\t<p>Le v\u00e9lo est un excellent moyen de rester en forme et en bonne sant\u00e9. La location de v\u00e9los vous permet d'int\u00e9grer l'activit\u00e9 physique \u00e0 vos d\u00e9placements quotidiens et d'am\u00e9liorer votre bien-\u00eatre g\u00e9n\u00e9ral sans avoir \u00e0 vous abonner \u00e0 une salle de sport ou \u00e0 consacrer du temps suppl\u00e9mentaire \u00e0 cette activit\u00e9.<\/p>\t\t\t\t\t\t\t\t<\/div>\n\t\t\t\t\t<\/div>\n\t\t\t\t<\/div>\n\t\t\t\t\t<\/div>\n\t\t\t\t<\/div>\n\t\t\t\t\t<\/div>\n\t\t\t\t<\/div>\n\t\t<div class=\"elementor-element elementor-element-1254d54 e-flex e-con-boxed e-con e-parent\" data-id=\"1254d54\" data-element_type=\"container\">\n\t\t\t\t\t<div class=\"e-con-inner\">\n\t\t<div class=\"elementor-element elementor-element-7faf7d8 e-flex e-con-boxed e-con e-child\" data-id=\"7faf7d8\" data-element_type=\"container\">\n\t\t\t\t\t<div class=\"e-con-inner\">\n\t\t<div class=\"elementor-element elementor-element-093dfc2 e-flex e-con-boxed e-con e-child\" data-id=\"093dfc2\" data-element_type=\"container\">\n\t\t\t\t\t<div class=\"e-con-inner\">\n\t\t\t\t<div class=\"elementor-element elementor-element-884dea3 elementor-widget elementor-widget-heading\" data-id=\"884dea3\" data-element_type=\"widget\" data-widget_type=\"heading.default\">\n\t\t\t\t\t<h3 class=\"elementor-heading-title elementor-size-default\">Comment fonctionne le leasing de v\u00e9los ?<\/h3>\t\t\t\t<\/div>\n\t\t\t\t<div class=\"elementor-element elementor-element-0076420 elementor-widget elementor-widget-heading\" data-id=\"0076420\" data-element_type=\"widget\" data-widget_type=\"heading.default\">\n\t\t\t\t\t<h3 class=\"elementor-heading-title elementor-size-default\">\t1.\tChoisissez votre v\u00e9lo<\/h3>\t\t\t\t<\/div>\n\t\t\t\t<div class=\"elementor-element elementor-element-11cdfb0 elementor-widget elementor-widget-text-editor\" data-id=\"11cdfb0\" data-element_type=\"widget\" data-widget_type=\"text-editor.default\">\n\t\t\t\t\t\t\t\t\t<p>Choisissez le v\u00e9lo id\u00e9al pour vos besoins, qu'il s'agisse d'un v\u00e9lo de ville, d'un v\u00e9lo de course, d'un VTT ou d'un v\u00e9lo \u00e9lectrique. Notre \u00e9quipe peut vous aider \u00e0 trouver le mod\u00e8le id\u00e9al qui correspond \u00e0 votre style de vie.<\/p>\t\t\t\t\t\t\t\t<\/div>\n\t\t\t\t\t<\/div>\n\t\t\t\t<\/div>\n\t\t<div class=\"elementor-element elementor-element-772b6bf e-flex e-con-boxed e-con e-child\" data-id=\"772b6bf\" data-element_type=\"container\">\n\t\t\t\t\t<div class=\"e-con-inner\">\n\t\t\t\t<div class=\"elementor-element elementor-element-6edca67 elementor-widget elementor-widget-heading\" data-id=\"6edca67\" data-element_type=\"widget\" data-widget_type=\"heading.default\">\n\t\t\t\t\t<h3 class=\"elementor-heading-title elementor-size-default\">\t2.\tContacter la soci\u00e9t\u00e9 de cr\u00e9dit-bail<\/h3>\t\t\t\t<\/div>\n\t\t\t\t<div class=\"elementor-element elementor-element-29dd45b elementor-widget elementor-widget-text-editor\" data-id=\"29dd45b\" data-element_type=\"widget\" data-widget_type=\"text-editor.default\">\n\t\t\t\t\t\t\t\t\t<p>Transmettez l'offre que nous vous avons fournie \u00e0 votre soci\u00e9t\u00e9 de leasing pour finaliser votre commande de leasing. Elle s'occupera des formalit\u00e9s administratives et confirmera votre plan de leasing.<\/p>\t\t\t\t\t\t\t\t<\/div>\n\t\t\t\t\t<\/div>\n\t\t\t\t<\/div>\n\t\t<div class=\"elementor-element elementor-element-44d507d e-flex e-con-boxed e-con e-child\" data-id=\"44d507d\" data-element_type=\"container\">\n\t\t\t\t\t<div class=\"e-con-inner\">\n\t\t\t\t<div class=\"elementor-element elementor-element-c789aca elementor-widget elementor-widget-heading\" data-id=\"c789aca\" data-element_type=\"widget\" data-widget_type=\"heading.default\">\n\t\t\t\t\t<h3 class=\"elementor-heading-title elementor-size-default\">\t3.\tR\u00e9cup\u00e9rer son v\u00e9lo<\/h3>\t\t\t\t<\/div>\n\t\t\t\t<div class=\"elementor-element elementor-element-d820182 elementor-widget elementor-widget-text-editor\" data-id=\"d820182\" data-element_type=\"widget\" data-widget_type=\"text-editor.default\">\n\t\t\t\t\t\t\t\t\t<p>Une fois que la soci\u00e9t\u00e9 de leasing a tout confirm\u00e9, vous \u00eates pr\u00eat \u00e0 r\u00e9cup\u00e9rer votre v\u00e9lo et \u00e0 commencer \u00e0 rouler !<\/p>\t\t\t\t\t\t\t\t<\/div>\n\t\t\t\t\t<\/div>\n\t\t\t\t<\/div>\n\t\t\t\t\t<\/div>\n\t\t\t\t<\/div>\n\t\t\t\t\t<\/div>\n\t\t\t\t<\/div>\n\t\t<div class=\"elementor-element elementor-element-cc387d0 e-flex e-con-boxed e-con e-parent\" data-id=\"cc387d0\" data-element_type=\"container\" data-settings=\"{&quot;background_background&quot;:&quot;classic&quot;}\">\n\t\t\t\t\t<div class=\"e-con-inner\">\n\t\t<div class=\"elementor-element elementor-element-6887520 e-flex e-con-boxed e-con e-child\" data-id=\"6887520\" data-element_type=\"container\">\n\t\t\t\t\t<div class=\"e-con-inner\">\n\t\t\t\t<div class=\"elementor-element elementor-element-eafc296 elementor-widget elementor-widget-heading\" data-id=\"eafc296\" data-element_type=\"widget\" data-widget_type=\"heading.default\">\n\t\t\t\t\t<h3 class=\"elementor-heading-title elementor-size-default\">Commencez d\u00e8s aujourd'hui avec le leasing de v\u00e9los<\/h3>\t\t\t\t<\/div>\n\t\t<div class=\"elementor-element elementor-element-f500927 e-flex e-con-boxed e-con e-child\" data-id=\"f500927\" data-element_type=\"container\">\n\t\t\t\t\t<div class=\"e-con-inner\">\n\t\t\t\t<div class=\"elementor-element elementor-element-5d0f922 elementor-widget elementor-widget-text-editor\" data-id=\"5d0f922\" data-element_type=\"widget\" data-widget_type=\"text-editor.default\">\n\t\t\t\t\t\t\t\t\t<p>D\u00e9couvrez la libert\u00e9, les \u00e9conomies et les avantages pour la sant\u00e9 du leasing de v\u00e9los au Luxembourg.<\/p>\n<p>Contactez-nous ou visitez notre magasin pour en savoir plus sur la fa\u00e7on dont la location de v\u00e9los peut \u00eatre votre prochaine \u00e9tape vers un transport abordable et respectueux de l'environnement :<\/p>\t\t\t\t\t\t\t\t<\/div>\n\t\t\t\t<div class=\"elementor-element elementor-element-b8067d8 elementor-align-center elementor-widget elementor-widget-button\" data-id=\"b8067d8\" data-element_type=\"widget\" data-widget_type=\"button.default\">\n\t\t\t\t\t\t\t\t\t\t<a class=\"elementor-button elementor-button-link elementor-size-sm\" href=\"https:\/\/andyschleckcycles.lu\/fr\/nous-contacter\/\">\n\t\t\t\t\t\t<span class=\"elementor-button-content-wrapper\">\n\t\t\t\t\t\t\t\t\t<span class=\"elementor-button-text\">Nous contacter<\/span>\n\t\t\t\t\t<\/span>\n\t\t\t\t\t<\/a>\n\t\t\t\t\t\t\t\t<\/div>\n\t\t\t\t\t<\/div>\n\t\t\t\t<\/div>\n\t\t\t\t\t<\/div>\n\t\t\t\t<\/div>\n\t\t\t\t\t<\/div>\n\t\t\t\t<\/div>\n\t\t<div class=\"elementor-element elementor-element-084c830 e-flex e-con-boxed e-con e-parent\" data-id=\"084c830\" data-element_type=\"container\">\n\t\t\t\t\t<div class=\"e-con-inner\">\n\t\t<div class=\"elementor-element elementor-element-8d39ac1 e-flex e-con-boxed e-con e-child\" data-id=\"8d39ac1\" data-element_type=\"container\">\n\t\t\t\t\t<div class=\"e-con-inner\">\n\t\t\t\t<div class=\"elementor-element elementor-element-205f09b elementor-widget elementor-widget-heading\" data-id=\"205f09b\" data-element_type=\"widget\" data-widget_type=\"heading.default\">\n\t\t\t\t\t<h3 class=\"elementor-heading-title elementor-size-default\">Nos partenaires de location<\/h3>\t\t\t\t<\/div>\n\t\t\t\t\t<\/div>\n\t\t\t\t<\/div>\n\t\t\t\t\t<\/div>\n\t\t\t\t<\/div>\n\t\t<div class=\"elementor-element elementor-element-66b9c09 e-flex e-con-boxed e-con e-parent\" data-id=\"66b9c09\" data-element_type=\"container\">\n\t\t\t\t\t<div class=\"e-con-inner\">\n\t\t<div class=\"elementor-element elementor-element-06f8e30 e-con-full e-flex e-con e-child\" data-id=\"06f8e30\" data-element_type=\"container\">\n\t\t\t\t<div class=\"elementor-element elementor-element-70ebb3b elementor-widget elementor-widget-image\" data-id=\"70ebb3b\" data-element_type=\"widget\" data-widget_type=\"image.default\">\n\t\t\t\t\t\t\t\t\t\t\t\t\t\t\t\t<a href=\"https:\/\/www.ayvens.com\/fr-lu\/location-avec-nous\/solutions-de-mobilite\/leasing-de-velo\/\" rel=\"nofollow noopener\" target=\"_blank\">\n\t\t\t\t\t\t\t<img fetchpriority=\"high\" decoding=\"async\" width=\"555\" height=\"112\" src=\"https:\/\/andyschleckcycles.lu\/wp-content\/uploads\/2024\/11\/Ayvens_logo.svg\" class=\"attachment-medium size-medium wp-image-23449\" alt=\"\" title=\"\">\t\t\t\t\t\t\t\t<\/a>\n\t\t\t\t\t\t\t\t\t\t\t\t\t\t\t<\/div>\n\t\t\t\t<\/div>\n\t\t<div class=\"elementor-element elementor-element-778109d e-con-full e-flex e-con e-child\" data-id=\"778109d\" data-element_type=\"container\">\n\t\t\t\t<div class=\"elementor-element elementor-element-8a5c7d0 elementor-widget elementor-widget-image\" data-id=\"8a5c7d0\" data-element_type=\"widget\" data-widget_type=\"image.default\">\n\t\t\t\t\t\t\t\t\t\t\t\t\t\t\t\t<a href=\"https:\/\/www.kbclease.lu\/fr\/produit\/financer\/leasing\/leasing-velo.html?zone=\" rel=\"nofollow noopener\" target=\"_blank\">\n\t\t\t\t\t\t\t<img decoding=\"async\" width=\"320\" height=\"320\" src=\"https:\/\/andyschleckcycles.lu\/wp-content\/uploads\/2024\/11\/kbc.svg\" class=\"attachment-large size-large wp-image-23446\" alt=\"\" title=\"\">\t\t\t\t\t\t\t\t<\/a>\n\t\t\t\t\t\t\t\t\t\t\t\t\t\t\t<\/div>\n\t\t\t\t<\/div>\n\t\t<div class=\"elementor-element elementor-element-f048b75 e-con-full e-flex e-con e-child\" data-id=\"f048b75\" data-element_type=\"container\">\n\t\t\t\t<div class=\"elementor-element elementor-element-5e62662 elementor-widget elementor-widget-image\" data-id=\"5e62662\" data-element_type=\"widget\" data-widget_type=\"image.default\">\n\t\t\t\t\t\t\t\t\t\t\t\t\t\t\t\t<a href=\"https:\/\/www.arval.lu\/en-lu\/corporate\/arval-bike-lease\" rel=\"nofollow noopener\" target=\"_blank\">\n\t\t\t\t\t\t\t<img decoding=\"async\" width=\"557\" height=\"191\" src=\"https:\/\/andyschleckcycles.lu\/wp-content\/uploads\/2024\/11\/arval-logo-1.svg\" class=\"attachment-large size-large wp-image-23451\" alt=\"\" title=\"\">\t\t\t\t\t\t\t\t<\/a>\n\t\t\t\t\t\t\t\t\t\t\t\t\t\t\t<\/div>\n\t\t\t\t<\/div>\n\t\t<div class=\"elementor-element elementor-element-ff964a8 e-con-full e-flex e-con e-child\" data-id=\"ff964a8\" data-element_type=\"container\">\n\t\t\t\t<div class=\"elementor-element elementor-element-510f479 elementor-widget elementor-widget-image\" data-id=\"510f479\" data-element_type=\"widget\" data-widget_type=\"image.default\">\n\t\t\t\t\t\t\t\t\t\t\t\t\t\t\t\t<a href=\"https:\/\/www.cyclis.be\" rel=\"nofollow noopener\" target=\"_blank\">\n\t\t\t\t\t\t\t<img loading=\"lazy\" decoding=\"async\" width=\"108\" height=\"40\" src=\"https:\/\/andyschleckcycles.lu\/wp-content\/uploads\/2024\/11\/cyclis.svg\" class=\"attachment-large size-large wp-image-23447\" alt=\"\" title=\"\">\t\t\t\t\t\t\t\t<\/a>\n\t\t\t\t\t\t\t\t\t\t\t\t\t\t\t<\/div>\n\t\t\t\t<\/div>\n\t\t<div class=\"elementor-element elementor-element-ce9303b e-con-full e-flex e-con e-child\" data-id=\"ce9303b\" data-element_type=\"container\">\n\t\t\t\t<div class=\"elementor-element elementor-element-963c799 elementor-widget elementor-widget-image\" data-id=\"963c799\" data-element_type=\"widget\" data-widget_type=\"image.default\">\n\t\t\t\t\t\t\t\t\t\t\t\t\t\t\t\t<a href=\"https:\/\/www.athlon.com\/lu\/\" rel=\"nofollow noopener\" target=\"_blank\">\n\t\t\t\t\t\t\t<img loading=\"lazy\" decoding=\"async\" width=\"140\" height=\"30\" src=\"https:\/\/andyschleckcycles.lu\/wp-content\/uploads\/2024\/11\/athlon.svg\" class=\"attachment-large size-large wp-image-23448\" alt=\"\" title=\"\">\t\t\t\t\t\t\t\t<\/a>\n\t\t\t\t\t\t\t\t\t\t\t\t\t\t\t<\/div>\n\t\t\t\t<\/div>\n\t\t\t\t\t<\/div>\n\t\t\t\t<\/div>\n\t\t<div class=\"elementor-element elementor-element-90b344f e-flex e-con-boxed e-con e-parent\" data-id=\"90b344f\" data-element_type=\"container\" data-settings=\"{&quot;background_background&quot;:&quot;classic&quot;}\">\n\t\t\t\t\t<div class=\"e-con-inner\">\n\t\t\t\t\t<\/div>\n\t\t\t\t<\/div>\n\t\t\t\t<\/div>","protected":false},"excerpt":{"rendered":"<p>Lease a Bike Bike Leasing in Luxembourg \u2013 Your Path to Affordable, Eco-Friendly Mobility Discover the benefits of bike leasing in Luxembourg! At Andy Schleck Cycles, we make it easy for individuals and businesses to access high-quality bikes through flexible leasing options.&nbsp;Whether you\u2019re commuting, exploring, or simply getting active, our bike leasing programs are designed &hellip; <a href=\"https:\/\/andyschleckcycles.lu\/fr\/louer-un-velo\/\" class=\"more-link\">continuer la lecture <span class=\"screen-reader-text\">Louer un v\u00e9lo<\/span><\/a><\/p>","protected":false},"author":1,"featured_media":0,"parent":0,"menu_order":0,"comment_status":"closed","ping_status":"closed","template":"elementor_header_footer","meta":{"footnotes":""},"folder":[],"class_list":["post-23444","page","type-page","status-publish","hentry"],"_links":{"self":[{"href":"https:\/\/andyschleckcycles.lu\/fr\/wp-json\/wp\/v2\/pages\/23444","targetHints":{"allow":["GET"]}}],"collection":[{"href":"https:\/\/andyschleckcycles.lu\/fr\/wp-json\/wp\/v2\/pages"}],"about":[{"href":"https:\/\/andyschleckcycles.lu\/fr\/wp-json\/wp\/v2\/types\/page"}],"author":[{"embeddable":true,"href":"https:\/\/andyschleckcycles.lu\/fr\/wp-json\/wp\/v2\/users\/1"}],"replies":[{"embeddable":true,"href":"https:\/\/andyschleckcycles.lu\/fr\/wp-json\/wp\/v2\/comments?post=23444"}],"version-history":[{"count":103,"href":"https:\/\/andyschleckcycles.lu\/fr\/wp-json\/wp\/v2\/pages\/23444\/revisions"}],"predecessor-version":[{"id":24357,"href":"https:\/\/andyschleckcycles.lu\/fr\/wp-json\/wp\/v2\/pages\/23444\/revisions\/24357"}],"wp:attachment":[{"href":"https:\/\/andyschleckcycles.lu\/fr\/wp-json\/wp\/v2\/media?parent=23444"}],"wp:term":[{"taxonomy":"folder","embeddable":true,"href":"https:\/\/andyschleckcycles.lu\/fr\/wp-json\/wp\/v2\/folder?post=23444"}],"curies":[{"name":"wp","href":"https:\/\/api.w.org\/{rel}","templated":true}]}}