{"id":10361,"date":"2022-10-17T20:59:23","date_gmt":"2022-10-17T18:59:23","guid":{"rendered":"https:\/\/andyschleckcycles.lu\/?page_id=10361"},"modified":"2026-02-10T10:23:30","modified_gmt":"2026-02-10T08:23:30","slug":"rendez-vous-de-service","status":"publish","type":"page","link":"https:\/\/andyschleckcycles.lu\/fr\/rendez-vous-de-service\/","title":{"rendered":"Rendez-vous de service"},"content":{"rendered":"<div data-elementor-type=\"wp-page\" data-elementor-id=\"10361\" class=\"elementor elementor-10361\" data-elementor-post-type=\"page\">\n\t\t\t\t<div class=\"elementor-element elementor-element-756e206 e-flex e-con-boxed e-con e-parent\" data-id=\"756e206\" data-element_type=\"container\" data-settings=\"{&quot;background_background&quot;:&quot;classic&quot;}\">\n\t\t\t\t\t<div class=\"e-con-inner\">\n\t\t\t\t<div class=\"elementor-element elementor-element-6986ada elementor-widget-mobile__width-inherit elementor-widget elementor-widget-heading\" data-id=\"6986ada\" data-element_type=\"widget\" data-widget_type=\"heading.default\">\n\t\t\t\t\t<h1 class=\"elementor-heading-title elementor-size-default\">Demander un service<\/h1>\t\t\t\t<\/div>\n\t\t\t\t\t<\/div>\n\t\t\t\t<\/div>\n\t\t<div class=\"elementor-element elementor-element-96fc611 e-flex e-con-boxed e-con e-parent\" data-id=\"96fc611\" data-element_type=\"container\">\n\t\t\t\t\t<div class=\"e-con-inner\">\n\t\t<div class=\"elementor-element elementor-element-4c0aeb6 e-con-full e-flex e-con e-child\" data-id=\"4c0aeb6\" data-element_type=\"container\">\n\t\t\t\t<div class=\"elementor-element elementor-element-4abfdae elementor-position-inline-start elementor-mobile-position-inline-start elementor-view-default elementor-widget elementor-widget-icon-box\" data-id=\"4abfdae\" data-element_type=\"widget\" data-widget_type=\"icon-box.default\">\n\t\t\t\t\t\t\t<div class=\"elementor-icon-box-wrapper\">\n\n\t\t\t\t\t\t<div class=\"elementor-icon-box-icon\">\n\t\t\t\t<span  class=\"elementor-icon\">\n\t\t\t\t<i aria-hidden=\"true\" class=\"tb-icon tb-icon-home-hashtag\"><\/i>\t\t\t\t<\/span>\n\t\t\t<\/div>\n\t\t\t\n\t\t\t\t\t\t<div class=\"elementor-icon-box-content\">\n\n\t\t\t\t\t\t\t\t\t<h3 class=\"elementor-icon-box-title\">\n\t\t\t\t\t\t<span  >\n\t\t\t\t\t\t\tHeures d&#039;ouverture\t\t\t\t\t\t<\/span>\n\t\t\t\t\t<\/h3>\n\t\t\t\t\n\t\t\t\t\n\t\t\t<\/div>\n\t\t\t\n\t\t<\/div>\n\t\t\t\t\t\t<\/div>\n\t\t\t\t<div class=\"elementor-element elementor-element-220e373 elementor-widget elementor-widget-wp-widget-text\" data-id=\"220e373\" data-element_type=\"widget\" data-widget_type=\"wp-widget-text.default\">\n\t\t\t\t<div class=\"elementor-widget-container\">\n\t\t\t\t\t\t\t\t<div class=\"textwidget\"><p><strong>Lundi:<\/strong> ferm\u00e9<br \/>\n<strong>Du mardi au vendredi :<\/strong> 10.00 \u00e0 18.00<br \/>\n<strong>Samedi:<\/strong> 10h \u00e0 17h<br \/>\n<strong>Dimanche:<\/strong> ferm\u00e9<\/p>\n<\/div>\n\t\t\t\t\t\t<\/div>\n\t\t\t\t<\/div>\n\t\t\t\t<div class=\"elementor-element elementor-element-54ca2d9 elementor-position-inline-start elementor-mobile-position-inline-start elementor-view-default elementor-widget elementor-widget-icon-box\" data-id=\"54ca2d9\" data-element_type=\"widget\" data-widget_type=\"icon-box.default\">\n\t\t\t\t\t\t\t<div class=\"elementor-icon-box-wrapper\">\n\n\t\t\t\t\t\t<div class=\"elementor-icon-box-icon\">\n\t\t\t\t<span  class=\"elementor-icon\">\n\t\t\t\t<i aria-hidden=\"true\" class=\"fas fa-phone-alt\"><\/i>\t\t\t\t<\/span>\n\t\t\t<\/div>\n\t\t\t\n\t\t\t\t\t\t<div class=\"elementor-icon-box-content\">\n\n\t\t\t\t\t\t\t\t\t<h3 class=\"elementor-icon-box-title\">\n\t\t\t\t\t\t<span  >\n\t\t\t\t\t\t\tContact\t\t\t\t\t\t<\/span>\n\t\t\t\t\t<\/h3>\n\t\t\t\t\n\t\t\t\t\n\t\t\t<\/div>\n\t\t\t\n\t\t<\/div>\n\t\t\t\t\t\t<\/div>\n\t\t\t\t<div class=\"elementor-element elementor-element-04f7831 elementor-widget elementor-widget-wp-widget-text\" data-id=\"04f7831\" data-element_type=\"widget\" data-widget_type=\"wp-widget-text.default\">\n\t\t\t\t<div class=\"elementor-widget-container\">\n\t\t\t\t\t\t\t\t<div class=\"textwidget\"><p><strong>ASC ITZIG<\/strong><br \/>\n<strong>T\u00e9l\u00a0:<\/strong> <a style=\"color: #6b6b6b\" href=\"\/fr\/t\u00e9l:003522748121\/\">+352 27 48 12 1<\/a><br \/>\n<strong>E-mail:<\/strong> atelier@asc.lu<\/p>\n<\/div>\n\t\t\t\t\t\t<\/div>\n\t\t\t\t<\/div>\n\t\t\t\t<div class=\"elementor-element elementor-element-cd9ab20 elementor-widget elementor-widget-wp-widget-text\" data-id=\"cd9ab20\" data-element_type=\"widget\" data-widget_type=\"wp-widget-text.default\">\n\t\t\t\t<div class=\"elementor-widget-container\">\n\t\t\t\t\t\t\t\t<div class=\"textwidget\"><p><strong>ASC MERTERT<\/strong><br \/>\n<strong>T\u00e9l\u00a0:<\/strong> <a style=\"color: #6b6b6b\" href=\"\/fr\/t\u00e9l:00352748378\/\">+ 352 74 83 78<\/a><br \/>\n<strong>E-mail:<\/strong> atelier-mertert@asc.lu<\/p>\n<\/div>\n\t\t\t\t\t\t<\/div>\n\t\t\t\t<\/div>\n\t\t\t\t<div class=\"elementor-element elementor-element-a4794bd elementor-position-inline-start elementor-mobile-position-inline-start elementor-view-default elementor-widget elementor-widget-icon-box\" data-id=\"a4794bd\" data-element_type=\"widget\" data-widget_type=\"icon-box.default\">\n\t\t\t\t\t\t\t<div class=\"elementor-icon-box-wrapper\">\n\n\t\t\t\t\t\t<div class=\"elementor-icon-box-icon\">\n\t\t\t\t<span  class=\"elementor-icon\">\n\t\t\t\t<i aria-hidden=\"true\" class=\"tb-icon tb-icon-map\"><\/i>\t\t\t\t<\/span>\n\t\t\t<\/div>\n\t\t\t\n\t\t\t\t\t\t<div class=\"elementor-icon-box-content\">\n\n\t\t\t\t\t\t\t\t\t<h3 class=\"elementor-icon-box-title\">\n\t\t\t\t\t\t<span  >\n\t\t\t\t\t\t\tAdresse\t\t\t\t\t\t<\/span>\n\t\t\t\t\t<\/h3>\n\t\t\t\t\n\t\t\t\t\n\t\t\t<\/div>\n\t\t\t\n\t\t<\/div>\n\t\t\t\t\t\t<\/div>\n\t\t\t\t<div class=\"elementor-element elementor-element-6ce9222 elementor-widget elementor-widget-wp-widget-text\" data-id=\"6ce9222\" data-element_type=\"widget\" data-widget_type=\"wp-widget-text.default\">\n\t\t\t\t<div class=\"elementor-widget-container\">\n\t\t\t\t\t\t\t\t<div class=\"textwidget\"><p><strong>ASC ITZIG<\/strong><br \/>\n2, rue des Pr\u00e9s<br \/>\nL-5972 Itzig,<br \/>\nLuxembourg<br \/>\nT\u00e9l\u00e9phone : +352 27 48 12 1<\/p>\n<\/div>\n\t\t\t\t\t\t<\/div>\n\t\t\t\t<\/div>\n\t\t\t\t<div class=\"elementor-element elementor-element-ec67799 elementor-widget elementor-widget-wp-widget-text\" data-id=\"ec67799\" data-element_type=\"widget\" data-widget_type=\"wp-widget-text.default\">\n\t\t\t\t<div class=\"elementor-widget-container\">\n\t\t\t\t\t\t\t\t<div class=\"textwidget\"><p><strong>ASC MERTERT<\/strong><br \/>\n18, route de Wasserbillig<br \/>\nL-6686 Merter,<br \/>\nLuxembourg<br \/>\nT\u00e9l\u00e9phone : + 352 74 83 78<\/p>\n<\/div>\n\t\t\t\t\t\t<\/div>\n\t\t\t\t<\/div>\n\t\t\t\t<\/div>\n\t\t<div class=\"elementor-element elementor-element-4ea1f2d e-flex e-con-boxed e-con e-child\" data-id=\"4ea1f2d\" data-element_type=\"container\">\n\t\t\t\t\t<div class=\"e-con-inner\">\n\t\t\t\t<div class=\"elementor-element elementor-element-d29b2c9 elementor-button-align-start elementor-widget elementor-widget-form\" data-id=\"d29b2c9\" data-element_type=\"widget\" data-settings=\"{&quot;step_next_label&quot;:&quot;Next&quot;,&quot;step_previous_label&quot;:&quot;Previous&quot;,&quot;step_type&quot;:&quot;number_text&quot;,&quot;step_icon_shape&quot;:&quot;circle&quot;}\" data-widget_type=\"form.default\">\n\t\t\t\t\t\t\t<form class=\"elementor-form\" method=\"post\" id=\"service_appointment_form\" name=\"Service Form\" aria-label=\"Formulaire de service\" action=\"\">\n\t\t\t<input type=\"hidden\" name=\"post_id\" value=\"10361\"\/>\n\t\t\t<input type=\"hidden\" name=\"form_id\" value=\"d29b2c9\"\/>\n\t\t\t<input type=\"hidden\" name=\"referer_title\" value=\"Service Appointment - Andy Schleck Cycles\" \/>\n\n\t\t\t\t\t\t\t<input type=\"hidden\" name=\"queried_id\" value=\"10361\"\/>\n\t\t\t\n\t\t\t<div class=\"elementor-form-fields-wrapper elementor-labels-\">\n\t\t\t\t\t\t\t\t<div class=\"elementor-field-type-text elementor-field-group elementor-column elementor-field-group-name elementor-col-100 elementor-field-required\">\n\t\t\t\t\t\t\t\t\t\t\t\t<label for=\"form-field-name\" class=\"elementor-field-label elementor-screen-only\">\n\t\t\t\t\t\t\t\tNom\t\t\t\t\t\t\t<\/label>\n\t\t\t\t\t\t\t\t\t\t\t\t\t\t<input size=\"1\" type=\"text\" name=\"form_fields[name]\" id=\"form-field-name\" class=\"elementor-field elementor-size-md  elementor-field-textual\" placeholder=\"Votre nom\" required=\"required\">\n\t\t\t\t\t\t\t\t\t\t\t<\/div>\n\t\t\t\t\t\t\t\t<div class=\"elementor-field-type-email elementor-field-group elementor-column elementor-field-group-email elementor-col-50 elementor-field-required\">\n\t\t\t\t\t\t\t\t\t\t\t\t<label for=\"form-field-email\" class=\"elementor-field-label elementor-screen-only\">\n\t\t\t\t\t\t\t\tE-mail\t\t\t\t\t\t\t<\/label>\n\t\t\t\t\t\t\t\t\t\t\t\t\t\t<input size=\"1\" type=\"email\" name=\"form_fields[email]\" id=\"form-field-email\" class=\"elementor-field elementor-size-md  elementor-field-textual\" placeholder=\"E-mail\" required=\"required\">\n\t\t\t\t\t\t\t\t\t\t\t<\/div>\n\t\t\t\t\t\t\t\t<div class=\"elementor-field-type-tel elementor-field-group elementor-column elementor-field-group-field_ac73ee7 elementor-col-50\">\n\t\t\t\t\t\t\t\t\t\t\t\t<label for=\"form-field-field_ac73ee7\" class=\"elementor-field-label elementor-screen-only\">\n\t\t\t\t\t\t\t\tNum\u00e9ro de t\u00e9l\u00e9phone\t\t\t\t\t\t\t<\/label>\n\t\t\t\t\t\t\t\t<input size=\"1\" type=\"tel\" name=\"form_fields[field_ac73ee7]\" id=\"form-field-field_ac73ee7\" class=\"elementor-field elementor-size-md  elementor-field-textual\" placeholder=\"T\u00e9l\u00e9phoner\" pattern=\"[0-9()#&amp;+*-=.]+\" title=\"Seuls les chiffres et les caract\u00e8res t\u00e9l\u00e9phoniques (#, -, *, etc.) sont accept\u00e9s.\">\n\n\t\t\t\t\t\t<\/div>\n\t\t\t\t\t\t\t\t<div class=\"elementor-field-type-select elementor-field-group elementor-column elementor-field-group-field_eefc100 elementor-col-50 elementor-field-required\">\n\t\t\t\t\t\t\t\t\t\t\t\t<label for=\"form-field-field_eefc100\" class=\"elementor-field-label elementor-screen-only\">\n\t\t\t\t\t\t\t\tType de v\u00e9lo &amp; option de service\t\t\t\t\t\t\t<\/label>\n\t\t\t\t\t\t\t\t<div class=\"elementor-field elementor-select-wrapper remove-before\">\n\t\t\t<div class=\"select-caret-down-wrapper\">\n\t\t\t\t<i aria-hidden=\"true\" class=\"eicon-caret-down\"><\/i>\t\t\t<\/div>\n\t\t\t<select name=\"form_fields[field_eefc100]\" id=\"form-field-field_eefc100\" class=\"elementor-field-textual elementor-size-md\" required=\"required\">\n\t\t\t\t\t\t\t\t\t<option value=\"Type of Bike &amp; Service Option\">Type de V\u00e9lo &amp; Option de Service<\/option>\n\t\t\t\t\t\t\t\t\t<option value=\"1. children\u2019s Bike - 49,99 \u20ac \">1. v\u00e9lo enfant - 49,99 \u20ac <\/option>\n\t\t\t\t\t\t\t\t\t<option value=\"2. non e-Bike (road, MTB, city bike) - LEVEL 1 - \u20ac84,99\">2. V\u00e9lo (route, VTT, v\u00e9lo de ville) - LEVEL 1 - \u20ac84,99<\/option>\n\t\t\t\t\t\t\t\t\t<option value=\"3. non e-Bike (road, MTB, city bike) - LEVEL 2 - \u20ac159,99\">3. V\u00e9lo (route, VTT, v\u00e9lo de ville) - LEVEL 2 - \u20ac159,99<\/option>\n\t\t\t\t\t\t\t\t\t<option value=\"4. non e-Bike (road, MTB, city bike) - LEVEL 3 - starts from \u20ac279,99\">4. V\u00e9lo (route, VTT, v\u00e9lo de ville) - LEVEL 3 - \u00e0 partir de \u20ac279,99<\/option>\n\t\t\t\t\t\t\t\t\t<option value=\"5. e-Bike - LEVEL 1 - \u20ac114,99\">5. e-Bike - NIVEAU 1 - \u20ac114,99<\/option>\n\t\t\t\t\t\t\t\t\t<option value=\"6. e-Bike - LEVEL 2 - \u20ac189,99\">6. e-Bike - NIVEAU 2 - \u20ac189,99<\/option>\n\t\t\t\t\t\t\t\t\t<option value=\"7. e-Bike - LEVEL 3 - starts from \u20ac309,99\">7. e-Bike - LEVEL 3 - \u00e0 partir de \u20ac309,99<\/option>\n\t\t\t\t\t\t\t\t\t<option value=\"8. Service E-Cargo - \u20ac150.00\">8. Service E-Cargo - 150,00<\/option>\n\t\t\t\t\t\t\t\t\t<option value=\"Other\">Autre<\/option>\n\t\t\t\t\t\t\t<\/select>\n\t\t<\/div>\n\t\t\t\t\t\t<\/div>\n\t\t\t\t\t\t\t\t<div class=\"elementor-field-type-select elementor-field-group elementor-column elementor-field-group-field_ec1bea7 elementor-col-50 elementor-field-required\">\n\t\t\t\t\t\t\t\t\t\t\t\t<label for=\"form-field-field_ec1bea7\" class=\"elementor-field-label elementor-screen-only\">\n\t\t\t\t\t\t\t\tEmplacement\t\t\t\t\t\t\t<\/label>\n\t\t\t\t\t\t\t\t<div class=\"elementor-field elementor-select-wrapper remove-before\">\n\t\t\t<div class=\"select-caret-down-wrapper\">\n\t\t\t\t<i aria-hidden=\"true\" class=\"eicon-caret-down\"><\/i>\t\t\t<\/div>\n\t\t\t<select name=\"form_fields[field_ec1bea7]\" id=\"form-field-field_ec1bea7\" class=\"elementor-field-textual elementor-size-md\" required=\"required\">\n\t\t\t\t\t\t\t\t\t<option value=\"info@asc.lu\" selected=\"selected\">S\u00e9lectionnez votre emplacement pr\u00e9f\u00e9r\u00e9<\/option>\n\t\t\t\t\t\t\t\t\t<option value=\"atelier@asc.lu\">Atelier ASC Itzig<\/option>\n\t\t\t\t\t\t\t\t\t<option value=\"atelier-mertert@asc.lu\">Atelier ASC Mertert<\/option>\n\t\t\t\t\t\t\t<\/select>\n\t\t<\/div>\n\t\t\t\t\t\t<\/div>\n\t\t\t\t\t\t\t\t<div class=\"elementor-field-type-select elementor-field-group elementor-column elementor-field-group-field_cae3690 elementor-col-50 elementor-field-required\">\n\t\t\t\t\t\t\t\t\t\t\t\t<label for=\"form-field-field_cae3690\" class=\"elementor-field-label elementor-screen-only\">\n\t\t\t\t\t\t\t\tJour de d\u00e9p\u00f4t de v\u00e9lo pr\u00e9f\u00e9r\u00e9\t\t\t\t\t\t\t<\/label>\n\t\t\t\t\t\t\t\t<div class=\"elementor-field elementor-select-wrapper remove-before\">\n\t\t\t<div class=\"select-caret-down-wrapper\">\n\t\t\t\t<i aria-hidden=\"true\" class=\"eicon-caret-down\"><\/i>\t\t\t<\/div>\n\t\t\t<select name=\"form_fields[field_cae3690]\" id=\"form-field-field_cae3690\" class=\"elementor-field-textual elementor-size-md\" required=\"required\">\n\t\t\t\t\t\t\t\t\t<option value=\"Preferred Bike Drop Day\">Jour de d\u00e9p\u00f4t de v\u00e9lo pr\u00e9f\u00e9r\u00e9<\/option>\n\t\t\t\t\t\t\t\t\t<option value=\"Tuesday \">Mardi <\/option>\n\t\t\t\t\t\t\t\t\t<option value=\"Wednesday \">Mercredi <\/option>\n\t\t\t\t\t\t\t\t\t<option value=\"Thursday \">Jeudi <\/option>\n\t\t\t\t\t\t\t\t\t<option value=\"Friday \">Vendredi <\/option>\n\t\t\t\t\t\t\t\t\t<option value=\"Saturday\">Samedi<\/option>\n\t\t\t\t\t\t\t<\/select>\n\t\t<\/div>\n\t\t\t\t\t\t<\/div>\n\t\t\t\t\t\t\t\t<div class=\"elementor-field-type-text elementor-field-group elementor-column elementor-field-group-message elementor-col-100\">\n\t\t\t\t\t\t\t\t\t\t\t\t<label for=\"form-field-message\" class=\"elementor-field-label elementor-screen-only\">\n\t\t\t\t\t\t\t\tMessage\t\t\t\t\t\t\t<\/label>\n\t\t\t\t\t\t\t\t\t\t\t\t\t\t<input size=\"1\" type=\"text\" name=\"form_fields[message]\" id=\"form-field-message\" class=\"elementor-field elementor-size-md  elementor-field-textual\" placeholder=\"Marque et mod\u00e8le de votre v\u00e9lo\">\n\t\t\t\t\t\t\t\t\t\t\t<\/div>\n\t\t\t\t\t\t\t\t<div class=\"elementor-field-type-text elementor-field-group elementor-column elementor-field-group-field_1662651 elementor-col-100\">\n\t\t\t\t\t\t\t\t\t\t\t\t<label for=\"form-field-field_1662651\" class=\"elementor-field-label elementor-screen-only\">\n\t\t\t\t\t\t\t\tMessage\t\t\t\t\t\t\t<\/label>\n\t\t\t\t\t\t\t\t\t\t\t\t\t\t<input size=\"1\" type=\"text\" name=\"form_fields[field_1662651]\" id=\"form-field-field_1662651\" class=\"elementor-field elementor-size-md  elementor-field-textual\" placeholder=\"Remarques ou description du probl\u00e8me\">\n\t\t\t\t\t\t\t\t\t\t\t<\/div>\n\t\t\t\t\t\t\t\t<div class=\"elementor-field-type-acceptance elementor-field-group elementor-column elementor-field-group-field_e46bee6 elementor-col-100 elementor-field-required\">\n\t\t\t\t\t\t\t\t\t\t\t\t<label for=\"form-field-field_e46bee6\" class=\"elementor-field-label elementor-screen-only\">\n\t\t\t\t\t\t\t\tAcceptation\t\t\t\t\t\t\t<\/label>\n\t\t\t\t\t\t\t\t<div class=\"elementor-field-subgroup\">\n\t\t\t<span class=\"elementor-field-option\">\n\t\t\t\t<input type=\"checkbox\" name=\"form_fields[field_e46bee6]\" id=\"form-field-field_e46bee6\" class=\"elementor-field elementor-size-md  elementor-acceptance-field\" required=\"required\">\n\t\t\t\t<label for=\"form-field-field_e46bee6\">J&#039;accepte la politique de confidentialit\u00e9 de Andy Schleck Cycle<\/label>\t\t\t<\/span>\n\t\t<\/div>\n\t\t\t\t\t\t<\/div>\n\t\t\t\t\t\t\t\t<div class=\"elementor-field-type-recaptcha_v3 elementor-field-group elementor-column elementor-field-group-field_5a58ca1 elementor-col-100 recaptcha_v3-bottomright\">\n\t\t\t\t\t<div class=\"elementor-field\" id=\"form-field-field_5a58ca1\"><div class=\"elementor-g-recaptcha\" data-sitekey=\"6LcuZe0jAAAAANTt5fd1ojbSN-eBjQLqTgq_DBjf\" data-type=\"v3\" data-action=\"Form\" data-badge=\"bottomright\" data-size=\"invisible\"><\/div><\/div>\t\t\t\t<\/div>\n\t\t\t\t\t\t\t\t<div class=\"elementor-field-group elementor-column elementor-field-type-submit elementor-col-100 e-form__buttons\">\n\t\t\t\t\t<button class=\"elementor-button elementor-size-md\" type=\"submit\">\n\t\t\t\t\t\t<span class=\"elementor-button-content-wrapper\">\n\t\t\t\t\t\t\t\t\t\t\t\t\t\t\t\t\t\t\t\t\t\t<span class=\"elementor-button-text\">Nous faire parvenir<\/span>\n\t\t\t\t\t\t\t\t\t\t\t\t\t<\/span>\n\t\t\t\t\t<\/button>\n\t\t\t\t<\/div>\n\t\t\t<\/div>\n\t\t<input type=\"hidden\" name=\"trp-form-language\" value=\"fr\"\/><\/form>\n\t\t\t\t\t\t<\/div>\n\t\t\t\t\t<\/div>\n\t\t\t\t<\/div>\n\t\t\t\t\t<\/div>\n\t\t\t\t<\/div>\n\t\t\t\t<\/div>","protected":false},"excerpt":{"rendered":"<p>Demander un service Heures d&#039;ouverture Adresse de contact<\/p>","protected":false},"author":1,"featured_media":0,"parent":0,"menu_order":0,"comment_status":"closed","ping_status":"closed","template":"","meta":{"footnotes":""},"folder":[],"class_list":["post-10361","page","type-page","status-publish","hentry"],"_links":{"self":[{"href":"https:\/\/andyschleckcycles.lu\/fr\/wp-json\/wp\/v2\/pages\/10361","targetHints":{"allow":["GET"]}}],"collection":[{"href":"https:\/\/andyschleckcycles.lu\/fr\/wp-json\/wp\/v2\/pages"}],"about":[{"href":"https:\/\/andyschleckcycles.lu\/fr\/wp-json\/wp\/v2\/types\/page"}],"author":[{"embeddable":true,"href":"https:\/\/andyschleckcycles.lu\/fr\/wp-json\/wp\/v2\/users\/1"}],"replies":[{"embeddable":true,"href":"https:\/\/andyschleckcycles.lu\/fr\/wp-json\/wp\/v2\/comments?post=10361"}],"version-history":[{"count":232,"href":"https:\/\/andyschleckcycles.lu\/fr\/wp-json\/wp\/v2\/pages\/10361\/revisions"}],"predecessor-version":[{"id":25556,"href":"https:\/\/andyschleckcycles.lu\/fr\/wp-json\/wp\/v2\/pages\/10361\/revisions\/25556"}],"wp:attachment":[{"href":"https:\/\/andyschleckcycles.lu\/fr\/wp-json\/wp\/v2\/media?parent=10361"}],"wp:term":[{"taxonomy":"folder","embeddable":true,"href":"https:\/\/andyschleckcycles.lu\/fr\/wp-json\/wp\/v2\/folder?post=10361"}],"curies":[{"name":"wp","href":"https:\/\/api.w.org\/{rel}","templated":true}]}}