{"id":12,"date":"2022-08-25T16:21:58","date_gmt":"2022-08-25T14:21:58","guid":{"rendered":"https:\/\/andyschleckcycles.lu\/?page_id=12"},"modified":"2024-12-10T19:38:30","modified_gmt":"2024-12-10T17:38:30","slug":"terms-conditions","status":"publish","type":"page","link":"https:\/\/andyschleckcycles.lu\/en\/terms-conditions\/","title":{"rendered":"Terms and Conditions"},"content":{"rendered":"\t\t<div data-elementor-type=\"wp-page\" data-elementor-id=\"12\" class=\"elementor elementor-12\" data-elementor-post-type=\"page\">\n\t\t\t\t<div class=\"elementor-element elementor-element-6f790866 e-flex e-con-boxed e-con e-parent\" data-id=\"6f790866\" data-element_type=\"container\">\n\t\t\t\t\t<div class=\"e-con-inner\">\n\t\t\t\t<div class=\"elementor-element elementor-element-2b14122b elementor-widget elementor-widget-text-editor\" data-id=\"2b14122b\" data-element_type=\"widget\" data-widget_type=\"text-editor.default\">\n\t\t\t\t\t\t\t\t\t<p><\/p>\n<p><span style=\"text-align: var(--text-align); color: var(--body-color); font-family: var(--tb-text-primary-font);\">1. Objet<\/span><\/p><p>Les pr\u00e9sentes conditions g\u00e9n\u00e9rales de vente (CGV) r\u00e9gissent les relations<br>contractuelles entre Andy Schleck Cycles S\u00e0rl, exploitant du site<br>www.andyschleckcycles.lu, et toute personne effectuant un achat via ce site, y<br>compris l\u2019achat de cartes cadeaux \u00e9lectroniques.<\/p>\n<p>2. Acceptation des Conditions<br>En passant commande sur le site, vous acceptez sans r\u00e9serve les pr\u00e9sentes CGV.<\/p>\n<p>3. Produits et Services<br>3.1 Produits : Les caract\u00e9ristiques des produits et services propos\u00e9s \u00e0 la vente sont<br>d\u00e9taill\u00e9es sur le site.<br>3.2 Cartes Cadeaux : Les cartes cadeaux \u00e9lectroniques sont soumises \u00e0 des<br>conditions sp\u00e9cifiques, d\u00e9crites ci-dessous (section 9).<\/p>\n<p>4. Commande<br>4.1 Toute commande est consid\u00e9r\u00e9e comme d\u00e9finitive apr\u00e8s confirmation par le<br>client et validation du paiement.<br>4.2 Disponibilit\u00e9 : En cas d\u2019indisponibilit\u00e9 d\u2019un produit apr\u00e8s validation de la<br>commande, nous vous informerons dans les plus brefs d\u00e9lais et proc\u00e9derons \u00e0 votre<br>remboursement dans un d\u00e9lai maximal de 14 jours \u00e0 compter de cette notification.<\/p>\n<p>5. Prix<br>5.1 Les prix sont affich\u00e9s en euros et incluent la TVA.<br>5.2 Les frais de livraison, le cas \u00e9ch\u00e9ant, sont d\u00e9taill\u00e9s avant validation de la<br>commande.<\/p>\n<p>6. Paiement<br>6.1 Les paiements sont effectu\u00e9s via des moyens s\u00e9curis\u00e9s indiqu\u00e9s sur le site.<br>6.2 Toute commande est payable en totalit\u00e9 au moment de la validation.<\/p>\n<p>7. Livraison<br>7.1 Les produits sont exp\u00e9di\u00e9s \u00e0 l\u2019adresse indiqu\u00e9e lors de la commande.<br>7.2 Les d\u00e9lais de livraison sont estimatifs et ne peuvent donner lieu \u00e0 indemnisation<br>en cas de retard.<\/p>\n<p>8. Droit de R\u00e9tractation<br>8.1 Conform\u00e9ment au droit luxembourgeois, vous disposez de 14 jours pour exercer<br>votre droit de r\u00e9tractation, sauf pour les produits personnalis\u00e9s ou les cartes<br>cadeaux utilis\u00e9es partiellement.8.2 Les frais de retour sont \u00e0 la charge du client, sauf en cas de produit d\u00e9fectueux<br>ou erreur de livraison.<\/p>\n<p>9. Conditions Sp\u00e9cifiques des Cartes Cadeaux<br>9.1 Utilisation : Les cartes cadeaux sont valables uniquement sur le site<br>www.andyschleckcycles.lu et dans les boutiques Andy Schleck Cycles.<br>9.2 Validit\u00e9 : Les cartes cadeaux ont une dur\u00e9e de validit\u00e9 de 12 mois \u00e0 compter de<br>leur date d\u2019achat.<br>9.3 Non-remboursables : Les cartes cadeaux ne peuvent \u00eatre \u00e9chang\u00e9es contre de<br>l\u2019argent, sauf obligation l\u00e9gale.<br>9.4 Perte ou Vol : En cas de perte ou de vol, les cartes cadeaux ne seront pas<br>remplac\u00e9es.<br>9.5 Valeur Partielle : Si la commande est inf\u00e9rieure au montant de la carte cadeau,<br>le solde restant pourra \u00eatre utilis\u00e9 pour une prochaine commande.<\/p>\n<p>10. Garantie et Service Apr\u00e8s-Vente<br>10.1 Tous les produits b\u00e9n\u00e9ficient de la garantie l\u00e9gale de conformit\u00e9 et de la<br>garantie contre les vices cach\u00e9s, conform\u00e9ment aux dispositions l\u00e9gales en vigueur<br>au Luxembourg.<\/p>\n<p>11. Donn\u00e9es Personnelles<br>Les informations collect\u00e9es lors de votre commande sont trait\u00e9es conform\u00e9ment \u00e0<br>notre politique de confidentialit\u00e9, disponible sur le site www.andyschleckcycles.<\/p>\n<p>12. Responsabilit\u00e9<br>12.1 Limitation : La responsabilit\u00e9 d\u2019Andy Schleck Cycles S\u00e0rl est limit\u00e9e au<br>montant de la commande.<br>12.2 Cas de Force Majeure : L\u2019entreprise ne peut \u00eatre tenue responsable des<br>retards ou inex\u00e9cutions dus \u00e0 des circonstances ind\u00e9pendantes de sa volont\u00e9.<\/p>\n<p>13. Droit Applicable et Litiges<br>13.1 Les pr\u00e9sentes CGV sont r\u00e9gies par le droit luxembourgeois.<br>13.2 En cas de litige, les tribunaux comp\u00e9tents de Luxembourg seront seuls habilit\u00e9s<br>\u00e0 statuer.<br>Pour toute question, veuillez nous contacter \u00e0 info@asc.lu.<\/p>\n<p><\/p>\t\t\t\t\t\t\t\t<\/div>\n\t\t\t\t\t<\/div>\n\t\t\t\t<\/div>\n\t\t\t\t<\/div>\n\t\t","protected":false},"excerpt":{"rendered":"<p>Conditions G\u00e9n\u00e9rales de Vente en Ligne 1. Objet Les pr\u00e9sentes conditions g\u00e9n\u00e9rales de vente (CGV) r\u00e9gissent les relationscontractuelles entre Andy Schleck Cycles S\u00e0rl, exploitant du sitewww.andyschleckcycles.lu, et toute personne effectuant un achat via ce site, ycompris l\u2019achat de cartes cadeaux \u00e9lectroniques. 2. Acceptation des ConditionsEn passant commande sur le site, vous acceptez sans r\u00e9serve les &hellip; <a href=\"https:\/\/andyschleckcycles.lu\/en\/terms-conditions\/\" class=\"more-link\">Continue reading <span class=\"screen-reader-text\">Terms and Conditions<\/span><\/a><\/p>\n","protected":false},"author":1,"featured_media":0,"parent":0,"menu_order":0,"comment_status":"closed","ping_status":"closed","template":"","meta":{"footnotes":""},"folder":[],"class_list":["post-12","page","type-page","status-publish","hentry"],"_links":{"self":[{"href":"https:\/\/andyschleckcycles.lu\/en\/wp-json\/wp\/v2\/pages\/12","targetHints":{"allow":["GET"]}}],"collection":[{"href":"https:\/\/andyschleckcycles.lu\/en\/wp-json\/wp\/v2\/pages"}],"about":[{"href":"https:\/\/andyschleckcycles.lu\/en\/wp-json\/wp\/v2\/types\/page"}],"author":[{"embeddable":true,"href":"https:\/\/andyschleckcycles.lu\/en\/wp-json\/wp\/v2\/users\/1"}],"replies":[{"embeddable":true,"href":"https:\/\/andyschleckcycles.lu\/en\/wp-json\/wp\/v2\/comments?post=12"}],"version-history":[{"count":8,"href":"https:\/\/andyschleckcycles.lu\/en\/wp-json\/wp\/v2\/pages\/12\/revisions"}],"predecessor-version":[{"id":24132,"href":"https:\/\/andyschleckcycles.lu\/en\/wp-json\/wp\/v2\/pages\/12\/revisions\/24132"}],"wp:attachment":[{"href":"https:\/\/andyschleckcycles.lu\/en\/wp-json\/wp\/v2\/media?parent=12"}],"wp:term":[{"taxonomy":"folder","embeddable":true,"href":"https:\/\/andyschleckcycles.lu\/en\/wp-json\/wp\/v2\/folder?post=12"}],"curies":[{"name":"wp","href":"https:\/\/api.w.org\/{rel}","templated":true}]}}