{"id":23697,"date":"2024-11-14T15:33:23","date_gmt":"2024-11-14T13:33:23","guid":{"rendered":"https:\/\/andyschleckcycles.lu\/products\/uncategorized\/gift-card\/"},"modified":"2025-02-20T11:12:11","modified_gmt":"2025-02-20T09:12:11","slug":"geschenkkarte","status":"publish","type":"product","link":"https:\/\/andyschleckcycles.lu\/de\/produkte\/geschenkkarte\/geschenkkarte\/","title":{"rendered":"Geschenkkarte"},"content":{"rendered":"<p>Schenken Sie Abenteuer und Leistung mit einer Andy Schleck Cycles Geschenkkarte! Dieser Geschenkgutschein kann in einem unserer beiden Radsportgesch\u00e4fte in Luxemburg eingel\u00f6st werden und ist perfekt f\u00fcr Fahrradenthusiasten, Pendler oder jeden, der sein Raderlebnis verbessern m\u00f6chte.<\/p>\n<p>Ob f\u00fcr ein neues Fahrrad oder wichtiges Zubeh\u00f6r - mit dieser flexiblen Geschenkoption k\u00f6nnen Ihre Liebsten unser breites Angebot an hochwertigen Produkten erkunden und genau das finden, was sie brauchen.<\/p>\n<ul>\n<li><strong>G\u00fcltig in beiden Filialen<\/strong><\/li>\n<li><strong>Geschenkkarte g\u00fcltig f\u00fcr 12 Monate\u00a0<\/strong><\/li>\n<li><strong>Erh\u00e4ltlich in verschiedenen Mengen f\u00fcr jedes Budget<\/strong><\/li>\n<\/ul>\n<p>Lassen Sie sie die richtige Ausr\u00fcstung w\u00e4hlen und genie\u00dfen Sie die offenen Stra\u00dfen, Wege und Pfade, die Luxemburg zu bieten hat!<\/p>","protected":false},"excerpt":{"rendered":"<p>Schenken Sie Abenteuer und Leistung mit einer Andy Schleck Cycles Geschenkkarte! Dieser Geschenkgutschein kann in einem unserer beiden Radsportgesch\u00e4fte in Luxemburg eingel\u00f6st werden und ist perfekt f\u00fcr Fahrradenthusiasten, Pendler oder jeden, der sein Raderlebnis verbessern m\u00f6chte.<\/p>","protected":false},"featured_media":23710,"template":"","meta":[],"product_brand":[],"product_cat":[533],"product_tag":[],"class_list":{"0":"post-23697","1":"product","2":"type-product","3":"status-publish","4":"has-post-thumbnail","6":"product_cat-gift-card","9":"instock","10":"purchasable","11":"product-type-pw-gift-card","12":"has-default-attributes","13":"rtwpvg-product"},"_links":{"self":[{"href":"https:\/\/andyschleckcycles.lu\/de\/wp-json\/wp\/v2\/product\/23697","targetHints":{"allow":["GET"]}}],"collection":[{"href":"https:\/\/andyschleckcycles.lu\/de\/wp-json\/wp\/v2\/product"}],"about":[{"href":"https:\/\/andyschleckcycles.lu\/de\/wp-json\/wp\/v2\/types\/product"}],"wp:featuredmedia":[{"embeddable":true,"href":"https:\/\/andyschleckcycles.lu\/de\/wp-json\/wp\/v2\/media\/23710"}],"wp:attachment":[{"href":"https:\/\/andyschleckcycles.lu\/de\/wp-json\/wp\/v2\/media?parent=23697"}],"wp:term":[{"taxonomy":"product_brand","embeddable":true,"href":"https:\/\/andyschleckcycles.lu\/de\/wp-json\/wp\/v2\/product_brand?post=23697"},{"taxonomy":"product_cat","embeddable":true,"href":"https:\/\/andyschleckcycles.lu\/de\/wp-json\/wp\/v2\/product_cat?post=23697"},{"taxonomy":"product_tag","embeddable":true,"href":"https:\/\/andyschleckcycles.lu\/de\/wp-json\/wp\/v2\/product_tag?post=23697"}],"curies":[{"name":"wp","href":"https:\/\/api.w.org\/{rel}","templated":true}]}}