{"id":17040,"date":"2022-11-09T15:51:54","date_gmt":"2022-11-09T13:51:54","guid":{"rendered":"https:\/\/andyschleckcycles.lu\/products\/uncategorized\/bontrager-velocis-mips-helmet\/"},"modified":"2024-10-28T16:08:10","modified_gmt":"2024-10-28T14:08:10","slug":"bontrager-velocis-mips-helm","status":"publish","type":"product","link":"https:\/\/andyschleckcycles.lu\/de\/produkte\/fahrradzubehor\/helme\/bontrager-velocis-mips-helm\/","title":{"rendered":"Bontrager Velocis MIPS-Helm"},"content":{"rendered":"<p>Bontrager Velocis MIPS-Helm<\/p>\n<p>Der Velocis beherrscht die Stra\u00dfenkategorie seit Jahren mit seiner komfortablen Passform, seinem unglaublich geringen Gewicht und seinen beeindruckenden K\u00fchlungsm\u00f6glichkeiten. Die neuen Funktionen werden sicher auch au\u00dferhalb der Stra\u00dfenkategorie f\u00fcr Aufsehen sorgen und machen den Velocis MIPS noch mehr zu einem unverzichtbaren Flaggschiff.<\/p>\n<p>Das neue Design ist etwas tiefer als das der Vorg\u00e4ngerversion und bietet zus\u00e4tzlichen Schutz in wichtigen Bereichen wie dem Hinterkopf sowie eine bequemere Passform. Auch die aerodynamische Leistung profitiert vom neuen Design. Der Windkanal best\u00e4tigt ein windabweisendes Profil, das selbst mit speziellen Aero-Helmen mithalten kann. Versenkte Innenkan\u00e4le sorgen f\u00fcr ausreichende K\u00fchlung und machen den Velocis MIPS zur perfekten Wahl f\u00fcr lange Trainingsfahrten und hei\u00dfe Renntage.<\/p>\n<p>MIPS (Multi-directional Impact Protection System), eine Technologie, die von Chirurgen und Wissenschaftlern entwickelt wurde, um das Gehirn vor den f\u00fcr St\u00fcrze typischen schr\u00e4gen Aufprallwinkeln zu sch\u00fctzen, hat die Welt des Actionsports mit ihrem effektiven und erschwinglichen Design im Sturm erobert. Ernsthafte Fahrer brauchen ernsthaften Schutz, deshalb ist MIPS jetzt Standard bei Velocis.<\/p>\n<p>Das v\u00f6llig neue Boa-Helmverschlusssystem erm\u00f6glicht es dem Fahrer, die Passform mit nur einer Hand einzustellen und bietet mehr Einstellm\u00f6glichkeiten f\u00fcr eine exakte Passform. Boa war eine unglaublich erfolgreiche Erg\u00e4nzung der Bontrager-Schuhlinie, und wir wissen, dass es auch auf dem Helmmarkt Wellen schlagen wird, wenn es zusammen mit dem Velocis MIPS in die Regale kommt.<\/p>\n<p>Praktische Features wie die 37,5 Fit Pads, die Feuchtigkeit ableiten, der abnehmbare NeoVisor, der die Vorteile einer Radkappe bietet, ohne dabei aufzutragen, und der neue Sonnenbrillenanschluss f\u00fcr die sichere Aufbewahrung von Brillen runden ein Premium-Produkt mit Profi-Peloton-Leistung und ganzt\u00e4gigem Fahrkomfort ab.<\/p>\n<p>- MIPS-Gehirnschutz-System<br \/>\n- Das Boa-Verschlusssystem erm\u00f6glicht es dem Fahrer, den Helm mit einer Hand zu befestigen und anzupassen<br \/>\n- Interne, vertiefte Kan\u00e4le leiten den Luftstrom \u00fcber den Kopf, damit Sie k\u00fchl und trocken bleiben<br \/>\n- 37,5 Passform-Pads leiten die Feuchtigkeit von der Haut ab und sorgen so f\u00fcr idealen Komfort<br \/>\n- Das Sonnenbrillenfach erm\u00f6glicht einen einfachen Zugang zur sicheren Aufbewahrung der Brille, wenn sie nicht gebraucht wird<br \/>\n- Inklusive abnehmbarem NeoVisor f\u00fcr alle Vorteile einer Radkappe ohne zus\u00e4tzlichen Ballast<br \/>\n- Die Crash Replacement Guarantee bietet einen kostenlosen Austausch des Helms, wenn er innerhalb des ersten Jahres in einen Unfall verwickelt ist.<\/p>","protected":false},"excerpt":{"rendered":"<p>Der Velocis beherrscht die Stra\u00dfenkategorie seit Jahren mit seiner komfortablen Passform, seinem unglaublich geringen Gewicht und seinen beeindruckenden K\u00fchlungseigenschaften. Die neuen Funktionen werden auch au\u00dferhalb der Stra\u00dfenkategorie f\u00fcr Aufsehen sorgen und machen den Velocis MIPS noch mehr zu einem Must-Stock f ....<\/p>","protected":false},"featured_media":0,"template":"","meta":[],"product_brand":[],"product_cat":[397],"product_tag":[],"class_list":{"0":"post-17040","1":"product","2":"type-product","3":"status-publish","5":"product_cat-helmets","8":"outofstock","9":"taxable","10":"shipping-taxable","11":"purchasable","12":"product-type-variable","13":"has-default-attributes","14":"rtwpvg-product"},"_links":{"self":[{"href":"https:\/\/andyschleckcycles.lu\/de\/wp-json\/wp\/v2\/product\/17040","targetHints":{"allow":["GET"]}}],"collection":[{"href":"https:\/\/andyschleckcycles.lu\/de\/wp-json\/wp\/v2\/product"}],"about":[{"href":"https:\/\/andyschleckcycles.lu\/de\/wp-json\/wp\/v2\/types\/product"}],"wp:attachment":[{"href":"https:\/\/andyschleckcycles.lu\/de\/wp-json\/wp\/v2\/media?parent=17040"}],"wp:term":[{"taxonomy":"product_brand","embeddable":true,"href":"https:\/\/andyschleckcycles.lu\/de\/wp-json\/wp\/v2\/product_brand?post=17040"},{"taxonomy":"product_cat","embeddable":true,"href":"https:\/\/andyschleckcycles.lu\/de\/wp-json\/wp\/v2\/product_cat?post=17040"},{"taxonomy":"product_tag","embeddable":true,"href":"https:\/\/andyschleckcycles.lu\/de\/wp-json\/wp\/v2\/product_tag?post=17040"}],"curies":[{"name":"wp","href":"https:\/\/api.w.org\/{rel}","templated":true}]}}