{"id":5530,"date":"2022-08-25T22:06:29","date_gmt":"2022-08-25T22:06:29","guid":{"rendered":"https:\/\/andyschleckcycles.lu\/?page_id=5530"},"modified":"2023-01-13T12:02:32","modified_gmt":"2023-01-13T10:02:32","slug":"trek-projekton","status":"publish","type":"page","link":"https:\/\/andyschleckcycles.lu\/de\/dienstleistungen\/trek-projekton\/","title":{"rendered":"TREK ProjectOne"},"content":{"rendered":"<div data-elementor-type=\"wp-page\" data-elementor-id=\"5530\" class=\"elementor elementor-5530\" data-elementor-post-type=\"page\">\n\t\t\t\t\t\t<section class=\"elementor-section elementor-top-section elementor-element elementor-element-13f48f96 elementor-section-stretched elementor-section-boxed elementor-section-height-default elementor-section-height-default\" data-id=\"13f48f96\" data-element_type=\"section\" data-settings=\"{&quot;background_background&quot;:&quot;video&quot;,&quot;background_video_link&quot;:&quot;https:\\\/\\\/www.youtube.com\\\/watch?v=CVMYEc9XDr4&quot;,&quot;stretch_section&quot;:&quot;section-stretched&quot;,&quot;background_play_on_mobile&quot;:&quot;yes&quot;}\">\n\t\t\t\t\t\t\t\t<div class=\"elementor-background-video-container\" aria-hidden=\"true\">\n\t\t\t\t\t\t\t\t\t\t\t\t\t<div class=\"elementor-background-video-embed\"><\/div>\n\t\t\t\t\t\t\t\t\t\t\t\t<\/div>\n\t\t\t\t\t\t\t\t<div class=\"elementor-container elementor-column-gap-default\">\n\t\t\t\t\t<div class=\"elementor-column elementor-col-100 elementor-top-column elementor-element elementor-element-380daf37\" data-id=\"380daf37\" data-element_type=\"column\">\n\t\t\t<div class=\"elementor-widget-wrap\">\n\t\t\t\t\t\t\t<\/div>\n\t\t<\/div>\n\t\t\t\t\t<\/div>\n\t\t<\/section>\n\t\t\t\t<section class=\"elementor-section elementor-top-section elementor-element elementor-element-2641a16 elementor-section-boxed elementor-section-height-default elementor-section-height-default\" data-id=\"2641a16\" data-element_type=\"section\" data-settings=\"{&quot;background_background&quot;:&quot;video&quot;}\">\n\t\t\t\t\t\t<div class=\"elementor-container elementor-column-gap-default\">\n\t\t\t\t\t<div class=\"elementor-column elementor-col-100 elementor-top-column elementor-element elementor-element-5b628aa\" data-id=\"5b628aa\" data-element_type=\"column\">\n\t\t\t<div class=\"elementor-widget-wrap elementor-element-populated\">\n\t\t\t\t\t\t<div class=\"elementor-element elementor-element-39daae8 elementor-drop-cap-yes elementor-drop-cap-view-default elementor-widget elementor-widget-text-editor\" data-id=\"39daae8\" data-element_type=\"widget\" data-settings=\"{&quot;drop_cap&quot;:&quot;yes&quot;}\" data-widget_type=\"text-editor.default\">\n\t\t\t\t\t\t\t\t\t<p><div class=\"wp-block-image\"><\/p>\n<figure class=\"aligncenter size-large\"><img fetchpriority=\"high\" decoding=\"async\" class=\"alignnone wp-image-10550 size-full\" src=\"https:\/\/andyschleckcycles.lu\/wp-content\/uploads\/2022\/10\/trek-project-one-branding_1024x1024.jpg\" alt=\"\" width=\"1024\" height=\"230\" title=\"\"><\/figure>\n<div class=\"wp-block-uagb-advanced-heading uagb-block-c3d5acba-760a-4e1b-b5cd-543be8dbce3e\">\n<h1 class=\"uagb-heading-text\">Project One Individuelle Fahrr\u00e4der<\/h1>\n<div>\u00a0<\/div>\n<\/div>\n<p><\/div><\/p>\n<p>Jeder der f\u00e4hrt ist einzigartig. Ihr Fahrrad sollte es auch sein.<\/p>\n<p>\u00a0<\/p>\n<p>Mit Project One k\u00f6nnen Sie Ihre Selbstdarstellung \u00fcberall mit Farben, die eine Geschichte erz\u00e4hlen und perfekt zu Ihrem Stil passen, ausdr\u00fccken. Ganz gleich, ob Sie ein subtiler und eleganter Fahrer sind oder gerne auf einen \"mehr ist mehr\"-Ansatz setzen, es gibt ein Project One-Schema f\u00fcr Sie. Passen Sie Ihr Traumrad mit modernsten Komponenten und einer scheinbar endlosen Palette an Premium-Farben sowie Lackierungen an, die von den kreativsten Designern der Fahrradbranche erdacht wurden. Unser Team von K\u00fcnstlern und Konstrukteuren ist bereit, Ihre wildesten Ideen in die Realit\u00e4t umzusetzen.<\/p>\n<p>\u00a0<\/p>\n<p>Es ist an der Zeit, Ihre Tr\u00e4ume mit Project One zu verwirklichen.<\/p>\n<p>\u00a0<\/p>\n<p>Ihre individuelle Fahrt ist nur drei Schritte entfernt<\/p>\n<p><\/p>\n<p><\/p>\t\t\t\t\t\t\t\t<\/div>\n\t\t\t\t<div class=\"elementor-element elementor-element-ecddfd1 elementor-widget__width-initial elementor-position-top elementor-widget elementor-widget-image-box\" data-id=\"ecddfd1\" data-element_type=\"widget\" data-widget_type=\"image-box.default\">\n\t\t\t\t\t<div class=\"elementor-image-box-wrapper\"><figure class=\"elementor-image-box-img\"><img decoding=\"async\" width=\"317\" height=\"238\" src=\"https:\/\/andyschleckcycles.lu\/wp-content\/uploads\/2023\/01\/Choose-Your-Model-1.jpg\" class=\"attachment-full size-full wp-image-18178\" alt=\"\" title=\"\"><\/figure><div class=\"elementor-image-box-content\"><h3 class=\"elementor-image-box-title\">W\u00e4hlen Sie Ihr Modell<\/h3><p class=\"elementor-image-box-description\">W\u00e4hlen Sie eines unserer beliebtesten Modelle zum Anpassen.<\/p><\/div><\/div>\t\t\t\t<\/div>\n\t\t\t\t<div class=\"elementor-element elementor-element-f696de4 elementor-widget__width-initial elementor-position-top elementor-widget elementor-widget-image-box\" data-id=\"f696de4\" data-element_type=\"widget\" data-widget_type=\"image-box.default\">\n\t\t\t\t\t<div class=\"elementor-image-box-wrapper\"><figure class=\"elementor-image-box-img\"><img decoding=\"async\" width=\"317\" height=\"238\" src=\"https:\/\/andyschleckcycles.lu\/wp-content\/uploads\/2023\/01\/Choose-Your-Paint.jpg\" class=\"attachment-medium size-medium wp-image-18170\" alt=\"\" title=\"\"><\/figure><div class=\"elementor-image-box-content\"><h3 class=\"elementor-image-box-title\">W\u00e4hlen Sie Ihre Farbe<\/h3><p class=\"elementor-image-box-description\">W\u00e4hlen Sie aus Tausenden von Farben und Designschemata.<\/p><\/div><\/div>\t\t\t\t<\/div>\n\t\t\t\t<div class=\"elementor-element elementor-element-27a2aa7 elementor-widget__width-initial elementor-position-top elementor-widget elementor-widget-image-box\" data-id=\"27a2aa7\" data-element_type=\"widget\" data-widget_type=\"image-box.default\">\n\t\t\t\t\t<div class=\"elementor-image-box-wrapper\"><figure class=\"elementor-image-box-img\"><img loading=\"lazy\" decoding=\"async\" width=\"320\" height=\"238\" src=\"https:\/\/andyschleckcycles.lu\/wp-content\/uploads\/2023\/01\/Choose-Your-Parts-1.jpg\" class=\"attachment-full size-full wp-image-18179\" alt=\"\" title=\"\"><\/figure><div class=\"elementor-image-box-content\"><h3 class=\"elementor-image-box-title\">W\u00e4hlen Sie Ihre Teile<\/h3><p class=\"elementor-image-box-description\"><span style=\"font-family: Calibri, sans-serif;font-size: 11pt;text-align: start;white-space: normal\">Spezifizieren Sie jede Komponente oder w\u00e4hlen Sie ein zusammengestelltes Paket.<\/span><\/p><\/div><\/div>\t\t\t\t<\/div>\n\t\t\t\t<div class=\"elementor-element elementor-element-1ea80ea elementor-align-center elementor-widget elementor-widget-button\" data-id=\"1ea80ea\" data-element_type=\"widget\" data-widget_type=\"button.default\">\n\t\t\t\t\t\t\t\t\t\t<a class=\"elementor-button elementor-button-link elementor-size-sm\" href=\"https:\/\/www.trekbikes.com\/gb\/en_GB\/project-one\/\" target=\"_blank\" rel=\"nofollow noopener\">\n\t\t\t\t\t\t<span class=\"elementor-button-content-wrapper\">\n\t\t\t\t\t\t\t\t\t<span class=\"elementor-button-text\">Erfahren Sie mehr<\/span>\n\t\t\t\t\t<\/span>\n\t\t\t\t\t<\/a>\n\t\t\t\t\t\t\t\t<\/div>\n\t\t\t\t\t<\/div>\n\t\t<\/div>\n\t\t\t\t\t<\/div>\n\t\t<\/section>\n\t\t\t\t<\/div>","protected":false},"excerpt":{"rendered":"<p>Everyone who rides is unique. Their bike should be, too. \u00a0 With Project One, you can unleash your self-expression wherever you roll with hues that tell a story and perfectly match your style. Whether you\u2019re a subtle and sleek rider or like to saddle up with a \u201cmore is more\u201d approach, there\u2019s a Project One &hellip; <a href=\"https:\/\/andyschleckcycles.lu\/de\/dienstleistungen\/trek-projekton\/\" class=\"more-link\">Lesen Sie weiter <span class=\"screen-reader-text\">TREK ProjectOne<\/span><\/a><\/p>","protected":false},"author":1,"featured_media":0,"parent":4483,"menu_order":0,"comment_status":"closed","ping_status":"closed","template":"","meta":{"footnotes":""},"folder":[],"class_list":["post-5530","page","type-page","status-publish","hentry"],"_links":{"self":[{"href":"https:\/\/andyschleckcycles.lu\/de\/wp-json\/wp\/v2\/pages\/5530","targetHints":{"allow":["GET"]}}],"collection":[{"href":"https:\/\/andyschleckcycles.lu\/de\/wp-json\/wp\/v2\/pages"}],"about":[{"href":"https:\/\/andyschleckcycles.lu\/de\/wp-json\/wp\/v2\/types\/page"}],"author":[{"embeddable":true,"href":"https:\/\/andyschleckcycles.lu\/de\/wp-json\/wp\/v2\/users\/1"}],"replies":[{"embeddable":true,"href":"https:\/\/andyschleckcycles.lu\/de\/wp-json\/wp\/v2\/comments?post=5530"}],"version-history":[{"count":106,"href":"https:\/\/andyschleckcycles.lu\/de\/wp-json\/wp\/v2\/pages\/5530\/revisions"}],"predecessor-version":[{"id":25198,"href":"https:\/\/andyschleckcycles.lu\/de\/wp-json\/wp\/v2\/pages\/5530\/revisions\/25198"}],"up":[{"embeddable":true,"href":"https:\/\/andyschleckcycles.lu\/de\/wp-json\/wp\/v2\/pages\/4483"}],"wp:attachment":[{"href":"https:\/\/andyschleckcycles.lu\/de\/wp-json\/wp\/v2\/media?parent=5530"}],"wp:term":[{"taxonomy":"folder","embeddable":true,"href":"https:\/\/andyschleckcycles.lu\/de\/wp-json\/wp\/v2\/folder?post=5530"}],"curies":[{"name":"wp","href":"https:\/\/api.w.org\/{rel}","templated":true}]}}