{"id":5514,"date":"2022-08-25T22:02:05","date_gmt":"2022-08-25T20:02:05","guid":{"rendered":"https:\/\/andyschleckcycles.lu\/?page_id=5514"},"modified":"2025-02-08T09:40:07","modified_gmt":"2025-02-08T07:40:07","slug":"fahrradversicherung-insuremybike","status":"publish","type":"page","link":"https:\/\/andyschleckcycles.lu\/de\/dienstleistungen\/fahrradversicherung-insuremybike\/","title":{"rendered":"Fahrradversicherung \u2013 InsureMyBike"},"content":{"rendered":"<div data-elementor-type=\"wp-page\" data-elementor-id=\"5514\" class=\"elementor elementor-5514\" data-elementor-post-type=\"page\">\n\t\t\t\t<div class=\"elementor-element elementor-element-ff8ab65 e-flex e-con-boxed e-con e-parent\" data-id=\"ff8ab65\" data-element_type=\"container\">\n\t\t\t\t\t<div class=\"e-con-inner\">\n\t\t\t\t<div class=\"elementor-element elementor-element-4349794 elementor-widget elementor-widget-heading\" data-id=\"4349794\" data-element_type=\"widget\" data-widget_type=\"heading.default\">\n\t\t\t\t\t<h1 class=\"elementor-heading-title elementor-size-default\">Fahrradversicherung<\/h1>\t\t\t\t<\/div>\n\t\t\t\t<div class=\"elementor-element elementor-element-dfa61ae elementor-widget__width-auto elementor-widget elementor-widget-image\" data-id=\"dfa61ae\" data-element_type=\"widget\" data-widget_type=\"image.default\">\n\t\t\t\t\t\t\t\t\t\t\t\t\t\t\t<img fetchpriority=\"high\" decoding=\"async\" width=\"555\" height=\"152\" src=\"https:\/\/andyschleckcycles.lu\/wp-content\/uploads\/2022\/08\/insure-my-bike.jpg\" class=\"attachment-medium size-medium wp-image-5516\" alt=\"\" title=\"\">\t\t\t\t\t\t\t\t\t\t\t\t\t\t\t<\/div>\n\t\t\t\t<div class=\"elementor-element elementor-element-d125c92 elementor-widget elementor-widget-text-editor\" data-id=\"d125c92\" data-element_type=\"widget\" data-widget_type=\"text-editor.default\">\n\t\t\t\t\t\t\t\t\t<p>Die Versicherung wurde entwickelt, damit sich Fahrradbegeisterte gegen Diebstahl und Besch\u00e4digung absichern k\u00f6nnen. Gemeinsam mit der B\u00e2loise Luxembourg bieten wir Ihnen eine einfache und sichere L\u00f6sung f\u00fcr neue Fahrr\u00e4der, egal ob Rennr\u00e4der, E-Bikes oder jede andere Art von Fahrr\u00e4dern, und deren Zubeh\u00f6r. Diese Versicherung gilt weltweit und mit einem Tarif und ohne Selbstbeteiligung.<\/p>\n<br>\n<p><strong>Warum InsureMyBike w\u00e4hlen?<\/strong><\/p>\n<p>B\u00e2loise Luxembourg hat eine neue Versicherung f\u00fcr alle Radsportbegeisterten eingef\u00fchrt, um ihre Fahrr\u00e4der gegen Diebstahl und Besch\u00e4digung zu versichern.<\/p>\n<p>F\u00fcr Ihre Reisen oder f\u00fcr Ihre Leidenschaft, InsureMyBike ist der vollst\u00e4ndige Schutz Ihres Fahrrads. Egal ob Rennrad, E-Bike oder jede andere Art von Fahrrad, wir m\u00f6chten, dass jeder Enthusiast sein Fahrrad einfach abdecken kann und sich einfach sicher f\u00fchlt.<\/p>\n<br>\n<p><strong>Ihre Vorteile:<\/strong><\/p>\n\n<ul>\n<li>Abdeckung von neuen Fahrr\u00e4dern und deren Zubeh\u00f6r<\/li>\n<li>Ihre Fahrr\u00e4der sind bis zu 15.000 \u20ac versichert<\/li>\n<li>Vollst\u00e4ndiger Schutz vor Besch\u00e4digung und Diebstahl<\/li>\n<li>Weltweit g\u00fcltiger Versicherungsschutz<\/li>\n<li>Keine Selbstbeteiligung im Schadensfall!<\/li>\n<\/ul>\t\t\t\t\t\t\t\t<\/div>\n\t\t\t\t\t<\/div>\n\t\t\t\t<\/div>\n\t\t\t\t<\/div>","protected":false},"excerpt":{"rendered":"<p>Fahrradversicherung Die Versicherung wurde entwickelt, um Fahrradliebhabern die M\u00f6glichkeit zu geben, sich gegen Diebstahl und Sch\u00e4den zu sch\u00fctzen. Gemeinsam mit der B\u00e2loise Luxembourg bieten wir Ihnen eine einfache und sichere L\u00f6sung f\u00fcr neue Fahrr\u00e4der, egal ob Rennr\u00e4der, E-Bikes oder andere Fahrradtypen, und deren Zubeh\u00f6r. Diese Versicherung ist weltweit g\u00fcltig und mit einem einzigen Tarif ... <a href=\"https:\/\/andyschleckcycles.lu\/de\/dienstleistungen\/fahrradversicherung-insuremybike\/\" class=\"more-link\">Lesen Sie weiter <span class=\"screen-reader-text\">Fahrradversicherung \u2013 InsureMyBike<\/span><\/a><\/p>","protected":false},"author":1,"featured_media":0,"parent":4483,"menu_order":0,"comment_status":"closed","ping_status":"closed","template":"","meta":{"footnotes":""},"folder":[],"class_list":["post-5514","page","type-page","status-publish","hentry"],"_links":{"self":[{"href":"https:\/\/andyschleckcycles.lu\/de\/wp-json\/wp\/v2\/pages\/5514","targetHints":{"allow":["GET"]}}],"collection":[{"href":"https:\/\/andyschleckcycles.lu\/de\/wp-json\/wp\/v2\/pages"}],"about":[{"href":"https:\/\/andyschleckcycles.lu\/de\/wp-json\/wp\/v2\/types\/page"}],"author":[{"embeddable":true,"href":"https:\/\/andyschleckcycles.lu\/de\/wp-json\/wp\/v2\/users\/1"}],"replies":[{"embeddable":true,"href":"https:\/\/andyschleckcycles.lu\/de\/wp-json\/wp\/v2\/comments?post=5514"}],"version-history":[{"count":6,"href":"https:\/\/andyschleckcycles.lu\/de\/wp-json\/wp\/v2\/pages\/5514\/revisions"}],"predecessor-version":[{"id":24363,"href":"https:\/\/andyschleckcycles.lu\/de\/wp-json\/wp\/v2\/pages\/5514\/revisions\/24363"}],"up":[{"embeddable":true,"href":"https:\/\/andyschleckcycles.lu\/de\/wp-json\/wp\/v2\/pages\/4483"}],"wp:attachment":[{"href":"https:\/\/andyschleckcycles.lu\/de\/wp-json\/wp\/v2\/media?parent=5514"}],"wp:term":[{"taxonomy":"folder","embeddable":true,"href":"https:\/\/andyschleckcycles.lu\/de\/wp-json\/wp\/v2\/folder?post=5514"}],"curies":[{"name":"wp","href":"https:\/\/api.w.org\/{rel}","templated":true}]}}