{"id":5489,"date":"2022-08-25T21:32:41","date_gmt":"2022-08-25T21:32:41","guid":{"rendered":"https:\/\/andyschleckcycles.lu\/?page_id=5489"},"modified":"2025-02-08T09:41:01","modified_gmt":"2025-02-08T07:41:01","slug":"e-bike-service-center","status":"publish","type":"page","link":"https:\/\/andyschleckcycles.lu\/de\/dienstleistungen\/e-bike-service-center\/","title":{"rendered":"E-Bike Service Center"},"content":{"rendered":"<div data-elementor-type=\"wp-page\" data-elementor-id=\"5489\" class=\"elementor elementor-5489\" data-elementor-post-type=\"page\">\n\t\t\t\t<div class=\"elementor-element elementor-element-c771c35 e-flex e-con-boxed e-con e-parent\" data-id=\"c771c35\" data-element_type=\"container\">\n\t\t\t\t\t<div class=\"e-con-inner\">\n\t\t\t\t<div class=\"elementor-element elementor-element-7fd1f7d elementor-widget elementor-widget-text-editor\" data-id=\"7fd1f7d\" data-element_type=\"widget\" data-widget_type=\"text-editor.default\">\n\t\t\t\t\t\t\t\t\t<p><\/p>\n<h2 class=\"wp-block-heading\">E-Bike Service Center<\/h2>\n<div>\u00a0<\/div>\n<p><\/p>\n<p>E-Bikes m\u00fcssen vor Beginn der neuen Saison komplett durchgecheckt werden. Und bei sicherheitsrelevanten Teilen ist es noch besser, wenn diese Pr\u00fcfung von einem zertifizierten H\u00e4ndler durchgef\u00fchrt wird.<\/p>\n<p>\u00a0<\/p>\n<p>Unsere Werkstatt ist zertifiziert durch:<\/p>\n<p><\/p>\t\t\t\t\t\t\t\t<\/div>\n\t\t\t\t<div class=\"elementor-element elementor-element-64b94de elementor-widget elementor-widget-gallery\" data-id=\"64b94de\" data-element_type=\"widget\" data-settings=\"{&quot;gallery_layout&quot;:&quot;justified&quot;,&quot;lazyload&quot;:&quot;yes&quot;,&quot;ideal_row_height&quot;:{&quot;unit&quot;:&quot;px&quot;,&quot;size&quot;:200,&quot;sizes&quot;:[]},&quot;ideal_row_height_tablet&quot;:{&quot;unit&quot;:&quot;px&quot;,&quot;size&quot;:150,&quot;sizes&quot;:[]},&quot;ideal_row_height_mobile&quot;:{&quot;unit&quot;:&quot;px&quot;,&quot;size&quot;:150,&quot;sizes&quot;:[]},&quot;gap&quot;:{&quot;unit&quot;:&quot;px&quot;,&quot;size&quot;:10,&quot;sizes&quot;:[]},&quot;gap_tablet&quot;:{&quot;unit&quot;:&quot;px&quot;,&quot;size&quot;:10,&quot;sizes&quot;:[]},&quot;gap_mobile&quot;:{&quot;unit&quot;:&quot;px&quot;,&quot;size&quot;:10,&quot;sizes&quot;:[]},&quot;link_to&quot;:&quot;file&quot;,&quot;overlay_background&quot;:&quot;yes&quot;,&quot;content_hover_animation&quot;:&quot;fade-in&quot;}\" data-widget_type=\"gallery.default\">\n\t\t\t\t\t\t\t<div class=\"elementor-gallery__container\">\n\t\t\t\t\t\t\t<a class=\"e-gallery-item elementor-gallery-item elementor-animated-content\" href=\"https:\/\/andyschleckcycles.lu\/wp-content\/uploads\/2023\/01\/20190607-Bosch-ebike-SERVICE-Fensteraufkleber-300x235mm.png\" data-elementor-open-lightbox=\"yes\" data-elementor-lightbox-slideshow=\"64b94de\" data-elementor-lightbox-title=\"20190607-Bosch-ebike-SERVICE-Fensteraufkleber-300x235mm\" data-e-action-hash=\"#elementor-action%3Aaction%3Dlightbox%26settings%3DeyJpZCI6MTk1ODUsInVybCI6Imh0dHBzOlwvXC9hbmR5c2NobGVja2N5Y2xlcy5sdVwvd3AtY29udGVudFwvdXBsb2Fkc1wvMjAyM1wvMDFcLzIwMTkwNjA3LUJvc2NoLWViaWtlLVNFUlZJQ0UtRmVuc3RlcmF1ZmtsZWJlci0zMDB4MjM1bW0ucG5nIiwic2xpZGVzaG93IjoiNjRiOTRkZSJ9\">\n\t\t\t\t\t<div class=\"e-gallery-image elementor-gallery-item__image\" data-thumbnail=\"https:\/\/andyschleckcycles.lu\/wp-content\/uploads\/2023\/01\/20190607-Bosch-ebike-SERVICE-Fensteraufkleber-300x235mm-425x333.png\" data-width=\"425\" data-height=\"333\" aria-label=\"\" role=\"img\" ><\/div>\n\t\t\t\t\t\t\t\t\t\t\t<div class=\"elementor-gallery-item__overlay\"><\/div>\n\t\t\t\t\t\t\t\t\t\t\t\t\t\t<\/a>\n\t\t\t\t\t\t\t<a class=\"e-gallery-item elementor-gallery-item elementor-animated-content\" href=\"https:\/\/andyschleckcycles.lu\/wp-content\/uploads\/2023\/01\/2019_Aufkleber_Servicepartner_v2-1536x636-1.jpg\" data-elementor-open-lightbox=\"yes\" data-elementor-lightbox-slideshow=\"64b94de\" data-elementor-lightbox-title=\"2019_Aufkleber_Servicepartner_v2-1536x636\" data-e-action-hash=\"#elementor-action%3Aaction%3Dlightbox%26settings%3DeyJpZCI6MTk1ODQsInVybCI6Imh0dHBzOlwvXC9hbmR5c2NobGVja2N5Y2xlcy5sdVwvd3AtY29udGVudFwvdXBsb2Fkc1wvMjAyM1wvMDFcLzIwMTlfQXVma2xlYmVyX1NlcnZpY2VwYXJ0bmVyX3YyLTE1MzZ4NjM2LTEuanBnIiwic2xpZGVzaG93IjoiNjRiOTRkZSJ9\">\n\t\t\t\t\t<div class=\"e-gallery-image elementor-gallery-item__image\" data-thumbnail=\"https:\/\/andyschleckcycles.lu\/wp-content\/uploads\/2023\/01\/2019_Aufkleber_Servicepartner_v2-1536x636-1-555x230.jpg\" data-width=\"555\" data-height=\"230\" aria-label=\"\" role=\"img\" ><\/div>\n\t\t\t\t\t\t\t\t\t\t\t<div class=\"elementor-gallery-item__overlay\"><\/div>\n\t\t\t\t\t\t\t\t\t\t\t\t\t\t<\/a>\n\t\t\t\t\t<\/div>\n\t\t\t\t\t<\/div>\n\t\t\t\t\t<\/div>\n\t\t\t\t<\/div>\n\t\t\t\t<\/div>","protected":false},"excerpt":{"rendered":"<p>E-Bike Service Center \u00a0 E-bikes must be fully checked before the start of the new season. And for safety-related parts, it&#8217;s even better if this check is carried out by a certified dealer. \u00a0 Our workshop is certified by:<\/p>","protected":false},"author":1,"featured_media":0,"parent":4483,"menu_order":0,"comment_status":"closed","ping_status":"closed","template":"","meta":{"footnotes":""},"folder":[],"class_list":["post-5489","page","type-page","status-publish","hentry"],"_links":{"self":[{"href":"https:\/\/andyschleckcycles.lu\/de\/wp-json\/wp\/v2\/pages\/5489","targetHints":{"allow":["GET"]}}],"collection":[{"href":"https:\/\/andyschleckcycles.lu\/de\/wp-json\/wp\/v2\/pages"}],"about":[{"href":"https:\/\/andyschleckcycles.lu\/de\/wp-json\/wp\/v2\/types\/page"}],"author":[{"embeddable":true,"href":"https:\/\/andyschleckcycles.lu\/de\/wp-json\/wp\/v2\/users\/1"}],"replies":[{"embeddable":true,"href":"https:\/\/andyschleckcycles.lu\/de\/wp-json\/wp\/v2\/comments?post=5489"}],"version-history":[{"count":15,"href":"https:\/\/andyschleckcycles.lu\/de\/wp-json\/wp\/v2\/pages\/5489\/revisions"}],"predecessor-version":[{"id":24366,"href":"https:\/\/andyschleckcycles.lu\/de\/wp-json\/wp\/v2\/pages\/5489\/revisions\/24366"}],"up":[{"embeddable":true,"href":"https:\/\/andyschleckcycles.lu\/de\/wp-json\/wp\/v2\/pages\/4483"}],"wp:attachment":[{"href":"https:\/\/andyschleckcycles.lu\/de\/wp-json\/wp\/v2\/media?parent=5489"}],"wp:term":[{"taxonomy":"folder","embeddable":true,"href":"https:\/\/andyschleckcycles.lu\/de\/wp-json\/wp\/v2\/folder?post=5489"}],"curies":[{"name":"wp","href":"https:\/\/api.w.org\/{rel}","templated":true}]}}