{"id":5458,"date":"2022-08-25T21:01:48","date_gmt":"2022-08-25T21:01:48","guid":{"rendered":"https:\/\/andyschleckcycles.lu\/?page_id=5458"},"modified":"2023-01-13T10:32:50","modified_gmt":"2023-01-13T08:32:50","slug":"shimano-service-center","status":"publish","type":"page","link":"https:\/\/andyschleckcycles.lu\/de\/dienstleistungen\/shimano-service-center\/","title":{"rendered":"SHIMANO-Servicecenter"},"content":{"rendered":"<div data-elementor-type=\"wp-page\" data-elementor-id=\"5458\" class=\"elementor elementor-5458\" data-elementor-post-type=\"page\">\n\t\t\t\t<div class=\"elementor-element elementor-element-b66b58e e-flex e-con-boxed e-con e-parent\" data-id=\"b66b58e\" data-element_type=\"container\">\n\t\t\t\t\t<div class=\"e-con-inner\">\n\t\t<div class=\"elementor-element elementor-element-bd32b39 e-con-full e-flex e-con e-parent\" data-id=\"bd32b39\" data-element_type=\"container\">\n\t\t\t\t<div class=\"elementor-element elementor-element-a17580c elementor-widget elementor-widget-image\" data-id=\"a17580c\" data-element_type=\"widget\" data-widget_type=\"image.default\">\n\t\t\t\t\t\t\t\t\t\t\t\t\t\t\t<img fetchpriority=\"high\" decoding=\"async\" width=\"555\" height=\"235\" src=\"https:\/\/andyschleckcycles.lu\/wp-content\/uploads\/2022\/10\/SSC_logo.jpg\" class=\"attachment-medium size-medium wp-image-10588\" alt=\"\" title=\"\">\t\t\t\t\t\t\t\t\t\t\t\t\t\t\t<\/div>\n\t\t\t\t<div class=\"elementor-element elementor-element-d16f4a0 elementor-widget elementor-widget-wp-widget-text\" data-id=\"d16f4a0\" data-element_type=\"widget\" data-widget_type=\"wp-widget-text.default\">\n\t\t\t\t<div class=\"elementor-widget-container\">\n\t\t\t\t\t\t\t\t<div class=\"textwidget\"><p><!-- \/wp:image --><!-- wp:heading --><\/p>\n<h2>Warum das Shimano Service Center?<\/h2>\n<div><\/div>\n<p>Egal, ob Sie Ihr Fahrrad zum Sport, zum Pendeln oder in der Freizeit fahren, es braucht eine hochwertige Wartung, um sicherzustellen, dass Sie das bestm\u00f6gliche Erlebnis haben. Die regelm\u00e4\u00dfige Wartung Ihres Fahrrads durch Profis erh\u00f6ht die Lebensdauer Ihres Fahrrads und die Freude am Fahren. Dies vermeidet auch unerwartete und erhebliche Reparaturkosten.<\/p>\n<p>Im Shimano Service Center profitieren Sie von einer hochwertigen Wartung durch Profis, die Ihr Fahrrad kennen. Bedenken hinsichtlich Qualit\u00e4t, Zuverl\u00e4ssigkeit und Sicherheit sind alte Geschichte. Wir tun alles, um Ihnen die Pflege Ihres Fahrrads so einfach wie m\u00f6glich zu machen. Stellen Sie uns alle Ihre Fragen. Wir stehen Ihnen jederzeit gerne mit Rat und Tat zur Seite. Jedes Mal spiegelt sich unser Know-how in unserer Qualit\u00e4tsarbeit wider.<\/p>\n<p>&nbsp;<\/p>\n<h2>Wir bieten exzellente Fahrradwartung:<\/h2>\n<div><\/div>\n<ul>\n<li>Durchgef\u00fchrt von geschultem und zertifiziertem Shimano-Personal<\/li>\n<li>Mit Original-Shimano-Ersatzteilen<\/li>\n<li>Mit den neuesten Shimano-Technologien<\/li>\n<\/ul>\n<\/div>\n\t\t\t\t\t\t<\/div>\n\t\t\t\t<\/div>\n\t\t\t\t<\/div>\n\t\t\t\t\t<\/div>\n\t\t\t\t<\/div>\n\t\t\t\t<\/div>","protected":false},"excerpt":{"rendered":"","protected":false},"author":1,"featured_media":0,"parent":4483,"menu_order":0,"comment_status":"closed","ping_status":"closed","template":"elementor_theme","meta":{"footnotes":""},"folder":[],"class_list":["post-5458","page","type-page","status-publish","hentry"],"_links":{"self":[{"href":"https:\/\/andyschleckcycles.lu\/de\/wp-json\/wp\/v2\/pages\/5458","targetHints":{"allow":["GET"]}}],"collection":[{"href":"https:\/\/andyschleckcycles.lu\/de\/wp-json\/wp\/v2\/pages"}],"about":[{"href":"https:\/\/andyschleckcycles.lu\/de\/wp-json\/wp\/v2\/types\/page"}],"author":[{"embeddable":true,"href":"https:\/\/andyschleckcycles.lu\/de\/wp-json\/wp\/v2\/users\/1"}],"replies":[{"embeddable":true,"href":"https:\/\/andyschleckcycles.lu\/de\/wp-json\/wp\/v2\/comments?post=5458"}],"version-history":[{"count":28,"href":"https:\/\/andyschleckcycles.lu\/de\/wp-json\/wp\/v2\/pages\/5458\/revisions"}],"predecessor-version":[{"id":20604,"href":"https:\/\/andyschleckcycles.lu\/de\/wp-json\/wp\/v2\/pages\/5458\/revisions\/20604"}],"up":[{"embeddable":true,"href":"https:\/\/andyschleckcycles.lu\/de\/wp-json\/wp\/v2\/pages\/4483"}],"wp:attachment":[{"href":"https:\/\/andyschleckcycles.lu\/de\/wp-json\/wp\/v2\/media?parent=5458"}],"wp:term":[{"taxonomy":"folder","embeddable":true,"href":"https:\/\/andyschleckcycles.lu\/de\/wp-json\/wp\/v2\/folder?post=5458"}],"curies":[{"name":"wp","href":"https:\/\/api.w.org\/{rel}","templated":true}]}}