{"id":24136,"date":"2024-12-11T09:38:30","date_gmt":"2024-12-11T07:38:30","guid":{"rendered":"https:\/\/andyschleckcycles.lu\/?page_id=24136"},"modified":"2025-02-08T09:13:43","modified_gmt":"2025-02-08T07:13:43","slug":"fahrrad-wartungsdienste","status":"publish","type":"page","link":"https:\/\/andyschleckcycles.lu\/de\/fahrrad-wartungsdienste\/","title":{"rendered":"Fahrrad-Inzahlungnahme"},"content":{"rendered":"<div data-elementor-type=\"wp-page\" data-elementor-id=\"24136\" class=\"elementor elementor-24136\" data-elementor-post-type=\"page\">\n\t\t\t\t<div class=\"elementor-element elementor-element-842e80c e-con-full e-flex e-con e-parent\" data-id=\"842e80c\" data-element_type=\"container\" data-settings=\"{&quot;background_background&quot;:&quot;classic&quot;}\">\n\t\t\t\t<div class=\"elementor-element elementor-element-71d72de elementor-widget elementor-widget-heading\" data-id=\"71d72de\" data-element_type=\"widget\" data-widget_type=\"heading.default\">\n\t\t\t\t\t<h1 class=\"elementor-heading-title elementor-size-default\">Fahrrad-Inzahlungnahme<\/h1>\t\t\t\t<\/div>\n\t\t\t\t<\/div>\n\t\t<div class=\"elementor-element elementor-element-a43f80a e-flex e-con-boxed e-con e-parent\" data-id=\"a43f80a\" data-element_type=\"container\" data-settings=\"{&quot;background_background&quot;:&quot;classic&quot;}\">\n\t\t\t\t\t<div class=\"e-con-inner\">\n\t\t<div class=\"elementor-element elementor-element-a679e19 e-flex e-con-boxed e-con e-child\" data-id=\"a679e19\" data-element_type=\"container\" data-settings=\"{&quot;background_background&quot;:&quot;classic&quot;}\">\n\t\t\t\t\t<div class=\"e-con-inner\">\n\t\t\t\t<div class=\"elementor-element elementor-element-fde535b elementor-widget elementor-widget-heading\" data-id=\"fde535b\" data-element_type=\"widget\" data-widget_type=\"heading.default\">\n\t\t\t\t\t<h3 class=\"elementor-heading-title elementor-size-default\">Geben Sie Ihrem Elektrofahrrad mit Andy Schleck Cycles ein zweites Leben!<\/h3>\t\t\t\t<\/div>\n\t\t\t\t<div class=\"elementor-element elementor-element-2c162f5 elementor-widget elementor-widget-text-editor\" data-id=\"2c162f5\" data-element_type=\"widget\" data-widget_type=\"text-editor.default\">\n\t\t\t\t\t\t\t\t\tBei Andy Schleck Cycles bieten wir Ihnen die M\u00f6glichkeit, Ihr Elektrofahrrad (E-Bike) beim Kauf eines Neumodells im Store in Zahlung zu geben.\t\t\t\t\t\t\t\t<\/div>\n\t\t\t\t\t<\/div>\n\t\t\t\t<\/div>\n\t\t\t\t\t<\/div>\n\t\t\t\t<\/div>\n\t\t<div class=\"elementor-element elementor-element-a1d66b8 e-flex e-con-boxed e-con e-parent\" data-id=\"a1d66b8\" data-element_type=\"container\">\n\t\t\t\t\t<div class=\"e-con-inner\">\n\t\t<div class=\"elementor-element elementor-element-ffc5356 e-con-full e-flex e-con e-child\" data-id=\"ffc5356\" data-element_type=\"container\">\n\t\t\t\t<div class=\"elementor-element elementor-element-25aa5fa elementor-widget elementor-widget-heading\" data-id=\"25aa5fa\" data-element_type=\"widget\" data-widget_type=\"heading.default\">\n\t\t\t\t\t<h3 class=\"elementor-heading-title elementor-size-default\">Eine einfache und kostenlose Bewertung<\/h3>\t\t\t\t<\/div>\n\t\t\t\t<div class=\"elementor-element elementor-element-e66ef21 elementor-widget elementor-widget-text-editor\" data-id=\"e66ef21\" data-element_type=\"widget\" data-widget_type=\"text-editor.default\">\n\t\t\t\t\t\t\t\t\t<p>Wir bieten Ihnen eine kostenlose Bewertung Ihres E-Bikes ohne jegliche Verpflichtung oder Kaufverpflichtung.<\/p>\t\t\t\t\t\t\t\t<\/div>\n\t\t\t\t<div class=\"elementor-element elementor-element-4b145fc elementor-widget elementor-widget-heading\" data-id=\"4b145fc\" data-element_type=\"widget\" data-widget_type=\"heading.default\">\n\t\t\t\t\t<h3 class=\"elementor-heading-title elementor-size-default\">Inzahlungnahmebedingungen<\/h3>\t\t\t\t<\/div>\n\t\t\t\t<div class=\"elementor-element elementor-element-24fab1d elementor-widget elementor-widget-text-editor\" data-id=\"24fab1d\" data-element_type=\"widget\" data-widget_type=\"text-editor.default\">\n\t\t\t\t\t\t\t\t\t<p>Um von unserem Trade-In-Service zu profitieren, erf\u00fcllen Sie bitte die folgenden Kriterien:<\/p><ul><li><strong>Fahrradtyp<\/strong>: Es werden nur Elektrofahrr\u00e4der (E-Bikes) akzeptiert.<\/li><li><strong>Funktionsfahrrad<\/strong>: Das Fahrrad muss in funktionst\u00fcchtigem Zustand sein.<\/li><li><strong>Kaufnachweis<\/strong>: Legen Sie die Kaufrechnung Ihres Fahrrades vor.<\/li><li><strong>Komplette Ausr\u00fcstung<\/strong>: Bringen Sie das Fahrrad, mindestens einen Schl\u00fcssel und das Ladeger\u00e4t mit.<\/li><li><strong>Kauf im Gesch\u00e4ft<\/strong>: Die Inzahlungnahme ist nur beim Kauf eines Neurades im Store m\u00f6glich.<\/li><\/ul><p>\u00a0<\/p><p><strong>Notiz<\/strong>: Der Eintauschwert wird auf Basis des Originalmodells des Fahrrads berechnet. Nach dem Kauf hinzugef\u00fcgtes Zubeh\u00f6r wird bei der Wertermittlung nicht ber\u00fccksichtigt.<\/p>\t\t\t\t\t\t\t\t<\/div>\n\t\t\t\t<\/div>\n\t\t<div class=\"elementor-element elementor-element-9951818 e-con-full e-flex e-con e-child\" data-id=\"9951818\" data-element_type=\"container\">\n\t\t\t\t<div class=\"elementor-element elementor-element-8527ed6 elementor-widget elementor-widget-image\" data-id=\"8527ed6\" data-element_type=\"widget\" data-widget_type=\"image.default\">\n\t\t\t\t\t\t\t\t\t\t\t\t\t\t\t<img fetchpriority=\"high\" decoding=\"async\" width=\"462\" height=\"462\" src=\"https:\/\/andyschleckcycles.lu\/wp-content\/uploads\/2024\/12\/Trek-Electric-Bike-462x462.jpg\" class=\"attachment-large size-large wp-image-24139\" alt=\"\" title=\"\">\t\t\t\t\t\t\t\t\t\t\t\t\t\t\t<\/div>\n\t\t\t\t<\/div>\n\t\t\t\t\t<\/div>\n\t\t\t\t<\/div>\n\t\t<div class=\"elementor-element elementor-element-f278c4e e-flex e-con-boxed e-con e-parent\" data-id=\"f278c4e\" data-element_type=\"container\" data-settings=\"{&quot;background_background&quot;:&quot;classic&quot;}\">\n\t\t\t\t\t<div class=\"e-con-inner\">\n\t\t<div class=\"elementor-element elementor-element-c6c5cf7 e-flex e-con-boxed e-con e-child\" data-id=\"c6c5cf7\" data-element_type=\"container\">\n\t\t\t\t\t<div class=\"e-con-inner\">\n\t\t\t\t<div class=\"elementor-element elementor-element-de8be47 elementor-widget elementor-widget-heading\" data-id=\"de8be47\" data-element_type=\"widget\" data-widget_type=\"heading.default\">\n\t\t\t\t\t<h3 class=\"elementor-heading-title elementor-size-default\">Ein neues Leben f\u00fcr Ihr Fahrrad<\/h3>\t\t\t\t<\/div>\n\t\t\t\t<div class=\"elementor-element elementor-element-de4f7f7 elementor-widget elementor-widget-text-editor\" data-id=\"de4f7f7\" data-element_type=\"widget\" data-widget_type=\"text-editor.default\">\n\t\t\t\t\t\t\t\t\t<p>Nach der Inzahlungnahme wird Ihr altes Fahrrad an unseren spezialisierten Partner gesendet, wo es sorgf\u00e4ltig aufbereitet wird, um sein zweites Leben zu beginnen.<\/p>\t\t\t\t\t\t\t\t<\/div>\n\t\t\t\t<div class=\"elementor-element elementor-element-9a4ed63 elementor-widget elementor-widget-heading\" data-id=\"9a4ed63\" data-element_type=\"widget\" data-widget_type=\"heading.default\">\n\t\t\t\t\t<h3 class=\"elementor-heading-title elementor-size-default\">Bereit f\u00fcr ein Upgrade auf ein neues Fahrrad?<\/h3>\t\t\t\t<\/div>\n\t\t\t\t<div class=\"elementor-element elementor-element-3613de2 elementor-widget elementor-widget-text-editor\" data-id=\"3613de2\" data-element_type=\"widget\" data-widget_type=\"text-editor.default\">\n\t\t\t\t\t\t\t\t\t<p>Besuchen Sie uns im Gesch\u00e4ft f\u00fcr eine kostenlose Bewertung und fahren Sie mit einem neuen Modell los, das perfekt zu Ihren Bed\u00fcrfnissen passt! \ud83d\udeb4\u200d\u2642\ufe0f\u267b\ufe0f<\/p>\t\t\t\t\t\t\t\t<\/div>\n\t\t\t\t\t<\/div>\n\t\t\t\t<\/div>\n\t\t\t\t\t<\/div>\n\t\t\t\t<\/div>\n\t\t\t\t<\/div>","protected":false},"excerpt":{"rendered":"<p>Bike Trade-In Give Your Electric Bike a Second Life with Andy Schleck Cycles! At Andy Schleck Cycles, we offer you the opportunity to trade in your electric bike (E-Bike) when purchasing a new model in-store. A Simple and Free Evaluation We provide a free valuation of your E-Bike with no obligation or commitment to purchase. &hellip; <a href=\"https:\/\/andyschleckcycles.lu\/de\/fahrrad-wartungsdienste\/\" class=\"more-link\">Lesen Sie weiter <span class=\"screen-reader-text\">Fahrrad-Inzahlungnahme<\/span><\/a><\/p>","protected":false},"author":2,"featured_media":0,"parent":0,"menu_order":0,"comment_status":"closed","ping_status":"closed","template":"elementor_header_footer","meta":{"footnotes":""},"folder":[],"class_list":["post-24136","page","type-page","status-publish","hentry"],"_links":{"self":[{"href":"https:\/\/andyschleckcycles.lu\/de\/wp-json\/wp\/v2\/pages\/24136","targetHints":{"allow":["GET"]}}],"collection":[{"href":"https:\/\/andyschleckcycles.lu\/de\/wp-json\/wp\/v2\/pages"}],"about":[{"href":"https:\/\/andyschleckcycles.lu\/de\/wp-json\/wp\/v2\/types\/page"}],"author":[{"embeddable":true,"href":"https:\/\/andyschleckcycles.lu\/de\/wp-json\/wp\/v2\/users\/2"}],"replies":[{"embeddable":true,"href":"https:\/\/andyschleckcycles.lu\/de\/wp-json\/wp\/v2\/comments?post=24136"}],"version-history":[{"count":28,"href":"https:\/\/andyschleckcycles.lu\/de\/wp-json\/wp\/v2\/pages\/24136\/revisions"}],"predecessor-version":[{"id":24350,"href":"https:\/\/andyschleckcycles.lu\/de\/wp-json\/wp\/v2\/pages\/24136\/revisions\/24350"}],"wp:attachment":[{"href":"https:\/\/andyschleckcycles.lu\/de\/wp-json\/wp\/v2\/media?parent=24136"}],"wp:term":[{"taxonomy":"folder","embeddable":true,"href":"https:\/\/andyschleckcycles.lu\/de\/wp-json\/wp\/v2\/folder?post=24136"}],"curies":[{"name":"wp","href":"https:\/\/api.w.org\/{rel}","templated":true}]}}