{"id":23987,"date":"2024-12-05T08:04:36","date_gmt":"2024-12-05T06:04:36","guid":{"rendered":"https:\/\/andyschleckcycles.lu\/?page_id=23987"},"modified":"2025-02-08T09:38:59","modified_gmt":"2025-02-08T07:38:59","slug":"fahrradanpassung","status":"publish","type":"page","link":"https:\/\/andyschleckcycles.lu\/de\/fahrradanpassung\/","title":{"rendered":"Fahrradanpassung"},"content":{"rendered":"<div data-elementor-type=\"wp-page\" data-elementor-id=\"23987\" class=\"elementor elementor-23987\" data-elementor-post-type=\"page\">\n\t\t\t\t<div class=\"elementor-element elementor-element-8e0819a e-con-full e-flex e-con e-parent\" data-id=\"8e0819a\" data-element_type=\"container\" data-settings=\"{&quot;background_background&quot;:&quot;classic&quot;}\">\n\t\t\t\t<div class=\"elementor-element elementor-element-e52aea7 elementor-widget elementor-widget-heading\" data-id=\"e52aea7\" data-element_type=\"widget\" data-widget_type=\"heading.default\">\n\t\t\t\t\t<h1 class=\"elementor-heading-title elementor-size-default\">Fahrradanpassung<\/h1>\t\t\t\t<\/div>\n\t\t\t\t<\/div>\n\t\t<div class=\"elementor-element elementor-element-c45fe99 e-flex e-con-boxed e-con e-parent\" data-id=\"c45fe99\" data-element_type=\"container\">\n\t\t\t\t\t<div class=\"e-con-inner\">\n\t\t<div class=\"elementor-element elementor-element-79cee60 e-flex e-con-boxed e-con e-child\" data-id=\"79cee60\" data-element_type=\"container\">\n\t\t\t\t\t<div class=\"e-con-inner\">\n\t\t<div class=\"elementor-element elementor-element-ff5cf3a e-flex e-con-boxed e-con e-child\" data-id=\"ff5cf3a\" data-element_type=\"container\">\n\t\t\t\t\t<div class=\"e-con-inner\">\n\t\t\t\t<div class=\"elementor-element elementor-element-0fe186e elementor-widget elementor-widget-text-editor\" data-id=\"0fe186e\" data-element_type=\"widget\" data-widget_type=\"text-editor.default\">\n\t\t\t\t\t\t\t\t\t<p>Holen Sie sich Ihr bestes Fahrgef\u00fchl mit einem individuellen Bike-Fitting-Erlebnis, das auf Ihren einzigartigen K\u00f6rper und Fahrstil zugeschnitten ist. Bei Andy Schleck Cycles glauben wir, dass jeder Radfahrer, vom Anf\u00e4nger bis zum Spitzensportler, ein Fahrrad verdient, das sich wie eine Erweiterung seines K\u00f6rpers anf\u00fchlt. Unsere Bike-Fitting-Services sind darauf ausgelegt, den Komfort zu erh\u00f6hen, Verletzungen vorzubeugen und die Leistung zu steigern, sodass sich jeder Kilometer geschmeidiger und effizienter anf\u00fchlt.<\/p>\t\t\t\t\t\t\t\t<\/div>\n\t\t\t\t<div class=\"elementor-element elementor-element-3f30acd elementor-widget elementor-widget-heading\" data-id=\"3f30acd\" data-element_type=\"widget\" data-widget_type=\"heading.default\">\n\t\t\t\t\t<h5 class=\"elementor-heading-title elementor-size-default\">Warum ein Bike-Fitting durchf\u00fchren lassen?<\/h5>\t\t\t\t<\/div>\n\t\t\t\t<div class=\"elementor-element elementor-element-12bb92b elementor-widget elementor-widget-text-editor\" data-id=\"12bb92b\" data-element_type=\"widget\" data-widget_type=\"text-editor.default\">\n\t\t\t\t\t\t\t\t\t<p><span style=\"text-align: var(--text-align); color: var(--body-color); font-family: var(--tb-text-primary-font);\">Bei der richtigen Fahrradanpassung geht es um mehr als nur die Einstellung der Sitzh\u00f6he \u2013 es geht darum, Harmonie zwischen Ihnen und Ihrem Fahrrad herzustellen. Wenn Ihr Fahrrad richtig angepasst ist, erleben Sie mehr Kraft, Ausdauer und Komfort, egal ob Sie auf der Stra\u00dfe, im Gel\u00e4nde oder auf der Rennstrecke unterwegs sind. Ein gut angepasstes Fahrrad verringert auch das Risiko von Verletzungen, die h\u00e4ufig durch eine falsche Haltung verursacht werden, wie Knieschmerzen, R\u00fcckenschmerzen und Taubheitsgef\u00fchle.<\/span><\/p>\t\t\t\t\t\t\t\t<\/div>\n\t\t\t\t\t<\/div>\n\t\t\t\t<\/div>\n\t\t<div class=\"elementor-element elementor-element-95900a7 e-flex e-con-boxed e-con e-child\" data-id=\"95900a7\" data-element_type=\"container\">\n\t\t\t\t\t<div class=\"e-con-inner\">\n\t\t<div class=\"elementor-element elementor-element-cb3643f e-con-full e-flex e-con e-child\" data-id=\"cb3643f\" data-element_type=\"container\">\n\t\t\t\t<div class=\"elementor-element elementor-element-0b229ca elementor-align-right elementor-widget elementor-widget-button\" data-id=\"0b229ca\" data-element_type=\"widget\" data-widget_type=\"button.default\">\n\t\t\t\t\t\t\t\t\t\t<a class=\"elementor-button elementor-button-link elementor-size-sm\" href=\"#booking\">\n\t\t\t\t\t\t<span class=\"elementor-button-content-wrapper\">\n\t\t\t\t\t\t\t\t\t<span class=\"elementor-button-text\">Buchung<\/span>\n\t\t\t\t\t<\/span>\n\t\t\t\t\t<\/a>\n\t\t\t\t\t\t\t\t<\/div>\n\t\t\t\t<\/div>\n\t\t<div class=\"elementor-element elementor-element-c0d8f60 e-con-full e-flex e-con e-child\" data-id=\"c0d8f60\" data-element_type=\"container\" id=\"process\">\n\t\t\t\t<div class=\"elementor-element elementor-element-61ca3b5 elementor-mobile-align-center elementor-widget elementor-widget-button\" data-id=\"61ca3b5\" data-element_type=\"widget\" data-widget_type=\"button.default\">\n\t\t\t\t\t\t\t\t\t\t<a class=\"elementor-button elementor-button-link elementor-size-sm\" href=\"#process\">\n\t\t\t\t\t\t<span class=\"elementor-button-content-wrapper\">\n\t\t\t\t\t\t<span class=\"elementor-button-icon\">\n\t\t\t\t<i aria-hidden=\"true\" class=\"far fa-arrow-alt-circle-down\"><\/i>\t\t\t<\/span>\n\t\t\t\t\t\t\t\t\t<span class=\"elementor-button-text\">Mehr erfahren<\/span>\n\t\t\t\t\t<\/span>\n\t\t\t\t\t<\/a>\n\t\t\t\t\t\t\t\t<\/div>\n\t\t\t\t<\/div>\n\t\t\t\t\t<\/div>\n\t\t\t\t<\/div>\n\t\t\t\t\t<\/div>\n\t\t\t\t<\/div>\n\t\t\t\t\t<\/div>\n\t\t\t\t<\/div>\n\t\t<div class=\"elementor-element elementor-element-9abccd3 e-flex e-con-boxed e-con e-parent\" data-id=\"9abccd3\" data-element_type=\"container\" data-settings=\"{&quot;background_background&quot;:&quot;classic&quot;}\">\n\t\t\t\t\t<div class=\"e-con-inner\">\n\t\t<div class=\"elementor-element elementor-element-6d34daa e-con-full e-flex e-con e-child\" data-id=\"6d34daa\" data-element_type=\"container\" data-settings=\"{&quot;background_background&quot;:&quot;classic&quot;}\">\n\t\t\t\t<div class=\"elementor-element elementor-element-b58296d elementor-widget elementor-widget-heading\" data-id=\"b58296d\" data-element_type=\"widget\" data-widget_type=\"heading.default\">\n\t\t\t\t\t<h5 class=\"elementor-heading-title elementor-size-default\">Bike-Fitting-Prozess<\/h5>\t\t\t\t<\/div>\n\t\t<div class=\"elementor-element elementor-element-e727cb1 e-flex e-con-boxed e-con e-child\" data-id=\"e727cb1\" data-element_type=\"container\">\n\t\t\t\t\t<div class=\"e-con-inner\">\n\t\t\t\t<div class=\"elementor-element elementor-element-6ff7732 elementor-widget elementor-widget-text-editor\" data-id=\"6ff7732\" data-element_type=\"widget\" data-widget_type=\"text-editor.default\">\n\t\t\t\t\t\t\t\t\t<p>Unser Bike-Fitting-Service ist darauf ausgelegt, Ihnen ein personalisiertes und professionelles Erlebnis zu bieten und sicherzustellen, dass Ihr Fahrrad perfekt auf Ihren K\u00f6rper, Ihren Trittstil und Ihre Leistungsziele abgestimmt ist.<\/p>\t\t\t\t\t\t\t\t<\/div>\n\t\t\t\t<div class=\"elementor-element elementor-element-0744041 elementor-widget elementor-widget-text-editor\" data-id=\"0744041\" data-element_type=\"widget\" data-widget_type=\"text-editor.default\">\n\t\t\t\t\t\t\t\t\t<p>Hier ist eine \u00dcbersicht \u00fcber unseren schrittweisen Bike-Fitting-Prozess:<\/p>\t\t\t\t\t\t\t\t<\/div>\n\t\t<div class=\"elementor-element elementor-element-237a277 e-flex e-con-boxed e-con e-child\" data-id=\"237a277\" data-element_type=\"container\">\n\t\t\t\t\t<div class=\"e-con-inner\">\n\t\t\t\t<div class=\"elementor-element elementor-element-ab9bbe4 elementor-widget elementor-widget-heading\" data-id=\"ab9bbe4\" data-element_type=\"widget\" data-widget_type=\"heading.default\">\n\t\t\t\t\t<h3 class=\"elementor-heading-title elementor-size-default\">\t1.\tInterview und Diskussion<\/h3>\t\t\t\t<\/div>\n\t\t\t\t<div class=\"elementor-element elementor-element-ff2228e elementor-widget elementor-widget-text-editor\" data-id=\"ff2228e\" data-element_type=\"widget\" data-widget_type=\"text-editor.default\">\n\t\t\t\t\t\t\t\t\t<p>Wir beginnen mit einem ausf\u00fchrlichen Gespr\u00e4ch, um Ihre Ziele, Ihre Radfahrerfahrung und eventuelle Schmerzen oder Beschwerden beim Fahren zu verstehen. Dieser Schritt erm\u00f6glicht es uns, die Anpassung an Ihre spezifischen Bed\u00fcrfnisse und Erwartungen anzupassen.<\/p>\t\t\t\t\t\t\t\t<\/div>\n\t\t\t\t\t<\/div>\n\t\t\t\t<\/div>\n\t\t<div class=\"elementor-element elementor-element-9af9b39 e-flex e-con-boxed e-con e-child\" data-id=\"9af9b39\" data-element_type=\"container\">\n\t\t\t\t\t<div class=\"e-con-inner\">\n\t\t\t\t<div class=\"elementor-element elementor-element-8b3042d elementor-widget elementor-widget-heading\" data-id=\"8b3042d\" data-element_type=\"widget\" data-widget_type=\"heading.default\">\n\t\t\t\t\t<h3 class=\"elementor-heading-title elementor-size-default\">\t2.\tBewertung von Radfahrern<\/h3>\t\t\t\t<\/div>\n\t\t\t\t<div class=\"elementor-element elementor-element-6815ac2 elementor-widget elementor-widget-text-editor\" data-id=\"6815ac2\" data-element_type=\"widget\" data-widget_type=\"text-editor.default\">\n\t\t\t\t\t\t\t\t\t<p>Wir f\u00fchren eine Reihe von Funktionstests durch, um Ihre Flexibilit\u00e4t, Kraft, Mobilit\u00e4t und K\u00f6rperhaltung zu bewerten. Diese Tests helfen uns, Ihre k\u00f6rperlichen Eigenschaften zu verstehen und Ihre Fahrradposition entsprechend Ihren F\u00e4higkeiten anzupassen.<\/p>\t\t\t\t\t\t\t\t<\/div>\n\t\t\t\t\t<\/div>\n\t\t\t\t<\/div>\n\t\t<div class=\"elementor-element elementor-element-929a963 e-flex e-con-boxed e-con e-child\" data-id=\"929a963\" data-element_type=\"container\">\n\t\t\t\t\t<div class=\"e-con-inner\">\n\t\t\t\t<div class=\"elementor-element elementor-element-9fea981 elementor-widget elementor-widget-heading\" data-id=\"9fea981\" data-element_type=\"widget\" data-widget_type=\"heading.default\">\n\t\t\t\t\t<h3 class=\"elementor-heading-title elementor-size-default\">\t3.\tAnalyse der Ausr\u00fcstung<\/h3>\t\t\t\t<\/div>\n\t\t\t\t<div class=\"elementor-element elementor-element-b8f9ae1 elementor-widget elementor-widget-text-editor\" data-id=\"b8f9ae1\" data-element_type=\"widget\" data-widget_type=\"text-editor.default\">\n\t\t\t\t\t\t\t\t\t<p>Wir untersuchen wesentliche Elemente Ihrer Ausr\u00fcstung, darunter Schuhe, Einlegesohlen, Stollen und nat\u00fcrlich Ihr Fahrrad. Jedes Element wird \u00fcberpr\u00fcft, um sicherzustellen, dass es zu Ihrem Stil passt und f\u00fcr Komfort und Leistung optimiert werden kann.<\/p>\t\t\t\t\t\t\t\t<\/div>\n\t\t\t\t\t<\/div>\n\t\t\t\t<\/div>\n\t\t<div class=\"elementor-element elementor-element-b43c485 e-flex e-con-boxed e-con e-child\" data-id=\"b43c485\" data-element_type=\"container\">\n\t\t\t\t\t<div class=\"e-con-inner\">\n\t\t\t\t<div class=\"elementor-element elementor-element-4592c32 elementor-widget elementor-widget-heading\" data-id=\"4592c32\" data-element_type=\"widget\" data-widget_type=\"heading.default\">\n\t\t\t\t\t<h3 class=\"elementor-heading-title elementor-size-default\">\t4.\tStatische und dynamische Fahrradanalyse<\/h3>\t\t\t\t<\/div>\n\t\t\t\t<div class=\"elementor-element elementor-element-1276658 elementor-widget elementor-widget-text-editor\" data-id=\"1276658\" data-element_type=\"widget\" data-widget_type=\"text-editor.default\">\n\t\t\t\t\t\t\t\t\t<ul><li><strong>Messung<\/strong>: Durch genaues Aufma\u00df passen wir jedes Teil Ihres Fahrrads Ihren Ma\u00dfen an.<\/li><li><strong>Videoanalyse<\/strong>: Durch eine dynamische Videoanalyse wird Ihre Positionierung in der Bewegung beobachtet und sichergestellt, dass diese reibungslos und spannungsfrei verl\u00e4uft.<\/li><li><strong>Satteldruck-Mapping<\/strong>: Wir analysieren Ihre Gewichtsverteilung auf dem Sattel, um Druckpunkte zu minimieren und den Komfort zu verbessern.<\/li><li><strong>Satteltest (falls erforderlich)<\/strong>: Sollten weiterhin Probleme mit dem Komfort bestehen, bieten wir einen Satteltest an, um festzustellen, ob ein anderes Modell Ihren Komfort verbessern k\u00f6nnte.<\/li><\/ul>\t\t\t\t\t\t\t\t<\/div>\n\t\t\t\t\t<\/div>\n\t\t\t\t<\/div>\n\t\t<div class=\"elementor-element elementor-element-5559e26 e-flex e-con-boxed e-con e-child\" data-id=\"5559e26\" data-element_type=\"container\">\n\t\t\t\t\t<div class=\"e-con-inner\">\n\t\t\t\t<div class=\"elementor-element elementor-element-1114cc2 elementor-widget elementor-widget-heading\" data-id=\"1114cc2\" data-element_type=\"widget\" data-widget_type=\"heading.default\">\n\t\t\t\t\t<h3 class=\"elementor-heading-title elementor-size-default\">\t5.\tEinstellung des Fahrrads und \u00dcberpr\u00fcfung der Position<\/h3>\t\t\t\t<\/div>\n\t\t\t\t<div class=\"elementor-element elementor-element-2c7f6a0 elementor-widget elementor-widget-text-editor\" data-id=\"2c7f6a0\" data-element_type=\"widget\" data-widget_type=\"text-editor.default\">\n\t\t\t\t\t\t\t\t\t<p>Nach der Analyse passen wir jede Komponente des Fahrrads an \u2013 Sattelh\u00f6he und -winkel, Schuhplattenposition, Lenkerh\u00f6he und -ausrichtung usw. Sobald die Anpassungen vorgenommen wurden, \u00fcberpr\u00fcfen wir sorgf\u00e4ltig Ihre neue Position, um sicherzustellen, dass sie Ihren Komfort- und Leistungsanforderungen entspricht.<\/p>\t\t\t\t\t\t\t\t<\/div>\n\t\t\t\t\t<\/div>\n\t\t\t\t<\/div>\n\t\t<div class=\"elementor-element elementor-element-b020ed7 e-flex e-con-boxed e-con e-child\" data-id=\"b020ed7\" data-element_type=\"container\">\n\t\t\t\t\t<div class=\"e-con-inner\">\n\t\t\t\t<div class=\"elementor-element elementor-element-0f2eca6 elementor-widget elementor-widget-heading\" data-id=\"0f2eca6\" data-element_type=\"widget\" data-widget_type=\"heading.default\">\n\t\t\t\t\t<h3 class=\"elementor-heading-title elementor-size-default\">\t6.\tNachbereitung der Anpassung (falls erforderlich)<\/h3>\t\t\t\t<\/div>\n\t\t\t\t<div class=\"elementor-element elementor-element-826d33b elementor-widget elementor-widget-text-editor\" data-id=\"826d33b\" data-element_type=\"widget\" data-widget_type=\"text-editor.default\">\n\t\t\t\t\t\t\t\t\t<p>Wir bieten nach 15 bis 20 Fahrten eine Folgesitzung an, um bei Bedarf Anpassungen vorzunehmen. Diese Nachverfolgung hilft dabei, die Einstellungen basierend auf Ihrem langfristigen Feedback zu optimieren.<\/p>\t\t\t\t\t\t\t\t<\/div>\n\t\t\t\t\t<\/div>\n\t\t\t\t<\/div>\n\t\t<div class=\"elementor-element elementor-element-f3d319d e-flex e-con-boxed e-con e-child\" data-id=\"f3d319d\" data-element_type=\"container\">\n\t\t\t\t\t<div class=\"e-con-inner\">\n\t\t\t\t<div class=\"elementor-element elementor-element-94845cd elementor-widget elementor-widget-heading\" data-id=\"94845cd\" data-element_type=\"widget\" data-widget_type=\"heading.default\">\n\t\t\t\t\t<h3 class=\"elementor-heading-title elementor-size-default\">Dauer des Dienstes: ca. 2 Stunden<\/h3>\t\t\t\t<\/div>\n\t\t\t\t<div class=\"elementor-element elementor-element-ecf8990 elementor-widget elementor-widget-text-editor\" data-id=\"ecf8990\" data-element_type=\"widget\" data-widget_type=\"text-editor.default\">\n\t\t\t\t\t\t\t\t\t<p>Jeder Schritt unseres Prozesses ist darauf ausgelegt, Ihnen eine pr\u00e4zise und personalisierte Passform zu bieten. Buchen Sie noch heute Ihre Bike-Fitting-Sitzung und genie\u00dfen Sie ein komfortableres, schmerzfreieres und effizienteres Fahrerlebnis.<\/p>\t\t\t\t\t\t\t\t<\/div>\n\t\t\t\t\t<\/div>\n\t\t\t\t<\/div>\n\t\t\t\t\t<\/div>\n\t\t\t\t<\/div>\n\t\t\t\t<\/div>\n\t\t<div class=\"elementor-element elementor-element-a407411 e-con-full e-flex e-con e-child\" data-id=\"a407411\" data-element_type=\"container\" data-settings=\"{&quot;background_background&quot;:&quot;classic&quot;,&quot;background_motion_fx_motion_fx_scrolling&quot;:&quot;yes&quot;,&quot;background_motion_fx_translateX_effect&quot;:&quot;yes&quot;,&quot;background_motion_fx_range&quot;:&quot;page&quot;,&quot;background_motion_fx_translateX_speed&quot;:{&quot;unit&quot;:&quot;px&quot;,&quot;size&quot;:4,&quot;sizes&quot;:[]},&quot;background_motion_fx_translateX_affectedRange&quot;:{&quot;unit&quot;:&quot;%&quot;,&quot;size&quot;:&quot;&quot;,&quot;sizes&quot;:{&quot;start&quot;:0,&quot;end&quot;:100}},&quot;background_motion_fx_devices&quot;:[&quot;desktop&quot;,&quot;tablet&quot;,&quot;mobile&quot;]}\">\n\t\t\t\t<\/div>\n\t\t\t\t\t<\/div>\n\t\t\t\t<\/div>\n\t\t<div class=\"elementor-element elementor-element-8204214 e-flex e-con-boxed e-con e-child\" data-id=\"8204214\" data-element_type=\"container\" id=\"booking\">\n\t\t\t\t\t<div class=\"e-con-inner\">\n\t\t<div class=\"elementor-element elementor-element-7341b91 e-flex e-con-boxed e-con e-child\" data-id=\"7341b91\" data-element_type=\"container\">\n\t\t\t\t\t<div class=\"e-con-inner\">\n\t\t\t\t<div class=\"elementor-element elementor-element-23905f4 elementor-widget elementor-widget-heading\" data-id=\"23905f4\" data-element_type=\"widget\" data-widget_type=\"heading.default\">\n\t\t\t\t\t<h5 class=\"elementor-heading-title elementor-size-default\">Bike-Fitting-Prozess<\/h5>\t\t\t\t<\/div>\n\t\t\t\t<div class=\"elementor-element elementor-element-ad64ce7 elementor-widget elementor-widget-text-editor\" data-id=\"ad64ce7\" data-element_type=\"widget\" data-widget_type=\"text-editor.default\">\n\t\t\t\t\t\t\t\t\t<p>W\u00e4hlen Sie das perfekte Fahrrad f\u00fcr Ihre Bed\u00fcrfnisse aus, egal ob es sich um ein Citybike, ein Rennrad, ein Mountainbike oder ein Elektrofahrrad handelt. Unser Team hilft Ihnen, das ideale Modell zu finden, das zu Ihrem Lebensstil passt.<\/p>\t\t\t\t\t\t\t\t<\/div>\n\t\t\t\t<div class=\"elementor-element elementor-element-f5d3c86 elementor-widget elementor-widget-text-editor\" data-id=\"f5d3c86\" data-element_type=\"widget\" data-widget_type=\"text-editor.default\">\n\t\t\t\t\t\t\t\t\t<table><tbody><tr><td width=\"302\"><p>Komplettes Bikefitting f\u00fcr ein bestehendes Fahrrad<\/p><\/td><td width=\"302\"><p>280\u20ac<\/p><\/td><\/tr><tr><td width=\"302\"><p>Fahrradanpassung f\u00fcr ein neues Rad<\/p><\/td><td width=\"302\"><p>280\u20ac<\/p><\/td><\/tr><tr><td width=\"302\"><p>Cleat-Anpassungen<\/p><\/td><td width=\"302\"><p>50\u20ac<\/p><\/td><\/tr><tr><td width=\"302\"><p>Bikefit f\u00fcr ein zweites Fahrrad in derselben Sitzung<\/p><\/td><td width=\"302\"><p>100\u20ac<\/p><\/td><\/tr><\/tbody><\/table>\t\t\t\t\t\t\t\t<\/div>\n\t\t\t\t\t<\/div>\n\t\t\t\t<\/div>\n\t\t\t\t\t<\/div>\n\t\t\t\t<\/div>\n\t\t<div class=\"elementor-element elementor-element-9ae3fb0 e-flex e-con-boxed e-con e-parent\" data-id=\"9ae3fb0\" data-element_type=\"container\" data-settings=\"{&quot;background_background&quot;:&quot;classic&quot;}\">\n\t\t\t\t\t<div class=\"e-con-inner\">\n\t\t<div class=\"elementor-element elementor-element-606397f e-con-full e-flex e-con e-child\" data-id=\"606397f\" data-element_type=\"container\">\n\t\t<div class=\"elementor-element elementor-element-1925ffb e-flex e-con-boxed e-con e-child\" data-id=\"1925ffb\" data-element_type=\"container\">\n\t\t\t\t\t<div class=\"e-con-inner\">\n\t\t\t\t<div class=\"elementor-element elementor-element-b397d4e elementor-widget elementor-widget-heading\" data-id=\"b397d4e\" data-element_type=\"widget\" data-widget_type=\"heading.default\">\n\t\t\t\t\t<h5 class=\"elementor-heading-title elementor-size-default\">Buchung<\/h5>\t\t\t\t<\/div>\n\t\t\t\t<div class=\"elementor-element elementor-element-5672092 elementor-widget elementor-widget-text-editor\" data-id=\"5672092\" data-element_type=\"widget\" data-widget_type=\"text-editor.default\">\n\t\t\t\t\t\t\t\t\t<p>Buchen Sie noch heute Ihr Bike Fitting bei Romain, indem Sie ihn per E-Mail unten kontaktieren!<\/p>\t\t\t\t\t\t\t\t<\/div>\n\t\t\t\t<div class=\"elementor-element elementor-element-4ea5a3b elementor-mobile-align-left elementor-widget elementor-widget-button\" data-id=\"4ea5a3b\" data-element_type=\"widget\" data-widget_type=\"button.default\">\n\t\t\t\t\t\t\t\t\t\t<a class=\"elementor-button elementor-button-link elementor-size-sm\" href=\"mailto:bikefit@asc.lu\">\n\t\t\t\t\t\t<span class=\"elementor-button-content-wrapper\">\n\t\t\t\t\t\t<span class=\"elementor-button-icon\">\n\t\t\t\t<i aria-hidden=\"true\" class=\"zmdi zmdi-email\"><\/i>\t\t\t<\/span>\n\t\t\t\t\t\t\t\t\t<span class=\"elementor-button-text\">E-Mail zum Buchen<\/span>\n\t\t\t\t\t<\/span>\n\t\t\t\t\t<\/a>\n\t\t\t\t\t\t\t\t<\/div>\n\t\t\t\t<div class=\"elementor-element elementor-element-496a648 elementor-widget elementor-widget-text-editor\" data-id=\"496a648\" data-element_type=\"widget\" data-widget_type=\"text-editor.default\">\n\t\t\t\t\t\t\t\t\t<p>bikefit@asc.lu<\/p>\t\t\t\t\t\t\t\t<\/div>\n\t\t\t\t\t<\/div>\n\t\t\t\t<\/div>\n\t\t\t\t<\/div>\n\t\t<div class=\"elementor-element elementor-element-9dcf50c e-con-full e-flex e-con e-child\" data-id=\"9dcf50c\" data-element_type=\"container\" data-settings=\"{&quot;background_background&quot;:&quot;classic&quot;}\">\n\t\t\t\t<\/div>\n\t\t\t\t\t<\/div>\n\t\t\t\t<\/div>\n\t\t\t\t<\/div>","protected":false},"excerpt":{"rendered":"<p>Bike Fitting Entdecke dein bestes Fahrgef\u00fchl mit einem individuellen Bike Fitting, das auf deinen K\u00f6rper und deinen Fahrstil zugeschnitten ist. Wir bei Andy Schleck Cycles sind der Meinung, dass jeder Radfahrer - vom Anf\u00e4nger bis zum Spitzensportler - ein Fahrrad verdient, das sich wie eine Verl\u00e4ngerung seines K\u00f6rpers anf\u00fchlt. Unsere Fahrradanpassung ist darauf ausgelegt, den Komfort zu erh\u00f6hen, ... <a href=\"https:\/\/andyschleckcycles.lu\/de\/fahrradanpassung\/\" class=\"more-link\">Lesen Sie weiter <span class=\"screen-reader-text\">Fahrradanpassung<\/span><\/a><\/p>","protected":false},"author":2,"featured_media":0,"parent":0,"menu_order":0,"comment_status":"closed","ping_status":"closed","template":"elementor_header_footer","meta":{"footnotes":""},"folder":[],"class_list":["post-23987","page","type-page","status-publish","hentry"],"_links":{"self":[{"href":"https:\/\/andyschleckcycles.lu\/de\/wp-json\/wp\/v2\/pages\/23987","targetHints":{"allow":["GET"]}}],"collection":[{"href":"https:\/\/andyschleckcycles.lu\/de\/wp-json\/wp\/v2\/pages"}],"about":[{"href":"https:\/\/andyschleckcycles.lu\/de\/wp-json\/wp\/v2\/types\/page"}],"author":[{"embeddable":true,"href":"https:\/\/andyschleckcycles.lu\/de\/wp-json\/wp\/v2\/users\/2"}],"replies":[{"embeddable":true,"href":"https:\/\/andyschleckcycles.lu\/de\/wp-json\/wp\/v2\/comments?post=23987"}],"version-history":[{"count":118,"href":"https:\/\/andyschleckcycles.lu\/de\/wp-json\/wp\/v2\/pages\/23987\/revisions"}],"predecessor-version":[{"id":24360,"href":"https:\/\/andyschleckcycles.lu\/de\/wp-json\/wp\/v2\/pages\/23987\/revisions\/24360"}],"wp:attachment":[{"href":"https:\/\/andyschleckcycles.lu\/de\/wp-json\/wp\/v2\/media?parent=23987"}],"wp:term":[{"taxonomy":"folder","embeddable":true,"href":"https:\/\/andyschleckcycles.lu\/de\/wp-json\/wp\/v2\/folder?post=23987"}],"curies":[{"name":"wp","href":"https:\/\/api.w.org\/{rel}","templated":true}]}}