{"id":23444,"date":"2024-11-25T08:53:34","date_gmt":"2024-11-25T06:53:34","guid":{"rendered":"https:\/\/andyschleckcycles.lu\/?page_id=23444"},"modified":"2025-02-08T09:27:25","modified_gmt":"2025-02-08T07:27:25","slug":"ein-fahrrad-leasen","status":"publish","type":"page","link":"https:\/\/andyschleckcycles.lu\/de\/ein-fahrrad-leasen\/","title":{"rendered":"Ein Fahrrad leasen"},"content":{"rendered":"<div data-elementor-type=\"wp-page\" data-elementor-id=\"23444\" class=\"elementor elementor-23444\" data-elementor-post-type=\"page\">\n\t\t\t\t<div class=\"elementor-element elementor-element-d17922b e-con-full e-flex e-con e-parent\" data-id=\"d17922b\" data-element_type=\"container\" data-settings=\"{&quot;background_background&quot;:&quot;classic&quot;}\">\n\t\t\t\t<div class=\"elementor-element elementor-element-aeb1a7b elementor-widget elementor-widget-heading\" data-id=\"aeb1a7b\" data-element_type=\"widget\" data-widget_type=\"heading.default\">\n\t\t\t\t\t<h1 class=\"elementor-heading-title elementor-size-default\">Ein Fahrrad leasen<\/h1>\t\t\t\t<\/div>\n\t\t\t\t<\/div>\n\t\t<div class=\"elementor-element elementor-element-4e0c4a6 e-flex e-con-boxed e-con e-parent\" data-id=\"4e0c4a6\" data-element_type=\"container\">\n\t\t\t\t\t<div class=\"e-con-inner\">\n\t\t<div class=\"elementor-element elementor-element-c62837b e-flex e-con-boxed e-con e-child\" data-id=\"c62837b\" data-element_type=\"container\">\n\t\t\t\t\t<div class=\"e-con-inner\">\n\t\t\t\t<div class=\"elementor-element elementor-element-31f275a elementor-widget elementor-widget-heading\" data-id=\"31f275a\" data-element_type=\"widget\" data-widget_type=\"heading.default\">\n\t\t\t\t\t<h3 class=\"elementor-heading-title elementor-size-default\">Fahrradleasing in Luxemburg - Ihr Weg zu erschwinglicher, umweltfreundlicher Mobilit\u00e4t<\/h3>\t\t\t\t<\/div>\n\t\t\t\t<div class=\"elementor-element elementor-element-a0afe56 elementor-widget elementor-widget-text-editor\" data-id=\"a0afe56\" data-element_type=\"widget\" data-widget_type=\"text-editor.default\">\n\t\t\t\t\t\t\t\t\t<h5 style=\"font-weight: 200;\"><span style=\"text-align: var(--text-align); color: var(--body-color); font-family: var(--tb-text-primary-font); font-size: 17px;\">Entdecken Sie die Vorteile des Fahrradleasings in Luxemburg! Wir von Andy Schleck Cycles erleichtern Privatpersonen und Unternehmen den Zugang zu hochwertigen Fahrr\u00e4dern durch flexible Leasingoptionen.&nbsp;<\/span><span style=\"color: var(--body-color); font-family: var(--tb-text-primary-font); font-size: 17px; text-align: var(--text-align);\">Ganz gleich, ob Sie pendeln, auf Entdeckungstour gehen oder einfach nur aktiv werden m\u00f6chten - unsere Fahrrad-Leasingprogramme sollen das Radfahren erschwinglicher, nachhaltiger und angenehmer machen.<\/span><\/h5><div><span style=\"color: var(--body-color); font-family: var(--tb-text-primary-font); font-size: 17px; text-align: var(--text-align);\"><br><\/span><\/div><div>Nehmen Sie Kontakt mit uns auf oder erfahren Sie unten mehr dar\u00fcber, wie Fahrradleasing funktioniert:<\/div>\n<p><\/p>\t\t\t\t\t\t\t\t<\/div>\n\t\t\t\t\t<\/div>\n\t\t\t\t<\/div>\n\t\t\t\t\t<\/div>\n\t\t\t\t<\/div>\n\t\t<div class=\"elementor-element elementor-element-57578ac e-flex e-con-boxed e-con e-parent\" data-id=\"57578ac\" data-element_type=\"container\">\n\t\t\t\t\t<div class=\"e-con-inner\">\n\t\t<div class=\"elementor-element elementor-element-bf5846f e-con-full e-flex e-con e-child\" data-id=\"bf5846f\" data-element_type=\"container\">\n\t\t\t\t<div class=\"elementor-element elementor-element-e1a2e79 elementor-align-right elementor-widget elementor-widget-button\" data-id=\"e1a2e79\" data-element_type=\"widget\" data-widget_type=\"button.default\">\n\t\t\t\t\t\t\t\t\t\t<a class=\"elementor-button elementor-button-link elementor-size-sm\" href=\"https:\/\/andyschleckcycles.lu\/de\/kontaktieren-sie-uns\/\">\n\t\t\t\t\t\t<span class=\"elementor-button-content-wrapper\">\n\t\t\t\t\t\t\t\t\t<span class=\"elementor-button-text\">Kontaktiere uns<\/span>\n\t\t\t\t\t<\/span>\n\t\t\t\t\t<\/a>\n\t\t\t\t\t\t\t\t<\/div>\n\t\t\t\t<\/div>\n\t\t<div class=\"elementor-element elementor-element-dcc8d66 e-con-full e-flex e-con e-child\" data-id=\"dcc8d66\" data-element_type=\"container\">\n\t\t\t\t<div class=\"elementor-element elementor-element-8dbd0b1 elementor-mobile-align-center elementor-widget elementor-widget-button\" data-id=\"8dbd0b1\" data-element_type=\"widget\" data-widget_type=\"button.default\">\n\t\t\t\t\t\t\t\t\t\t<a class=\"elementor-button elementor-button-link elementor-size-sm\" href=\"#leasing\">\n\t\t\t\t\t\t<span class=\"elementor-button-content-wrapper\">\n\t\t\t\t\t\t<span class=\"elementor-button-icon\">\n\t\t\t\t<i aria-hidden=\"true\" class=\"far fa-arrow-alt-circle-down\"><\/i>\t\t\t<\/span>\n\t\t\t\t\t\t\t\t\t<span class=\"elementor-button-text\">Mehr erfahren<\/span>\n\t\t\t\t\t<\/span>\n\t\t\t\t\t<\/a>\n\t\t\t\t\t\t\t\t<\/div>\n\t\t\t\t<\/div>\n\t\t\t\t\t<\/div>\n\t\t\t\t<\/div>\n\t\t<div class=\"elementor-element elementor-element-c7d51a3 e-flex e-con-boxed e-con e-parent\" data-id=\"c7d51a3\" data-element_type=\"container\" id=\"leasing\" data-settings=\"{&quot;background_background&quot;:&quot;classic&quot;}\">\n\t\t\t\t\t<div class=\"e-con-inner\">\n\t\t<div class=\"elementor-element elementor-element-308ef87 e-flex e-con-boxed e-con e-child\" data-id=\"308ef87\" data-element_type=\"container\">\n\t\t\t\t\t<div class=\"e-con-inner\">\n\t\t\t\t<div class=\"elementor-element elementor-element-396ee6b elementor-widget elementor-widget-heading\" data-id=\"396ee6b\" data-element_type=\"widget\" data-widget_type=\"heading.default\">\n\t\t\t\t\t<h3 class=\"elementor-heading-title elementor-size-default\">Warum Fahrrad-Leasing w\u00e4hlen?<\/h3>\t\t\t\t<\/div>\n\t\t<div class=\"elementor-element elementor-element-3cab3b2 e-flex e-con-boxed e-con e-child\" data-id=\"3cab3b2\" data-element_type=\"container\">\n\t\t\t\t\t<div class=\"e-con-inner\">\n\t\t\t\t<div class=\"elementor-element elementor-element-21a06c1 elementor-widget elementor-widget-heading\" data-id=\"21a06c1\" data-element_type=\"widget\" data-widget_type=\"heading.default\">\n\t\t\t\t\t<h3 class=\"elementor-heading-title elementor-size-default\">1. Kosteneffektiv &amp; steuerlich beg\u00fcnstigt<\/h3>\t\t\t\t<\/div>\n\t\t\t\t<div class=\"elementor-element elementor-element-56de436 elementor-widget elementor-widget-text-editor\" data-id=\"56de436\" data-element_type=\"widget\" data-widget_type=\"text-editor.default\">\n\t\t\t\t\t\t\t\t\t<p>Firmenfahrr\u00e4der werden steuerlich beg\u00fcnstigt, insbesondere durch den Verzicht auf die Besteuerung von Sachleistungen f\u00fcr Arbeitnehmer, wodurch sich auch die Sozialabgaben f\u00fcr den Arbeitgeber verringern.<\/p><p>\u00a0<\/p><p>Dank dieser Steuervorteile kommen die Arbeitnehmer in den Genuss eines Gehaltsabzugs f\u00fcr das Fahrradleasing, ohne dass sich dies auf ihr steuerpflichtiges Einkommen auswirkt.<\/p><p>\u00a0<\/p><p>Die Kosten des Leasings sind daher oft niedriger als ein direkter Kauf und umfassen in der Regel auch Dienstleistungen wie Wartung und Versicherung. Dieses System erm\u00f6glicht es Unternehmen, nachhaltige Mobilit\u00e4t zu f\u00f6rdern, w\u00e4hrend die Mitarbeiter von einem wirtschaftlichen, umweltfreundlichen und bequemen Transportmittel f\u00fcr den t\u00e4glichen Gebrauch profitieren.<\/p><p>\u00a0<\/p><p>Unternehmen k\u00f6nnen Fahrradleasing als Teil ihrer Sozialleistungen anbieten und so zum Wohlbefinden ihrer Mitarbeiter beitragen, w\u00e4hrend sie gleichzeitig von Steuerabz\u00fcgen profitieren und umweltfreundliche Mobilit\u00e4t f\u00f6rdern.<\/p>\t\t\t\t\t\t\t\t<\/div>\n\t\t\t\t\t<\/div>\n\t\t\t\t<\/div>\n\t\t<div class=\"elementor-element elementor-element-bd1f97b e-flex e-con-boxed e-con e-child\" data-id=\"bd1f97b\" data-element_type=\"container\">\n\t\t\t\t\t<div class=\"e-con-inner\">\n\t\t\t\t<div class=\"elementor-element elementor-element-d4977e9 elementor-widget elementor-widget-heading\" data-id=\"d4977e9\" data-element_type=\"widget\" data-widget_type=\"heading.default\">\n\t\t\t\t\t<h3 class=\"elementor-heading-title elementor-size-default\">2. Hochwertige Fahrr\u00e4der zu niedrigen monatlichen Kosten<\/h3>\t\t\t\t<\/div>\n\t\t\t\t<div class=\"elementor-element elementor-element-49da0ed elementor-widget elementor-widget-text-editor\" data-id=\"49da0ed\" data-element_type=\"widget\" data-widget_type=\"text-editor.default\">\n\t\t\t\t\t\t\t\t\t<p>Leasen Sie hochwertige Fahrr\u00e4der und E-Bikes zu einem monatlichen Festpreis, der Wartung, Versicherung und in manchen F\u00e4llen auch Reparaturen (je nach Leasingunternehmen) umfasst.<\/p><p>Genie\u00dfen Sie den Zugang zu einer gro\u00dfen Auswahl an Fahrr\u00e4dern, von City-Modellen bis hin zu leistungsstarken E-Bikes, und das alles ohne gro\u00dfe Vorabinvestitionen.<\/p>\t\t\t\t\t\t\t\t<\/div>\n\t\t\t\t\t<\/div>\n\t\t\t\t<\/div>\n\t\t<div class=\"elementor-element elementor-element-6ef2d8a e-flex e-con-boxed e-con e-child\" data-id=\"6ef2d8a\" data-element_type=\"container\">\n\t\t\t\t\t<div class=\"e-con-inner\">\n\t\t\t\t<div class=\"elementor-element elementor-element-c519d02 elementor-widget elementor-widget-heading\" data-id=\"c519d02\" data-element_type=\"widget\" data-widget_type=\"heading.default\">\n\t\t\t\t\t<h3 class=\"elementor-heading-title elementor-size-default\">3. Umweltvertr\u00e4glich<\/h3>\t\t\t\t<\/div>\n\t\t\t\t<div class=\"elementor-element elementor-element-2c034a4 elementor-widget elementor-widget-text-editor\" data-id=\"2c034a4\" data-element_type=\"widget\" data-widget_type=\"text-editor.default\">\n\t\t\t\t\t\t\t\t\t<p>Luxemburg f\u00f6rdert umweltfreundliches Pendeln, und Fahrradleasing ist eine fantastische M\u00f6glichkeit, Ihren \u00f6kologischen Fu\u00dfabdruck zu verringern. Wenn Sie sich f\u00fcr das Fahrradleasing entscheiden, tragen Sie zu einer saubereren Luft und einem ges\u00fcnderen Planeten bei und unterst\u00fctzen gleichzeitig Luxemburgs nationales Engagement f\u00fcr einen nachhaltigen Verkehr.<\/p>\t\t\t\t\t\t\t\t<\/div>\n\t\t\t\t\t<\/div>\n\t\t\t\t<\/div>\n\t\t<div class=\"elementor-element elementor-element-e22167c e-flex e-con-boxed e-con e-child\" data-id=\"e22167c\" data-element_type=\"container\">\n\t\t\t\t\t<div class=\"e-con-inner\">\n\t\t\t\t<div class=\"elementor-element elementor-element-4d4bd6c elementor-widget elementor-widget-heading\" data-id=\"4d4bd6c\" data-element_type=\"widget\" data-widget_type=\"heading.default\">\n\t\t\t\t\t<h3 class=\"elementor-heading-title elementor-size-default\">4. Gesundheit und Wohlbefinden<\/h3>\t\t\t\t<\/div>\n\t\t\t\t<div class=\"elementor-element elementor-element-d5f7c3e elementor-widget elementor-widget-text-editor\" data-id=\"d5f7c3e\" data-element_type=\"widget\" data-widget_type=\"text-editor.default\">\n\t\t\t\t\t\t\t\t\t<p>Radfahren ist eine gro\u00dfartige M\u00f6glichkeit, um fit und gesund zu bleiben. Mit dem Fahrradleasing k\u00f6nnen Sie k\u00f6rperliche Aktivit\u00e4t in Ihren t\u00e4glichen Arbeitsweg integrieren und so Ihr allgemeines Wohlbefinden steigern, ohne dass Sie eine Mitgliedschaft im Fitnessstudio oder zus\u00e4tzliche Zeit ben\u00f6tigen.<\/p>\t\t\t\t\t\t\t\t<\/div>\n\t\t\t\t\t<\/div>\n\t\t\t\t<\/div>\n\t\t\t\t\t<\/div>\n\t\t\t\t<\/div>\n\t\t\t\t\t<\/div>\n\t\t\t\t<\/div>\n\t\t<div class=\"elementor-element elementor-element-1254d54 e-flex e-con-boxed e-con e-parent\" data-id=\"1254d54\" data-element_type=\"container\">\n\t\t\t\t\t<div class=\"e-con-inner\">\n\t\t<div class=\"elementor-element elementor-element-7faf7d8 e-flex e-con-boxed e-con e-child\" data-id=\"7faf7d8\" data-element_type=\"container\">\n\t\t\t\t\t<div class=\"e-con-inner\">\n\t\t<div class=\"elementor-element elementor-element-093dfc2 e-flex e-con-boxed e-con e-child\" data-id=\"093dfc2\" data-element_type=\"container\">\n\t\t\t\t\t<div class=\"e-con-inner\">\n\t\t\t\t<div class=\"elementor-element elementor-element-884dea3 elementor-widget elementor-widget-heading\" data-id=\"884dea3\" data-element_type=\"widget\" data-widget_type=\"heading.default\">\n\t\t\t\t\t<h3 class=\"elementor-heading-title elementor-size-default\">Wie funktioniert das Fahrradleasing?<\/h3>\t\t\t\t<\/div>\n\t\t\t\t<div class=\"elementor-element elementor-element-0076420 elementor-widget elementor-widget-heading\" data-id=\"0076420\" data-element_type=\"widget\" data-widget_type=\"heading.default\">\n\t\t\t\t\t<h3 class=\"elementor-heading-title elementor-size-default\">\t1.\tW\u00e4hlen Sie Ihr Fahrrad<\/h3>\t\t\t\t<\/div>\n\t\t\t\t<div class=\"elementor-element elementor-element-11cdfb0 elementor-widget elementor-widget-text-editor\" data-id=\"11cdfb0\" data-element_type=\"widget\" data-widget_type=\"text-editor.default\">\n\t\t\t\t\t\t\t\t\t<p>W\u00e4hlen Sie das perfekte Fahrrad f\u00fcr Ihre Bed\u00fcrfnisse aus, egal ob es sich um ein Citybike, ein Rennrad, ein Mountainbike oder ein Elektrofahrrad handelt. Unser Team hilft Ihnen, das ideale Modell zu finden, das zu Ihrem Lebensstil passt.<\/p>\t\t\t\t\t\t\t\t<\/div>\n\t\t\t\t\t<\/div>\n\t\t\t\t<\/div>\n\t\t<div class=\"elementor-element elementor-element-772b6bf e-flex e-con-boxed e-con e-child\" data-id=\"772b6bf\" data-element_type=\"container\">\n\t\t\t\t\t<div class=\"e-con-inner\">\n\t\t\t\t<div class=\"elementor-element elementor-element-6edca67 elementor-widget elementor-widget-heading\" data-id=\"6edca67\" data-element_type=\"widget\" data-widget_type=\"heading.default\">\n\t\t\t\t\t<h3 class=\"elementor-heading-title elementor-size-default\">\t2.\tKontaktieren Sie die Leasinggesellschaft<\/h3>\t\t\t\t<\/div>\n\t\t\t\t<div class=\"elementor-element elementor-element-29dd45b elementor-widget elementor-widget-text-editor\" data-id=\"29dd45b\" data-element_type=\"widget\" data-widget_type=\"text-editor.default\">\n\t\t\t\t\t\t\t\t\t<p>Bringen Sie das von uns erstellte Angebot zu Ihrer Leasinggesellschaft, um Ihren Leasingauftrag abzuschlie\u00dfen. Sie wird den Papierkram erledigen und Ihren Leasingplan best\u00e4tigen.<\/p>\t\t\t\t\t\t\t\t<\/div>\n\t\t\t\t\t<\/div>\n\t\t\t\t<\/div>\n\t\t<div class=\"elementor-element elementor-element-44d507d e-flex e-con-boxed e-con e-child\" data-id=\"44d507d\" data-element_type=\"container\">\n\t\t\t\t\t<div class=\"e-con-inner\">\n\t\t\t\t<div class=\"elementor-element elementor-element-c789aca elementor-widget elementor-widget-heading\" data-id=\"c789aca\" data-element_type=\"widget\" data-widget_type=\"heading.default\">\n\t\t\t\t\t<h3 class=\"elementor-heading-title elementor-size-default\">\t3.\tHolen Sie Ihr Fahrrad ab<\/h3>\t\t\t\t<\/div>\n\t\t\t\t<div class=\"elementor-element elementor-element-d820182 elementor-widget elementor-widget-text-editor\" data-id=\"d820182\" data-element_type=\"widget\" data-widget_type=\"text-editor.default\">\n\t\t\t\t\t\t\t\t\t<p>Sobald die Leasinggesellschaft alles best\u00e4tigt hat, k\u00f6nnen Sie Ihr Fahrrad abholen und die Fahrt genie\u00dfen!<\/p>\t\t\t\t\t\t\t\t<\/div>\n\t\t\t\t\t<\/div>\n\t\t\t\t<\/div>\n\t\t\t\t\t<\/div>\n\t\t\t\t<\/div>\n\t\t\t\t\t<\/div>\n\t\t\t\t<\/div>\n\t\t<div class=\"elementor-element elementor-element-cc387d0 e-flex e-con-boxed e-con e-parent\" data-id=\"cc387d0\" data-element_type=\"container\" data-settings=\"{&quot;background_background&quot;:&quot;classic&quot;}\">\n\t\t\t\t\t<div class=\"e-con-inner\">\n\t\t<div class=\"elementor-element elementor-element-6887520 e-flex e-con-boxed e-con e-child\" data-id=\"6887520\" data-element_type=\"container\">\n\t\t\t\t\t<div class=\"e-con-inner\">\n\t\t\t\t<div class=\"elementor-element elementor-element-eafc296 elementor-widget elementor-widget-heading\" data-id=\"eafc296\" data-element_type=\"widget\" data-widget_type=\"heading.default\">\n\t\t\t\t\t<h3 class=\"elementor-heading-title elementor-size-default\">Beginnen Sie noch heute mit dem Fahrradleasing<\/h3>\t\t\t\t<\/div>\n\t\t<div class=\"elementor-element elementor-element-f500927 e-flex e-con-boxed e-con e-child\" data-id=\"f500927\" data-element_type=\"container\">\n\t\t\t\t\t<div class=\"e-con-inner\">\n\t\t\t\t<div class=\"elementor-element elementor-element-5d0f922 elementor-widget elementor-widget-text-editor\" data-id=\"5d0f922\" data-element_type=\"widget\" data-widget_type=\"text-editor.default\">\n\t\t\t\t\t\t\t\t\t<p>Entdecken Sie die Freiheit, die Einsparungen und die gesundheitlichen Vorteile des Fahrradleasings in Luxemburg.<\/p>\n<p>Kontaktieren Sie uns oder besuchen Sie unser Gesch\u00e4ft, um mehr dar\u00fcber zu erfahren, wie Fahrradleasing Ihr n\u00e4chster Schritt zu einem erschwinglichen, umweltfreundlichen Verkehrsmittel sein kann:<\/p>\t\t\t\t\t\t\t\t<\/div>\n\t\t\t\t<div class=\"elementor-element elementor-element-b8067d8 elementor-align-center elementor-widget elementor-widget-button\" data-id=\"b8067d8\" data-element_type=\"widget\" data-widget_type=\"button.default\">\n\t\t\t\t\t\t\t\t\t\t<a class=\"elementor-button elementor-button-link elementor-size-sm\" href=\"https:\/\/andyschleckcycles.lu\/de\/kontaktieren-sie-uns\/\">\n\t\t\t\t\t\t<span class=\"elementor-button-content-wrapper\">\n\t\t\t\t\t\t\t\t\t<span class=\"elementor-button-text\">Kontaktiere uns<\/span>\n\t\t\t\t\t<\/span>\n\t\t\t\t\t<\/a>\n\t\t\t\t\t\t\t\t<\/div>\n\t\t\t\t\t<\/div>\n\t\t\t\t<\/div>\n\t\t\t\t\t<\/div>\n\t\t\t\t<\/div>\n\t\t\t\t\t<\/div>\n\t\t\t\t<\/div>\n\t\t<div class=\"elementor-element elementor-element-084c830 e-flex e-con-boxed e-con e-parent\" data-id=\"084c830\" data-element_type=\"container\">\n\t\t\t\t\t<div class=\"e-con-inner\">\n\t\t<div class=\"elementor-element elementor-element-8d39ac1 e-flex e-con-boxed e-con e-child\" data-id=\"8d39ac1\" data-element_type=\"container\">\n\t\t\t\t\t<div class=\"e-con-inner\">\n\t\t\t\t<div class=\"elementor-element elementor-element-205f09b elementor-widget elementor-widget-heading\" data-id=\"205f09b\" data-element_type=\"widget\" data-widget_type=\"heading.default\">\n\t\t\t\t\t<h3 class=\"elementor-heading-title elementor-size-default\">Unsere Leasing-Partner<\/h3>\t\t\t\t<\/div>\n\t\t\t\t\t<\/div>\n\t\t\t\t<\/div>\n\t\t\t\t\t<\/div>\n\t\t\t\t<\/div>\n\t\t<div class=\"elementor-element elementor-element-66b9c09 e-flex e-con-boxed e-con e-parent\" data-id=\"66b9c09\" data-element_type=\"container\">\n\t\t\t\t\t<div class=\"e-con-inner\">\n\t\t<div class=\"elementor-element elementor-element-06f8e30 e-con-full e-flex e-con e-child\" data-id=\"06f8e30\" data-element_type=\"container\">\n\t\t\t\t<div class=\"elementor-element elementor-element-70ebb3b elementor-widget elementor-widget-image\" data-id=\"70ebb3b\" data-element_type=\"widget\" data-widget_type=\"image.default\">\n\t\t\t\t\t\t\t\t\t\t\t\t\t\t\t\t<a href=\"https:\/\/www.ayvens.com\/fr-lu\/location-avec-nous\/solutions-de-mobilite\/leasing-de-velo\/\" rel=\"nofollow noopener\" target=\"_blank\">\n\t\t\t\t\t\t\t<img fetchpriority=\"high\" decoding=\"async\" width=\"555\" height=\"112\" src=\"https:\/\/andyschleckcycles.lu\/wp-content\/uploads\/2024\/11\/Ayvens_logo.svg\" class=\"attachment-medium size-medium wp-image-23449\" alt=\"\" title=\"\">\t\t\t\t\t\t\t\t<\/a>\n\t\t\t\t\t\t\t\t\t\t\t\t\t\t\t<\/div>\n\t\t\t\t<\/div>\n\t\t<div class=\"elementor-element elementor-element-778109d e-con-full e-flex e-con e-child\" data-id=\"778109d\" data-element_type=\"container\">\n\t\t\t\t<div class=\"elementor-element elementor-element-8a5c7d0 elementor-widget elementor-widget-image\" data-id=\"8a5c7d0\" data-element_type=\"widget\" data-widget_type=\"image.default\">\n\t\t\t\t\t\t\t\t\t\t\t\t\t\t\t\t<a href=\"https:\/\/www.kbclease.lu\/fr\/produit\/financer\/leasing\/leasing-velo.html?zone=\" rel=\"nofollow noopener\" target=\"_blank\">\n\t\t\t\t\t\t\t<img decoding=\"async\" width=\"320\" height=\"320\" src=\"https:\/\/andyschleckcycles.lu\/wp-content\/uploads\/2024\/11\/kbc.svg\" class=\"attachment-large size-large wp-image-23446\" alt=\"\" title=\"\">\t\t\t\t\t\t\t\t<\/a>\n\t\t\t\t\t\t\t\t\t\t\t\t\t\t\t<\/div>\n\t\t\t\t<\/div>\n\t\t<div class=\"elementor-element elementor-element-f048b75 e-con-full e-flex e-con e-child\" data-id=\"f048b75\" data-element_type=\"container\">\n\t\t\t\t<div class=\"elementor-element elementor-element-5e62662 elementor-widget elementor-widget-image\" data-id=\"5e62662\" data-element_type=\"widget\" data-widget_type=\"image.default\">\n\t\t\t\t\t\t\t\t\t\t\t\t\t\t\t\t<a href=\"https:\/\/www.arval.lu\/en-lu\/corporate\/arval-bike-lease\" rel=\"nofollow noopener\" target=\"_blank\">\n\t\t\t\t\t\t\t<img decoding=\"async\" width=\"557\" height=\"191\" src=\"https:\/\/andyschleckcycles.lu\/wp-content\/uploads\/2024\/11\/arval-logo-1.svg\" class=\"attachment-large size-large wp-image-23451\" alt=\"\" title=\"\">\t\t\t\t\t\t\t\t<\/a>\n\t\t\t\t\t\t\t\t\t\t\t\t\t\t\t<\/div>\n\t\t\t\t<\/div>\n\t\t<div class=\"elementor-element elementor-element-ff964a8 e-con-full e-flex e-con e-child\" data-id=\"ff964a8\" data-element_type=\"container\">\n\t\t\t\t<div class=\"elementor-element elementor-element-510f479 elementor-widget elementor-widget-image\" data-id=\"510f479\" data-element_type=\"widget\" data-widget_type=\"image.default\">\n\t\t\t\t\t\t\t\t\t\t\t\t\t\t\t\t<a href=\"https:\/\/www.cyclis.be\" rel=\"nofollow noopener\" target=\"_blank\">\n\t\t\t\t\t\t\t<img loading=\"lazy\" decoding=\"async\" width=\"108\" height=\"40\" src=\"https:\/\/andyschleckcycles.lu\/wp-content\/uploads\/2024\/11\/cyclis.svg\" class=\"attachment-large size-large wp-image-23447\" alt=\"\" title=\"\">\t\t\t\t\t\t\t\t<\/a>\n\t\t\t\t\t\t\t\t\t\t\t\t\t\t\t<\/div>\n\t\t\t\t<\/div>\n\t\t<div class=\"elementor-element elementor-element-ce9303b e-con-full e-flex e-con e-child\" data-id=\"ce9303b\" data-element_type=\"container\">\n\t\t\t\t<div class=\"elementor-element elementor-element-963c799 elementor-widget elementor-widget-image\" data-id=\"963c799\" data-element_type=\"widget\" data-widget_type=\"image.default\">\n\t\t\t\t\t\t\t\t\t\t\t\t\t\t\t\t<a href=\"https:\/\/www.athlon.com\/lu\/\" rel=\"nofollow noopener\" target=\"_blank\">\n\t\t\t\t\t\t\t<img loading=\"lazy\" decoding=\"async\" width=\"140\" height=\"30\" src=\"https:\/\/andyschleckcycles.lu\/wp-content\/uploads\/2024\/11\/athlon.svg\" class=\"attachment-large size-large wp-image-23448\" alt=\"\" title=\"\">\t\t\t\t\t\t\t\t<\/a>\n\t\t\t\t\t\t\t\t\t\t\t\t\t\t\t<\/div>\n\t\t\t\t<\/div>\n\t\t\t\t\t<\/div>\n\t\t\t\t<\/div>\n\t\t<div class=\"elementor-element elementor-element-90b344f e-flex e-con-boxed e-con e-parent\" data-id=\"90b344f\" data-element_type=\"container\" data-settings=\"{&quot;background_background&quot;:&quot;classic&quot;}\">\n\t\t\t\t\t<div class=\"e-con-inner\">\n\t\t\t\t\t<\/div>\n\t\t\t\t<\/div>\n\t\t\t\t<\/div>","protected":false},"excerpt":{"rendered":"<p>Lease a Bike Bike Leasing in Luxembourg \u2013 Your Path to Affordable, Eco-Friendly Mobility Discover the benefits of bike leasing in Luxembourg! At Andy Schleck Cycles, we make it easy for individuals and businesses to access high-quality bikes through flexible leasing options.&nbsp;Whether you\u2019re commuting, exploring, or simply getting active, our bike leasing programs are designed &hellip; <a href=\"https:\/\/andyschleckcycles.lu\/de\/ein-fahrrad-leasen\/\" class=\"more-link\">Lesen Sie weiter <span class=\"screen-reader-text\">Ein Fahrrad leasen<\/span><\/a><\/p>","protected":false},"author":1,"featured_media":0,"parent":0,"menu_order":0,"comment_status":"closed","ping_status":"closed","template":"elementor_header_footer","meta":{"footnotes":""},"folder":[],"class_list":["post-23444","page","type-page","status-publish","hentry"],"_links":{"self":[{"href":"https:\/\/andyschleckcycles.lu\/de\/wp-json\/wp\/v2\/pages\/23444","targetHints":{"allow":["GET"]}}],"collection":[{"href":"https:\/\/andyschleckcycles.lu\/de\/wp-json\/wp\/v2\/pages"}],"about":[{"href":"https:\/\/andyschleckcycles.lu\/de\/wp-json\/wp\/v2\/types\/page"}],"author":[{"embeddable":true,"href":"https:\/\/andyschleckcycles.lu\/de\/wp-json\/wp\/v2\/users\/1"}],"replies":[{"embeddable":true,"href":"https:\/\/andyschleckcycles.lu\/de\/wp-json\/wp\/v2\/comments?post=23444"}],"version-history":[{"count":103,"href":"https:\/\/andyschleckcycles.lu\/de\/wp-json\/wp\/v2\/pages\/23444\/revisions"}],"predecessor-version":[{"id":24357,"href":"https:\/\/andyschleckcycles.lu\/de\/wp-json\/wp\/v2\/pages\/23444\/revisions\/24357"}],"wp:attachment":[{"href":"https:\/\/andyschleckcycles.lu\/de\/wp-json\/wp\/v2\/media?parent=23444"}],"wp:term":[{"taxonomy":"folder","embeddable":true,"href":"https:\/\/andyschleckcycles.lu\/de\/wp-json\/wp\/v2\/folder?post=23444"}],"curies":[{"name":"wp","href":"https:\/\/api.w.org\/{rel}","templated":true}]}}