{"id":17835,"date":"2022-11-10T11:49:10","date_gmt":"2022-11-10T09:49:10","guid":{"rendered":"https:\/\/andyschleckcycles.lu\/?page_id=17835"},"modified":"2024-09-27T07:21:18","modified_gmt":"2024-09-27T05:21:18","slug":"fahrradbestand","status":"publish","type":"page","link":"https:\/\/andyschleckcycles.lu\/de\/fahrradbestand\/","title":{"rendered":"Fahrr\u00e4der"},"content":{"rendered":"<div data-elementor-type=\"wp-page\" data-elementor-id=\"17835\" class=\"elementor elementor-17835\" data-elementor-post-type=\"page\">\n\t\t\t\t<div class=\"elementor-element elementor-element-95ff387 e-flex e-con-boxed e-con e-parent\" data-id=\"95ff387\" data-element_type=\"container\">\n\t\t\t\t\t<div class=\"e-con-inner\">\n\t\t\t\t<div class=\"elementor-element elementor-element-9152adc elementor-widget elementor-widget-text-editor\" data-id=\"9152adc\" data-element_type=\"widget\" data-widget_type=\"text-editor.default\">\n\t\t\t\t\t\t\t\t\t<p>Im Moment ist dieser Fahrradbestand nur in deutscher Sprache verf\u00fcgbar, da wir mit einem externen Anbieter zusammenarbeiten, um Ihnen unseren Lagerbestand optimal anzuzeigen.<\/p><p>Derzeit werden nicht alle unsere vorr\u00e4tigen Fahrr\u00e4der angezeigt.<\/p>\t\t\t\t\t\t\t\t<\/div>\n\t\t\t\t<div class=\"elementor-element elementor-element-3bda598 elementor-widget elementor-widget-html\" data-id=\"3bda598\" data-element_type=\"widget\" data-widget_type=\"html.default\">\n\t\t\t\t\t <!-- Bidex Fahrradkatalog V2 Content -->\r\r            <style>\r\r                :root {\r\r                    --primary: #094A50;\r\r                    --primary-font-color: #fff;\r\r                    --light: #FFB472;\r\r                    --light-font-color: #000;\r\r                    --lighter: #FFF;\r\r                    --lighter-font-color: #000;\r\r                    --dark: #54C1CC;\r\r                    --dark-font-color: #fff;\r\r                    --action: #54C1CC;\r\r                }\r\r\r\r               .stickyButton .productscount {\r\r                    background-color: #54C1CC !important;\r\r                    border-color: #54C1CC !important; \r\r                }\r\r\r\r\r\r                #bl-content .bx-form-check input[type=checkbox]:hover:not(:checked):not(:disabled) {\r\r                    border: 1px solid var(--primary);\r\r                }\r\r\r\r                #bl-content .bx-form-check input[type=checkbox]:checked {\r\r                    background-color: var(--primary);\r\r                   \r\r                    border: 1px solid var(--primary);\r\r                }\r\r\r\r                #bl-content .bx-h5 {\r\r                    font-family: inherit !important;\r\r                }\r\r\r\r                #bl-content #ajax-spinner .spinner::after {\r\r                    border: 15px solid var(--primary);\r\r                    border-color: var(--primary) transparent var(--primary) transparent;\r\r                }\r\r\r\r                #bl-content a {\r\r                    color: var(--primary);\r\r                }\r\r\r\r                    #bl-content a:hover {\r\r                        color: var(--dark);\r\r                    }\r\r\r\r                #bl-content #sidebar .bx-modal-content #filters #accordionKategorie .bx-card h5 a.bx-active,\r\r                #bl-content #sidebar-modal .bx-modal-content #filters #accordionKategorie .bx-card h5 a.bx-active,\r\r                #bl-content #sidebar .bx-modal-content #filters #accordionKategorie .bx-card .bx-card-body ul ul a.bx-active {\r\r                    color: var(--primary-font-color);\r\r                    background-color: var(--primary);\r\r                }\r\r\r\r                    #bl-content #sidebar .bx-modal-content #filters #accordionKategorie .bx-card h5 a.bx-active:hover,\r\r                    #bl-content #sidebar-modal .bx-modal-content #filters #accordionKategorie .bx-card h5 a.bx-active:hover,\r\r                    #bl-content #sidebar .bx-modal-content #filters #accordionKategorie .bx-card h5 a:hover,\r\r                    #bl-content #sidebar-modal .bx-modal-content #filters #accordionKategorie .bx-card h5 a:hover {\r\r                        color: var(--dark-font-color);\r\r                        background-color: var(--dark);\r\r                    }\r\r\r\r                #bl-content #sidebar .bx-modal-content #filters #accordionKategorie .bx-card .bx-card-body ul a.bx-active,\r\r                #bl-content #sidebar-modal .bx-modal-content #filters #accordionKategorie .bx-card .bx-card-body ul a.bx-active {\r\r                    color: var(--primary-font-color);\r\r                    background-color: var(--primary);\r\r                }\r\r\r\r                #bl-content #sidebar .bx-modal-content #filters #accordionKategorie .bx-card .bx-card-body ul a,\r\r                #bl-content #sidebar-modal .bx-modal-content #filters #accordionKategorie .bx-card .bx-card-body ul a {\r\r                    color: var(--lighter-font-color);\r\r                    background-color: var(--lighter);\r\r                }\r\r\r\r                #bl-content .bx-btn-primary, #bl-content .bx-btn-primary:not(:disabled):not(.bx-disabled):active,\r\r                #bl-content .bx-btn-primary:not(:disabled):not(.bx-disabled).bx-active,\r\r                .bx-show > #bl-content .bx-btn-primary.bx-dropdown-toggle {\r\r                    color: var(--primary-font-color);\r\r                    background-color: var(--primary);\r\r                    border-color: var(--primary);\r\r                }\r\r\r\r                    #bl-content .bx-btn-primary:focus, #bl-content .bx-btn-primary.bx-focus {\r\r                        color: var(--primary-font-color);\r\r                        background-color: var(--primary);\r\r                        border-color: var(--primary);\r\r                        box-shadow: 0 0 0 .2rem var(--lighter);\r\r                    }\r\r\r\r                    #bl-content .bx-btn-primary:hover {\r\r                        color: var(--dark-font-color);\r\r                        background-color: var(--dark);\r\r                        border-color: var(--dark);\r\r                    }\r\r\r\r                #bl-content #sidebar .bx-modal-content #slider-distance[slider] > div > [sign]::after,\r\r                #bl-content #sidebar-modal .bx-modal-content #slider-distance[slider] > div > [sign]::after {\r\r                    border-top-color: var(--primary);\r\r                }\r\r\r\r                #bl-content #sidebar .bx-modal-content #slider-distance[slider] > div > [sign],\r\r                #bl-content #sidebar-modal .bx-modal-content #slider-distance[slider] > div > [sign],\r\r                #bl-content #sidebar .bx-modal-content #slider-distance[slider] > div > [range],\r\r                #bl-content #sidebar-modal .bx-modal-content #slider-distance[slider] > div > [range] {\r\r                    color: var(--primary-font-color);\r\r                    background-color: var(--primary);\r\r                }\r\r\r\r                #bl-content .bx-custom-control-input:checked ~ .bx-custom-control-label::before {\r\r                    color: var(--primary-font-color);\r\r                    background-color: var(--primary);\r\r                    border-color: var(--primary);\r\r                }\r\r\r\r                #bl-content .bx-form-control:focus {\r\r                    border-color: var(--light);\r\r                    box-shadow: 0 0 0 .2rem var(--lighter);\r\r                }\r\r\r\r                #bl-content .bx-custom-control-input:focus:not(:checked) ~ .bx-custom-control-label::before {\r\r                    border-color: var(--light);\r\r                }\r\r\r\r                #bl-content .bx-custom-control-input:focus ~ .bx-custom-control-label::before {\r\r                    box-shadow: 0 0 0 .2rem var(--lighter);\r\r                }\r\r\r\r                #bl-content .bx-custom-control-input:not(:disabled):active ~ .bx-custom-control-label::before {\r\r                    color: var(--light-font-color);\r\r                    background-color: var(--light);\r\r                    border-color: var(--light);\r\r                }\r\r\r\r                #bl-content main.shopBikeInfoDetails .bx-nav-tabs .bx-nav-link.bx-active span {\r\r                    border-bottom: 4px solid var(--primary);\r\r                }\r\r\r\r\r\r                #bl-content #accordionKategorie .bx-card h5 a.bx-active {\r\r                    background-color: var(--primary);\r\r                    color: #fff;\r\r                    text-shadow: 1px 1px 0 rgb(0 0 0 \/ 32%);\r\r                }\r\r\r\r                #bl-content #accordionKategorie .bx-card h5 a:hover {\r\r                    background-color: var(--dark);\r\r                    color: #fff;\r\r                }\r\r\r\r                #bl-content #accordionKategorie .bx-card .bx-card-body ul a.bx-active {\r\r                    background-color: var(--primary);\r\r                    color: #fff;\r\r                    text-shadow: 1px 1px 0 rgb(0 0 0 \/ 32%);\r\r                }\r\r\r\r                #bl-content input[type=radio],\r\r                #bl-content input[type=checkbox] {\r\r                    accent-color: var(--primary);\r\r                }\r\r\r\r                .swal-button {\r\r                    color: var(--primary-font-color);\r\r                    background-color: var(--primary);\r\r                }\r\r\r\r                    .swal-button:focus {\r\r                        outline: none;\r\r                        box-shadow: 0 0 0 1px #fff, 0 0 0 3px var(--lighter);\r\r                    }\r\r\r\r                    .swal-button:not([disabled]):hover {\r\r                        color: var(--dark-font-color);\r\r                        background-color: var(--dark);\r\r                    }\r\r\r\r                .bx-card-header h5 {\r\r                    width: 100%;\r\r                }\r\r\r\r                .bx-card-body .bx-h5 {\r\r                    width: 100% !important;\r\r                }\r\r\r\r\r\r                #bl-content *:not(.fas):not(.fa):not(.far):not(h2 span):not(.bidex):not(.priceBox) {\r\r                    font-family: inherit !important;\r\r                }\r\r\r\r                #bl-content .bx-card {\r\r                    border: 0px solid rgba(0,0,0,.125) !important;\r\r                    border-radius: 0 !important;\r\r                }\r\r\r\r                #bl-content main.shopBikeInfoList .bikeBox .bx-card {\r\r                    box-shadow: 0px 0px 12px 0px #b7b7b7 !important;\r\r                    transition: box-shadow .3s ease-in-out;\r\r                    transition: padding .2s ease-in-out;\r\r                }\r\r\r\r                #bl-content div.priceBox div.price span.price {\r\r                    display: inline-block;\r\r                    font-size: 30px !important;\r\r                    color: #dc3545;\r\r                    font-family: Termina !important;\r\r                }\r\r\r\r\r\r                #bl-content main.shopBikeInfoDetails #details li.bx-border {\r\r                    box-shadow: 0 0.5rem 1rem rgb(0 0 0 \/ 15%);\r\r                    border: 0px !important;\r\r                }\r\r\r\r                #bl-content main.shopBikeInfoDetails ul.icons li {\r\r                    display: flex;\r\r                    align-items: baseline;\r\r                }\r\r\r\r                .fa-2x {\r\r                    font-size: 1em;\r\r                }\r\r            <\/style>\r\r            <div class=\"no-translate\" id=\"BidexCatalog\" data-no-translation=\"\"><\/div>\r\r            <script src=\"\/\/2.local.bidex.bike\/Scripts\/catalog.min.js\"><\/script>\r\r            <script>window.BidexCatalog({bchID: 30, target: '#BidexCatalog',  InitialBidexGroup:'12' });<\/script>\r\r            <!-- END Bidex Fahrradkatalog V2 Content -->\t\t\t\t<\/div>\n\t\t\t\t\t<\/div>\n\t\t\t\t<\/div>\n\t\t\t\t<\/div>","protected":false},"excerpt":{"rendered":"<p>Im Moment ist dieser Fahrradbestand nur in deutscher Sprache verf\u00fcgbar, da wir mit einem externen Anbieter zusammenarbeiten, um Ihnen unseren Bestand so gut wie m\u00f6glich zu zeigen. Nicht alle unsere Fahrr\u00e4der auf Lager sind im Moment angezeigt.<\/p>","protected":false},"author":1,"featured_media":0,"parent":0,"menu_order":2,"comment_status":"closed","ping_status":"closed","template":"","meta":{"footnotes":""},"folder":[],"class_list":["post-17835","page","type-page","status-publish","hentry"],"_links":{"self":[{"href":"https:\/\/andyschleckcycles.lu\/de\/wp-json\/wp\/v2\/pages\/17835","targetHints":{"allow":["GET"]}}],"collection":[{"href":"https:\/\/andyschleckcycles.lu\/de\/wp-json\/wp\/v2\/pages"}],"about":[{"href":"https:\/\/andyschleckcycles.lu\/de\/wp-json\/wp\/v2\/types\/page"}],"author":[{"embeddable":true,"href":"https:\/\/andyschleckcycles.lu\/de\/wp-json\/wp\/v2\/users\/1"}],"replies":[{"embeddable":true,"href":"https:\/\/andyschleckcycles.lu\/de\/wp-json\/wp\/v2\/comments?post=17835"}],"version-history":[{"count":43,"href":"https:\/\/andyschleckcycles.lu\/de\/wp-json\/wp\/v2\/pages\/17835\/revisions"}],"predecessor-version":[{"id":25534,"href":"https:\/\/andyschleckcycles.lu\/de\/wp-json\/wp\/v2\/pages\/17835\/revisions\/25534"}],"wp:attachment":[{"href":"https:\/\/andyschleckcycles.lu\/de\/wp-json\/wp\/v2\/media?parent=17835"}],"wp:term":[{"taxonomy":"folder","embeddable":true,"href":"https:\/\/andyschleckcycles.lu\/de\/wp-json\/wp\/v2\/folder?post=17835"}],"curies":[{"name":"wp","href":"https:\/\/api.w.org\/{rel}","templated":true}]}}