{"id":12,"date":"2022-08-25T16:21:58","date_gmt":"2022-08-25T14:21:58","guid":{"rendered":"https:\/\/andyschleckcycles.lu\/?page_id=12"},"modified":"2024-12-10T19:38:30","modified_gmt":"2024-12-10T17:38:30","slug":"bedingungen","status":"publish","type":"page","link":"https:\/\/andyschleckcycles.lu\/de\/bedingungen\/","title":{"rendered":"Gesch\u00e4ftsbedingungen"},"content":{"rendered":"<div data-elementor-type=\"wp-page\" data-elementor-id=\"12\" class=\"elementor elementor-12\" data-elementor-post-type=\"page\">\n\t\t\t\t<div class=\"elementor-element elementor-element-6f790866 e-flex e-con-boxed e-con e-parent\" data-id=\"6f790866\" data-element_type=\"container\">\n\t\t\t\t\t<div class=\"e-con-inner\">\n\t\t\t\t<div class=\"elementor-element elementor-element-2b14122b elementor-widget elementor-widget-text-editor\" data-id=\"2b14122b\" data-element_type=\"widget\" data-widget_type=\"text-editor.default\">\n\t\t\t\t\t\t\t\t\t<p><\/p>\n<p><span style=\"text-align: var(--text-align); color: var(--body-color); font-family: var(--tb-text-primary-font);\">1. Objekt<\/span><\/p><p>Die vorliegenden allgemeinen Verkaufsbedingungen (CGV) regeln die Beziehungen<br>vertragliche Vereinbarungen zwischen Andy Schleck Cycles S\u00e0rl, dem Betreiber der Website<br>www.andyschleckcycles.lu, und jede Person, die einen Kauf \u00fcber diese Website t\u00e4tigt, wird<br>compris l'achat de cartes cadeaux \u00e9lectroniques.<\/p>\n<p>2. Akzeptanz der Bedingungen<br>En passant commande sur le site, vous acceptez sans r\u00e9serve les pr\u00e9sentes CGV.<\/p>\n<p>3. Produkte und Dienstleistungen<br>3.1 Produkte : Die Merkmale der zum Verkauf angebotenen Produkte und Dienstleistungen sind<br>die auf der Website ver\u00f6ffentlicht werden.<br>3.2 Cartes Cadeaux : Elektronische Kartons werden von der<br>besondere Bedingungen, die im Folgenden beschrieben werden (Abschnitt 9).<\/p>\n<p>4. Kommando<br>4.1 Jeder Befehl gilt nach Best\u00e4tigung durch den Auftraggeber als endg\u00fcltig.<br>client et validation du paiement.<br>4.2 Disponibilit\u00e9 : Im Falle von Indisponibilit\u00e9 eines Produkts nach der Validierung der<br>Befehl, informieren wir Sie in k\u00fcrzester Zeit und gehen auf Ihre W\u00fcnsche ein.<br>R\u00fcckerstattung innerhalb einer Frist von maximal 14 Tagen nach dieser Mitteilung.<\/p>\n<p>5. Preis<br>5.1 Die Preise sind in Euro angegeben und beinhalten die TVA.<br>5.2 Die Versandkosten werden in jedem Fall vor der Validierung des Dokuments angegeben.<br>befohlen.<\/p>\n<p>6. Bezahlung<br>6.1 Die Zahlungen werden \u00fcber die auf der Website angegebenen Sicherheitsma\u00dfnahmen get\u00e4tigt.<br>6.2 Jede Bestellung ist zum Zeitpunkt der Validierung in voller H\u00f6he zahlbar.<\/p>\n<p>7. Versandhandel<br>7.1 Die Produkte werden an die bei der Bestellung angegebene Adresse geliefert.<br>7.2 Les d\u00e9lais de livraison sont estimatifs et ne peuvent donner lieu \u00e0 indemnisation<br>en cas de retard.<\/p>\n<p>8. R\u00fccktrittsrecht<br>8.1 Gem\u00e4\u00df luxemburgischem Recht verf\u00fcgen Sie \u00fcber 14 Tage Zeit, um folgende Rechte auszu\u00fcben<br>Ihr R\u00fccktrittsrecht, ausgenommen f\u00fcr pers\u00f6nliche Produkte und Kartons<br>8.2 Die Kosten f\u00fcr die R\u00fccksendung gehen zu Lasten des Kunden, au\u00dfer im Falle eines defekten Produkts.<br>ou erreur de livraison.<\/p>\n<p>9. Besondere Bedingungen f\u00fcr die Ausstellung von Berechtigungsscheinen<br>9.1 Verwendung: Die Werbekarten sind nur auf der Website g\u00fcltig.<br>www.andyschleckcycles.lu und in den Boutiquen von Andy Schleck Cycles.<br>9.2 G\u00fcltigkeit: Die Werbekarten haben eine G\u00fcltigkeitsdauer von 12 Monaten unter Ber\u00fccksichtigung der<br>das Datum des Kaufs.<br>9.3 Nicht umtauschbar: Die Werbekarten d\u00fcrfen nicht gegen andere Karten ausgetauscht werden.<br>l'argent, sauf obligation l\u00e9gale.<br>9.4 Perte ou Vol : En cas de perte ou de vol, les cartes cadeaux ne seront pas<br>remplac\u00e9es.<br>9.5 Valeur Partielle : Si la commande est inf\u00e9rieure au montant de la carte cadeau,<br>Der verbleibende Akku kann f\u00fcr einen n\u00e4chsten Befehl verwendet werden.<\/p>\n<p>10. Garantie und Apr\u00e8s-Vente-Service<br>10.1 F\u00fcr alle Produkte gilt die gesetzliche Konformit\u00e4tsgarantie und die Garantie f\u00fcr die<br>eine Garantie f\u00fcr den Schutz vor Verlusten gem\u00e4\u00df den geltenden gesetzlichen Bestimmungen<br>in Luxemburg.<\/p>\n<p>11. Personenbezogene Daten<br>Die im Rahmen der Bestellung gesammelten Informationen werden gem\u00e4\u00df den folgenden Bestimmungen behandelt<br>notre politique de confidentialit\u00e9, disponible sur le site www.andyschleckcycles.<\/p>\n<p>12. Verantwortlichkeit<br>12.1 Einschr\u00e4nkung: Die Verantwortung von Andy Schleck Cycles S\u00e0rl ist beschr\u00e4nkt auf<br>montant de la commande.<br>12.2 F\u00e4lle von h\u00f6herer Gewalt: Das Unternehmen darf nicht f\u00fcr die Folgen von<br>Verz\u00f6gerungen oder Unerledigungen aufgrund von Umst\u00e4nden, die von seinem Willen unabh\u00e4ngig sind.<\/p>\n<p>13. Anwendbares Recht und Rechtsstreitigkeiten<br>13.1 Die vorliegenden CGV sind nach luxemburgischem Recht geregelt.<br>13.2 Im Falle eines Rechtsstreits sind die zust\u00e4ndigen luxemburgischen Gerichte ausschlie\u00dflich befugt<br>\u00e0 statuer.<br>Pour toute question, veuillez nous contacter \u00e0 info@asc.lu.<\/p>\n<p><\/p>\t\t\t\t\t\t\t\t<\/div>\n\t\t\t\t\t<\/div>\n\t\t\t\t<\/div>\n\t\t\t\t<\/div>","protected":false},"excerpt":{"rendered":"<p>Conditions G\u00e9n\u00e9rales de Vente en Ligne 1. Objet Les pr\u00e9sentes conditions g\u00e9n\u00e9rales de vente (CGV) r\u00e9gissent les relationscontractuelles entre Andy Schleck Cycles S\u00e0rl, exploitant du sitewww.andyschleckcycles.lu, et toute personne effectuant un achat via ce site, ycompris l\u2019achat de cartes cadeaux \u00e9lectroniques. 2. Acceptation des ConditionsEn passant commande sur le site, vous acceptez sans r\u00e9serve les &hellip; <a href=\"https:\/\/andyschleckcycles.lu\/de\/bedingungen\/\" class=\"more-link\">Lesen Sie weiter <span class=\"screen-reader-text\">Gesch\u00e4ftsbedingungen<\/span><\/a><\/p>","protected":false},"author":1,"featured_media":0,"parent":0,"menu_order":0,"comment_status":"closed","ping_status":"closed","template":"","meta":{"footnotes":""},"folder":[],"class_list":["post-12","page","type-page","status-publish","hentry"],"_links":{"self":[{"href":"https:\/\/andyschleckcycles.lu\/de\/wp-json\/wp\/v2\/pages\/12","targetHints":{"allow":["GET"]}}],"collection":[{"href":"https:\/\/andyschleckcycles.lu\/de\/wp-json\/wp\/v2\/pages"}],"about":[{"href":"https:\/\/andyschleckcycles.lu\/de\/wp-json\/wp\/v2\/types\/page"}],"author":[{"embeddable":true,"href":"https:\/\/andyschleckcycles.lu\/de\/wp-json\/wp\/v2\/users\/1"}],"replies":[{"embeddable":true,"href":"https:\/\/andyschleckcycles.lu\/de\/wp-json\/wp\/v2\/comments?post=12"}],"version-history":[{"count":8,"href":"https:\/\/andyschleckcycles.lu\/de\/wp-json\/wp\/v2\/pages\/12\/revisions"}],"predecessor-version":[{"id":24132,"href":"https:\/\/andyschleckcycles.lu\/de\/wp-json\/wp\/v2\/pages\/12\/revisions\/24132"}],"wp:attachment":[{"href":"https:\/\/andyschleckcycles.lu\/de\/wp-json\/wp\/v2\/media?parent=12"}],"wp:term":[{"taxonomy":"folder","embeddable":true,"href":"https:\/\/andyschleckcycles.lu\/de\/wp-json\/wp\/v2\/folder?post=12"}],"curies":[{"name":"wp","href":"https:\/\/api.w.org\/{rel}","templated":true}]}}